{"id":6086,"date":"2024-12-06T10:37:42","date_gmt":"2024-12-06T09:37:42","guid":{"rendered":"https:\/\/mis.dk\/?page_id=6086"},"modified":"2025-03-31T13:06:38","modified_gmt":"2025-03-31T11:06:38","slug":"knusning-af-jernbaneskaerver","status":"publish","type":"page","link":"https:\/\/mis.dk\/sv\/railservice\/knusning-af-jernbaneskaerver\/","title":{"rendered":"Krossning av j\u00e4rnv\u00e4gssk\u00e4rvor"},"content":{"rendered":"<div data-elementor-type=\"wp-page\" data-elementor-id=\"6086\" class=\"elementor elementor-6086\" data-elementor-post-type=\"page\">\n\t\t\t\t\t\t<section class=\"elementor-section elementor-top-section elementor-element elementor-element-8dc0825 elementor-section-boxed elementor-section-height-default elementor-section-height-default\" data-id=\"8dc0825\" data-element_type=\"section\" data-settings=\"{&quot;background_background&quot;:&quot;classic&quot;}\">\n\t\t\t\t\t\t\t<div class=\"elementor-background-overlay\"><\/div>\n\t\t\t\t\t\t\t<div class=\"elementor-container elementor-column-gap-default\">\n\t\t\t\t\t<div class=\"elementor-column elementor-col-100 elementor-top-column elementor-element elementor-element-4ce05c0\" data-id=\"4ce05c0\" data-element_type=\"column\">\n\t\t\t<div class=\"elementor-widget-wrap elementor-element-populated\">\n\t\t\t\t\t\t<section class=\"elementor-section elementor-inner-section elementor-element elementor-element-da7e3e3 elementor-section-boxed elementor-section-height-default elementor-section-height-default\" data-id=\"da7e3e3\" data-element_type=\"section\">\n\t\t\t\t\t\t<div class=\"elementor-container elementor-column-gap-default\">\n\t\t\t\t\t<div class=\"elementor-column elementor-col-50 elementor-inner-column elementor-element elementor-element-aada707\" data-id=\"aada707\" data-element_type=\"column\">\n\t\t\t<div class=\"elementor-widget-wrap elementor-element-populated\">\n\t\t\t\t\t\t<div class=\"elementor-element elementor-element-7bd43c9 elementor-widget elementor-widget-breadcrumbs\" data-id=\"7bd43c9\" data-element_type=\"widget\" data-widget_type=\"breadcrumbs.default\">\n\t\t\t\t<div class=\"elementor-widget-container\">\n\t\t\t\t\t<p id=\"breadcrumbs\"><span><span><a href=\"https:\/\/mis.dk\/sv\/\">Hem<\/a><\/span><\/span><\/p>\t\t\t\t<\/div>\n\t\t\t\t<\/div>\n\t\t\t\t<div class=\"elementor-element elementor-element-bc1950e elementor-widget elementor-widget-heading\" data-id=\"bc1950e\" data-element_type=\"widget\" data-widget_type=\"heading.default\">\n\t\t\t\t<div class=\"elementor-widget-container\">\n\t\t\t\t\t<h1 class=\"elementor-heading-title elementor-size-default\">Krossning av j\u00e4rnv\u00e4gssk\u00e4rvor<\/h1>\t\t\t\t<\/div>\n\t\t\t\t<\/div>\n\t\t\t\t\t<\/div>\n\t\t<\/div>\n\t\t\t\t<div class=\"elementor-column elementor-col-50 elementor-inner-column elementor-element elementor-element-ae0d20d\" data-id=\"ae0d20d\" data-element_type=\"column\">\n\t\t\t<div class=\"elementor-widget-wrap\">\n\t\t\t\t\t\t\t<\/div>\n\t\t<\/div>\n\t\t\t\t\t<\/div>\n\t\t<\/section>\n\t\t\t\t\t<\/div>\n\t\t<\/div>\n\t\t\t\t\t<\/div>\n\t\t<\/section>\n\t\t\t\t<section class=\"elementor-section elementor-top-section elementor-element elementor-element-b1909de elementor-section-boxed elementor-section-height-default elementor-section-height-default\" data-id=\"b1909de\" data-element_type=\"section\" data-settings=\"{&quot;background_background&quot;:&quot;classic&quot;}\">\n\t\t\t\t\t\t\t<div class=\"elementor-background-overlay\"><\/div>\n\t\t\t\t\t\t\t<div class=\"elementor-container elementor-column-gap-default\">\n\t\t\t\t\t<div class=\"elementor-column elementor-col-100 elementor-top-column elementor-element elementor-element-de0f6be\" data-id=\"de0f6be\" data-element_type=\"column\">\n\t\t\t<div class=\"elementor-widget-wrap elementor-element-populated\">\n\t\t\t\t\t\t<section class=\"elementor-section elementor-inner-section elementor-element elementor-element-589bc46 elementor-section-boxed elementor-section-height-default elementor-section-height-default\" data-id=\"589bc46\" data-element_type=\"section\">\n\t\t\t\t\t\t<div class=\"elementor-container elementor-column-gap-default\">\n\t\t\t\t\t<div class=\"elementor-column elementor-col-50 elementor-inner-column elementor-element elementor-element-1afa313\" data-id=\"1afa313\" data-element_type=\"column\">\n\t\t\t<div class=\"elementor-widget-wrap elementor-element-populated\">\n\t\t\t\t\t\t<div class=\"elementor-element elementor-element-821aa8f elementor-widget elementor-widget-heading\" data-id=\"821aa8f\" data-element_type=\"widget\" data-widget_type=\"heading.default\">\n\t\t\t\t<div class=\"elementor-widget-container\">\n\t\t\t\t\t<h2 class=\"elementor-heading-title elementor-size-default\">Knusning af jernbanesk\u00e6rver \u2013 effektiv genanvendelse onsite<\/h2>\t\t\t\t<\/div>\n\t\t\t\t<\/div>\n\t\t\t\t<div class=\"elementor-element elementor-element-8fd78fb elementor-widget elementor-widget-text-editor\" data-id=\"8fd78fb\" data-element_type=\"widget\" data-widget_type=\"text-editor.default\">\n\t\t\t\t<div class=\"elementor-widget-container\">\n\t\t\t\t\t\t\t\t\t<p>N\u00e5r sorteringen er gennemf\u00f8rt, g\u00e5r vi direkte videre til <strong>knusning af jernbanesk\u00e6rverne<\/strong> \u2013 og det hele foreg\u00e5r <strong>hos kunden<\/strong>. Vi opstiller vores mobile knuseanl\u00e6g p\u00e5 pladsen og forarbejder sk\u00e6rverne til nye fraktioner, klar til genbrug i fx asfalt, stabilgrus eller fyldlag.<\/p>\t\t\t\t\t\t\t\t<\/div>\n\t\t\t\t<\/div>\n\t\t\t\t<div class=\"elementor-element elementor-element-47eca0a elementor-widget elementor-widget-heading\" data-id=\"47eca0a\" data-element_type=\"widget\" data-widget_type=\"heading.default\">\n\t\t\t\t<div class=\"elementor-widget-container\">\n\t\t\t\t\t<p class=\"elementor-heading-title elementor-size-default\">Vi kan tilpasse produktionen efter behov:<\/p>\t\t\t\t<\/div>\n\t\t\t\t<\/div>\n\t\t\t\t<div class=\"elementor-element elementor-element-8fb632f elementor-widget elementor-widget-text-editor\" data-id=\"8fb632f\" data-element_type=\"widget\" data-widget_type=\"text-editor.default\">\n\t\t\t\t<div class=\"elementor-widget-container\">\n\t\t\t\t\t\t\t\t\t<ul><li><strong>Stabilt grus 0\u201332 mm<\/strong>, der opfylder kravene til <strong>DS 402 ST 2<\/strong><\/li><li><strong>Asfaltsk\u00e6rver i de \u00f8nskede fraktioner<\/strong>, klar til brug i ny asfaltproduktion<\/li><\/ul>\t\t\t\t\t\t\t\t<\/div>\n\t\t\t\t<\/div>\n\t\t\t\t<div class=\"elementor-element elementor-element-f1b3e4e elementor-widget elementor-widget-heading\" data-id=\"f1b3e4e\" data-element_type=\"widget\" data-widget_type=\"heading.default\">\n\t\t\t\t<div class=\"elementor-widget-container\">\n\t\t\t\t\t<p class=\"elementor-heading-title elementor-size-default\">MIS kan tilbyde og forest\u00e5 al n\u00f8dvendig dokumentation, herunder:<\/p>\t\t\t\t<\/div>\n\t\t\t\t<\/div>\n\t\t\t\t<div class=\"elementor-element elementor-element-7589786 elementor-widget elementor-widget-text-editor\" data-id=\"7589786\" data-element_type=\"widget\" data-widget_type=\"text-editor.default\">\n\t\t\t\t<div class=\"elementor-widget-container\">\n\t\t\t\t\t\t\t\t\t<ul><li><strong>Sigteanalyser<\/strong>, s\u00e5 materialet matcher kravspecifikationer<\/li><\/ul><ul><li><strong>Renhedstests<\/strong>, inkl. methylene blue og finstofm\u00e5ling<\/li><li><strong>CO\u2082-rapport<\/strong> p\u00e5 jeres projekt<\/li><\/ul>\t\t\t\t\t\t\t\t<\/div>\n\t\t\t\t<\/div>\n\t\t\t\t<div class=\"elementor-element elementor-element-4a66121 elementor-widget elementor-widget-heading\" data-id=\"4a66121\" data-element_type=\"widget\" data-widget_type=\"heading.default\">\n\t\t\t\t<div class=\"elementor-widget-container\">\n\t\t\t\t\t<p class=\"elementor-heading-title elementor-size-default\">Vi tilbyder ogs\u00e5:<\/p>\t\t\t\t<\/div>\n\t\t\t\t<\/div>\n\t\t\t\t<div class=\"elementor-element elementor-element-6a91ee6 elementor-widget elementor-widget-text-editor\" data-id=\"6a91ee6\" data-element_type=\"widget\" data-widget_type=\"text-editor.default\">\n\t\t\t\t<div class=\"elementor-widget-container\">\n\t\t\t\t\t\t\t\t\t<ul><li><strong>Att stapla upp<\/strong> i miler efter kundens \u00f8nske<\/li><li><strong>L\u00e6sning<\/strong> af det f\u00e6rdige produkt \u2013 klar til transport eller intern brug<\/li><\/ul><p>\u00a0<\/p><p>Vi arbejder med <strong>stor kapacitet<\/strong> og har fokus p\u00e5 at minimere <strong>st\u00f8v og st\u00f8j<\/strong> i hele processen. Med moderne udstyr og erfarne operat\u00f8rer sikrer vi, at arbejdet udf\u00f8res effektivt og hensynsfuldt \u2013 ogs\u00e5 i f\u00f8lsomme omgivelser.<\/p><p>Med os som samarbejdspartner f\u00e5r du et komplet produkt \u2013 <strong>dokumenteret, klar til brug og leveret direkte fra din egen plads.<\/strong><\/p>\t\t\t\t\t\t\t\t<\/div>\n\t\t\t\t<\/div>\n\t\t\t\t<div class=\"elementor-element elementor-element-6583e4d elementor-widget elementor-widget-button\" data-id=\"6583e4d\" data-element_type=\"widget\" data-widget_type=\"button.default\">\n\t\t\t\t<div class=\"elementor-widget-container\">\n\t\t\t\t\t\t\t\t\t<div class=\"elementor-button-wrapper\">\n\t\t\t\t\t<a class=\"elementor-button elementor-button-link elementor-size-sm\" href=\"https:\/\/mis.dk\/sv\/her-finder-du-os\/\">\n\t\t\t\t\t\t<span class=\"elementor-button-content-wrapper\">\n\t\t\t\t\t\t\t\t\t<span class=\"elementor-button-text\">Kontakt MIS<\/span>\n\t\t\t\t\t<\/span>\n\t\t\t\t\t<\/a>\n\t\t\t\t<\/div>\n\t\t\t\t\t\t\t\t<\/div>\n\t\t\t\t<\/div>\n\t\t\t\t\t<\/div>\n\t\t<\/div>\n\t\t\t\t<div class=\"elementor-column elementor-col-50 elementor-inner-column elementor-element elementor-element-1a7c479\" data-id=\"1a7c479\" data-element_type=\"column\">\n\t\t\t<div class=\"elementor-widget-wrap elementor-element-populated\">\n\t\t\t\t\t\t<div class=\"elementor-element elementor-element-b3e09e0 elementor-widget elementor-widget-video\" data-id=\"b3e09e0\" data-element_type=\"widget\" data-settings=\"{&quot;video_type&quot;:&quot;hosted&quot;,&quot;controls&quot;:&quot;yes&quot;}\" data-widget_type=\"video.default\">\n\t\t\t\t<div class=\"elementor-widget-container\">\n\t\t\t\t\t\t\t<div class=\"e-hosted-video elementor-wrapper elementor-open-inline\">\n\t\t\t\t\t<video class=\"elementor-video\" src=\"https:\/\/mis.dk\/wp-content\/uploads\/2024\/12\/Sortering-Af-Jernbaneskaerver.mp4\" controls=\"\" preload=\"metadata\" controlslist=\"nodownload\"><\/video>\n\t\t\t\t<\/div>\n\t\t\t\t\t\t<\/div>\n\t\t\t\t<\/div>\n\t\t\t\t<div class=\"elementor-element elementor-element-7be3997 elementor-widget elementor-widget-heading\" data-id=\"7be3997\" data-element_type=\"widget\" data-widget_type=\"heading.default\">\n\t\t\t\t<div class=\"elementor-widget-container\">\n\t\t\t\t\t<h5 class=\"elementor-heading-title elementor-size-default\">Letar efter n\u00e5gonting?<\/h5>\t\t\t\t<\/div>\n\t\t\t\t<\/div>\n\t\t\t\t<div class=\"elementor-element elementor-element-7936256 elementor-icon-list--layout-traditional elementor-list-item-link-full_width elementor-widget elementor-widget-icon-list\" data-id=\"7936256\" data-element_type=\"widget\" data-widget_type=\"icon-list.default\">\n\t\t\t\t<div class=\"elementor-widget-container\">\n\t\t\t\t\t\t\t<ul class=\"elementor-icon-list-items\">\n\t\t\t\t\t\t\t<li class=\"elementor-icon-list-item\">\n\t\t\t\t\t\t\t\t\t\t\t<a href=\"\/sv\/railservice\/\">\n\n\t\t\t\t\t\t\t\t\t\t\t\t<span class=\"elementor-icon-list-icon\">\n\t\t\t\t\t\t\t<svg aria-hidden=\"true\" class=\"e-font-icon-svg e-fas-caret-right\" viewbox=\"0 0 192 512\" xmlns=\"http:\/\/www.w3.org\/2000\/svg\"><path d=\"M0 384.662V127.338c0-17.818 21.543-26.741 34.142-14.142l128.662 128.662c7.81 7.81 7.81 20.474 0 28.284L34.142 398.804C21.543 411.404 0 402.48 0 384.662z\"><\/path><\/svg>\t\t\t\t\t\t<\/span>\n\t\t\t\t\t\t\t\t\t\t<span class=\"elementor-icon-list-text\">Railservice hos MIS Recycling<\/span>\n\t\t\t\t\t\t\t\t\t\t\t<\/a>\n\t\t\t\t\t\t\t\t\t<\/li>\n\t\t\t\t\t\t\t\t<li class=\"elementor-icon-list-item\">\n\t\t\t\t\t\t\t\t\t\t\t<a href=\"\/sv\/railservice\/sortering-af-jernbaneskaerver\/\">\n\n\t\t\t\t\t\t\t\t\t\t\t\t<span class=\"elementor-icon-list-icon\">\n\t\t\t\t\t\t\t<svg aria-hidden=\"true\" class=\"e-font-icon-svg e-fas-caret-right\" viewbox=\"0 0 192 512\" xmlns=\"http:\/\/www.w3.org\/2000\/svg\"><path d=\"M0 384.662V127.338c0-17.818 21.543-26.741 34.142-14.142l128.662 128.662c7.81 7.81 7.81 20.474 0 28.284L34.142 398.804C21.543 411.404 0 402.48 0 384.662z\"><\/path><\/svg>\t\t\t\t\t\t<\/span>\n\t\t\t\t\t\t\t\t\t\t<span class=\"elementor-icon-list-text\">Sortering av j\u00e4rnv\u00e4gsskrot<\/span>\n\t\t\t\t\t\t\t\t\t\t\t<\/a>\n\t\t\t\t\t\t\t\t\t<\/li>\n\t\t\t\t\t\t\t\t<li class=\"elementor-icon-list-item\">\n\t\t\t\t\t\t\t\t\t\t\t<a href=\"\/sv\/railservice\/knusning-af-jernbanesveller\/\">\n\n\t\t\t\t\t\t\t\t\t\t\t\t<span class=\"elementor-icon-list-icon\">\n\t\t\t\t\t\t\t<svg aria-hidden=\"true\" class=\"e-font-icon-svg e-fas-caret-right\" viewbox=\"0 0 192 512\" xmlns=\"http:\/\/www.w3.org\/2000\/svg\"><path d=\"M0 384.662V127.338c0-17.818 21.543-26.741 34.142-14.142l128.662 128.662c7.81 7.81 7.81 20.474 0 28.284L34.142 398.804C21.543 411.404 0 402.48 0 384.662z\"><\/path><\/svg>\t\t\t\t\t\t<\/span>\n\t\t\t\t\t\t\t\t\t\t<span class=\"elementor-icon-list-text\">Krossning av j\u00e4rnv\u00e4gssyllar<\/span>\n\t\t\t\t\t\t\t\t\t\t\t<\/a>\n\t\t\t\t\t\t\t\t\t<\/li>\n\t\t\t\t\t\t<\/ul>\n\t\t\t\t\t\t<\/div>\n\t\t\t\t<\/div>\n\t\t\t\t\t<\/div>\n\t\t<\/div>\n\t\t\t\t\t<\/div>\n\t\t<\/section>\n\t\t\t\t\t<\/div>\n\t\t<\/div>\n\t\t\t\t\t<\/div>\n\t\t<\/section>\n\t\t\t\t<\/div>","protected":false},"excerpt":{"rendered":"<p>Knusning af jernbanesk\u00e6rver \u2013 effektiv genanvendelse onsite N\u00e5r sorteringen er gennemf\u00f8rt, g\u00e5r vi direkte videre til knusning af jernbanesk\u00e6rverne \u2013 og det hele foreg\u00e5r hos kunden. Vi opstiller vores mobile knuseanl\u00e6g p\u00e5 pladsen og forarbejder sk\u00e6rverne til nye fraktioner, klar til genbrug i fx asfalt, stabilgrus eller fyldlag. Vi kan tilpasse produktionen efter behov: Stabilt [&hellip;]<\/p>","protected":false},"author":12,"featured_media":0,"parent":5233,"menu_order":0,"comment_status":"closed","ping_status":"closed","template":"","meta":{"iawp_total_views":154,"footnotes":""},"class_list":["post-6086","page","type-page","status-publish","hentry"],"yoast_head":"<!-- This site is optimized with the Yoast SEO plugin v24.1 - https:\/\/yoast.com\/wordpress\/plugins\/seo\/ -->\n<title>Knusning af jernbanesk\u00e6rver - MIS Recycling<\/title>\n<meta name=\"robots\" content=\"index, follow, max-snippet:-1, max-image-preview:large, max-video-preview:-1\" \/>\n<link rel=\"canonical\" href=\"https:\/\/mis.dk\/sv\/railservice\/knusning-af-jernbaneskaerver\/\" \/>\n<meta property=\"og:locale\" content=\"sv_SE\" \/>\n<meta property=\"og:type\" content=\"article\" \/>\n<meta property=\"og:title\" content=\"Knusning af jernbanesk\u00e6rver - MIS Recycling\" \/>\n<meta property=\"og:description\" content=\"Knusning af jernbanesk\u00e6rver \u2013 effektiv genanvendelse onsite N\u00e5r sorteringen er gennemf\u00f8rt, g\u00e5r vi direkte videre til knusning af jernbanesk\u00e6rverne \u2013 og det hele foreg\u00e5r hos kunden. Vi opstiller vores mobile knuseanl\u00e6g p\u00e5 pladsen og forarbejder sk\u00e6rverne til nye fraktioner, klar til genbrug i fx asfalt, stabilgrus eller fyldlag. Vi kan tilpasse produktionen efter behov: Stabilt [&hellip;]\" \/>\n<meta property=\"og:url\" content=\"https:\/\/mis.dk\/sv\/railservice\/knusning-af-jernbaneskaerver\/\" \/>\n<meta property=\"og:site_name\" content=\"MIS Recycling\" \/>\n<meta property=\"article:modified_time\" content=\"2025-03-31T11:06:38+00:00\" \/>\n<meta name=\"twitter:card\" content=\"summary_large_image\" \/>\n<meta name=\"twitter:label1\" content=\"Ber\u00e4knad l\u00e4stid\" \/>\n\t<meta name=\"twitter:data1\" content=\"2 minuter\" \/>\n<script type=\"application\/ld+json\" class=\"yoast-schema-graph\">{\"@context\":\"https:\/\/schema.org\",\"@graph\":[{\"@type\":\"WebPage\",\"@id\":\"https:\/\/mis.dk\/railservice\/knusning-af-jernbaneskaerver\/\",\"url\":\"https:\/\/mis.dk\/railservice\/knusning-af-jernbaneskaerver\/\",\"name\":\"Knusning af jernbanesk\u00e6rver - MIS Recycling\",\"isPartOf\":{\"@id\":\"https:\/\/mis.dk\/#website\"},\"datePublished\":\"2024-12-06T09:37:42+00:00\",\"dateModified\":\"2025-03-31T11:06:38+00:00\",\"breadcrumb\":{\"@id\":\"https:\/\/mis.dk\/railservice\/knusning-af-jernbaneskaerver\/#breadcrumb\"},\"inLanguage\":\"sv-SE\",\"potentialAction\":[{\"@type\":\"ReadAction\",\"target\":[\"https:\/\/mis.dk\/railservice\/knusning-af-jernbaneskaerver\/\"]}]},{\"@type\":\"BreadcrumbList\",\"@id\":\"https:\/\/mis.dk\/railservice\/knusning-af-jernbaneskaerver\/#breadcrumb\",\"itemListElement\":[{\"@type\":\"ListItem\",\"position\":1,\"name\":\"Hjem\",\"item\":\"https:\/\/mis.dk\/\"},{\"@type\":\"ListItem\",\"position\":2,\"name\":\"Railservice\",\"item\":\"https:\/\/mis.dk\/railservice\/\"},{\"@type\":\"ListItem\",\"position\":3,\"name\":\"Knusning af jernbanesk\u00e6rver\"}]},{\"@type\":\"WebSite\",\"@id\":\"https:\/\/mis.dk\/#website\",\"url\":\"https:\/\/mis.dk\/\",\"name\":\"MIS Recycling\",\"description\":\"GENANVENDELSE ER SUND FORNUFT OG GOD \u00d8KONOMI\",\"publisher\":{\"@id\":\"https:\/\/mis.dk\/#organization\"},\"potentialAction\":[{\"@type\":\"SearchAction\",\"target\":{\"@type\":\"EntryPoint\",\"urlTemplate\":\"https:\/\/mis.dk\/?s={search_term_string}\"},\"query-input\":{\"@type\":\"PropertyValueSpecification\",\"valueRequired\":true,\"valueName\":\"search_term_string\"}}],\"inLanguage\":\"sv-SE\"},{\"@type\":\"Organization\",\"@id\":\"https:\/\/mis.dk\/#organization\",\"name\":\"MIS Recycling\",\"url\":\"https:\/\/mis.dk\/\",\"logo\":{\"@type\":\"ImageObject\",\"inLanguage\":\"sv-SE\",\"@id\":\"https:\/\/mis.dk\/#\/schema\/logo\/image\/\",\"url\":\"https:\/\/mis.dk\/wp-content\/uploads\/2022\/07\/mis-logo.png\",\"contentUrl\":\"https:\/\/mis.dk\/wp-content\/uploads\/2022\/07\/mis-logo.png\",\"width\":110,\"height\":78,\"caption\":\"MIS Recycling\"},\"image\":{\"@id\":\"https:\/\/mis.dk\/#\/schema\/logo\/image\/\"}}]}<\/script>\n<!-- \/ Yoast SEO plugin. -->","yoast_head_json":{"title":"Knusning af jernbanesk\u00e6rver - MIS Recycling","robots":{"index":"index","follow":"follow","max-snippet":"max-snippet:-1","max-image-preview":"max-image-preview:large","max-video-preview":"max-video-preview:-1"},"canonical":"https:\/\/mis.dk\/sv\/railservice\/knusning-af-jernbaneskaerver\/","og_locale":"sv_SE","og_type":"article","og_title":"Knusning af jernbanesk\u00e6rver - MIS Recycling","og_description":"Knusning af jernbanesk\u00e6rver \u2013 effektiv genanvendelse onsite N\u00e5r sorteringen er gennemf\u00f8rt, g\u00e5r vi direkte videre til knusning af jernbanesk\u00e6rverne \u2013 og det hele foreg\u00e5r hos kunden. Vi opstiller vores mobile knuseanl\u00e6g p\u00e5 pladsen og forarbejder sk\u00e6rverne til nye fraktioner, klar til genbrug i fx asfalt, stabilgrus eller fyldlag. Vi kan tilpasse produktionen efter behov: Stabilt [&hellip;]","og_url":"https:\/\/mis.dk\/sv\/railservice\/knusning-af-jernbaneskaerver\/","og_site_name":"MIS Recycling","article_modified_time":"2025-03-31T11:06:38+00:00","twitter_card":"summary_large_image","twitter_misc":{"Ber\u00e4knad l\u00e4stid":"2 minuter"},"schema":{"@context":"https:\/\/schema.org","@graph":[{"@type":"WebPage","@id":"https:\/\/mis.dk\/railservice\/knusning-af-jernbaneskaerver\/","url":"https:\/\/mis.dk\/railservice\/knusning-af-jernbaneskaerver\/","name":"Knusning af jernbanesk\u00e6rver - MIS Recycling","isPartOf":{"@id":"https:\/\/mis.dk\/#website"},"datePublished":"2024-12-06T09:37:42+00:00","dateModified":"2025-03-31T11:06:38+00:00","breadcrumb":{"@id":"https:\/\/mis.dk\/railservice\/knusning-af-jernbaneskaerver\/#breadcrumb"},"inLanguage":"sv-SE","potentialAction":[{"@type":"ReadAction","target":["https:\/\/mis.dk\/railservice\/knusning-af-jernbaneskaerver\/"]}]},{"@type":"BreadcrumbList","@id":"https:\/\/mis.dk\/railservice\/knusning-af-jernbaneskaerver\/#breadcrumb","itemListElement":[{"@type":"ListItem","position":1,"name":"Hjem","item":"https:\/\/mis.dk\/"},{"@type":"ListItem","position":2,"name":"Railservice","item":"https:\/\/mis.dk\/railservice\/"},{"@type":"ListItem","position":3,"name":"Knusning af jernbanesk\u00e6rver"}]},{"@type":"WebSite","@id":"https:\/\/mis.dk\/#website","url":"https:\/\/mis.dk\/","name":"MIS Recycling","description":"GENANVENDELSE ER SUND FORNUFT OG GOD \u00d8KONOMI","publisher":{"@id":"https:\/\/mis.dk\/#organization"},"potentialAction":[{"@type":"SearchAction","target":{"@type":"EntryPoint","urlTemplate":"https:\/\/mis.dk\/?s={search_term_string}"},"query-input":{"@type":"PropertyValueSpecification","valueRequired":true,"valueName":"search_term_string"}}],"inLanguage":"sv-SE"},{"@type":"Organization","@id":"https:\/\/mis.dk\/#organization","name":"MIS Recycling","url":"https:\/\/mis.dk\/","logo":{"@type":"ImageObject","inLanguage":"sv-SE","@id":"https:\/\/mis.dk\/#\/schema\/logo\/image\/","url":"https:\/\/mis.dk\/wp-content\/uploads\/2022\/07\/mis-logo.png","contentUrl":"https:\/\/mis.dk\/wp-content\/uploads\/2022\/07\/mis-logo.png","width":110,"height":78,"caption":"MIS Recycling"},"image":{"@id":"https:\/\/mis.dk\/#\/schema\/logo\/image\/"}}]}},"_links":{"self":[{"href":"https:\/\/mis.dk\/sv\/wp-json\/wp\/v2\/pages\/6086","targetHints":{"allow":["GET"]}}],"collection":[{"href":"https:\/\/mis.dk\/sv\/wp-json\/wp\/v2\/pages"}],"about":[{"href":"https:\/\/mis.dk\/sv\/wp-json\/wp\/v2\/types\/page"}],"author":[{"embeddable":true,"href":"https:\/\/mis.dk\/sv\/wp-json\/wp\/v2\/users\/12"}],"replies":[{"embeddable":true,"href":"https:\/\/mis.dk\/sv\/wp-json\/wp\/v2\/comments?post=6086"}],"version-history":[{"count":28,"href":"https:\/\/mis.dk\/sv\/wp-json\/wp\/v2\/pages\/6086\/revisions"}],"predecessor-version":[{"id":6364,"href":"https:\/\/mis.dk\/sv\/wp-json\/wp\/v2\/pages\/6086\/revisions\/6364"}],"up":[{"embeddable":true,"href":"https:\/\/mis.dk\/sv\/wp-json\/wp\/v2\/pages\/5233"}],"wp:attachment":[{"href":"https:\/\/mis.dk\/sv\/wp-json\/wp\/v2\/media?parent=6086"}],"curies":[{"name":"wp","href":"https:\/\/api.w.org\/{rel}","templated":true}]}}