{"id":6081,"date":"2024-12-06T10:36:47","date_gmt":"2024-12-06T09:36:47","guid":{"rendered":"https:\/\/mis.dk\/?page_id=6081"},"modified":"2025-03-31T13:07:34","modified_gmt":"2025-03-31T11:07:34","slug":"sortering-af-jernbaneskaerver","status":"publish","type":"page","link":"https:\/\/mis.dk\/sv\/railservice\/sortering-af-jernbaneskaerver\/","title":{"rendered":"Sortering av j\u00e4rnv\u00e4gsskrot"},"content":{"rendered":"<div data-elementor-type=\"wp-page\" data-elementor-id=\"6081\" class=\"elementor elementor-6081\" data-elementor-post-type=\"page\">\n\t\t\t\t\t\t<section class=\"elementor-section elementor-top-section elementor-element elementor-element-246e7a2 elementor-section-boxed elementor-section-height-default elementor-section-height-default\" data-id=\"246e7a2\" data-element_type=\"section\" data-settings=\"{&quot;background_background&quot;:&quot;classic&quot;}\">\n\t\t\t\t\t\t\t<div class=\"elementor-background-overlay\"><\/div>\n\t\t\t\t\t\t\t<div class=\"elementor-container elementor-column-gap-default\">\n\t\t\t\t\t<div class=\"elementor-column elementor-col-100 elementor-top-column elementor-element elementor-element-dfb7243\" data-id=\"dfb7243\" data-element_type=\"column\">\n\t\t\t<div class=\"elementor-widget-wrap elementor-element-populated\">\n\t\t\t\t\t\t<section class=\"elementor-section elementor-inner-section elementor-element elementor-element-c8711a6 elementor-section-boxed elementor-section-height-default elementor-section-height-default\" data-id=\"c8711a6\" data-element_type=\"section\">\n\t\t\t\t\t\t<div class=\"elementor-container elementor-column-gap-default\">\n\t\t\t\t\t<div class=\"elementor-column elementor-col-50 elementor-inner-column elementor-element elementor-element-f8ccdfd\" data-id=\"f8ccdfd\" data-element_type=\"column\">\n\t\t\t<div class=\"elementor-widget-wrap elementor-element-populated\">\n\t\t\t\t\t\t<div class=\"elementor-element elementor-element-1471f9c elementor-widget elementor-widget-breadcrumbs\" data-id=\"1471f9c\" data-element_type=\"widget\" data-widget_type=\"breadcrumbs.default\">\n\t\t\t\t<div class=\"elementor-widget-container\">\n\t\t\t\t\t<p id=\"breadcrumbs\"><span><span><a href=\"https:\/\/mis.dk\/sv\/\">Hem<\/a><\/span><\/span><\/p>\t\t\t\t<\/div>\n\t\t\t\t<\/div>\n\t\t\t\t<div class=\"elementor-element elementor-element-a1ed607 elementor-widget elementor-widget-heading\" data-id=\"a1ed607\" data-element_type=\"widget\" data-widget_type=\"heading.default\">\n\t\t\t\t<div class=\"elementor-widget-container\">\n\t\t\t\t\t<h1 class=\"elementor-heading-title elementor-size-default\">Sortering av j\u00e4rnv\u00e4gsskrot<\/h1>\t\t\t\t<\/div>\n\t\t\t\t<\/div>\n\t\t\t\t\t<\/div>\n\t\t<\/div>\n\t\t\t\t<div class=\"elementor-column elementor-col-50 elementor-inner-column elementor-element elementor-element-e1d3c8a\" data-id=\"e1d3c8a\" data-element_type=\"column\">\n\t\t\t<div class=\"elementor-widget-wrap\">\n\t\t\t\t\t\t\t<\/div>\n\t\t<\/div>\n\t\t\t\t\t<\/div>\n\t\t<\/section>\n\t\t\t\t\t<\/div>\n\t\t<\/div>\n\t\t\t\t\t<\/div>\n\t\t<\/section>\n\t\t\t\t<section class=\"elementor-section elementor-top-section elementor-element elementor-element-dc93e6e elementor-section-boxed elementor-section-height-default elementor-section-height-default\" data-id=\"dc93e6e\" data-element_type=\"section\" data-settings=\"{&quot;background_background&quot;:&quot;classic&quot;}\">\n\t\t\t\t\t\t\t<div class=\"elementor-background-overlay\"><\/div>\n\t\t\t\t\t\t\t<div class=\"elementor-container elementor-column-gap-default\">\n\t\t\t\t\t<div class=\"elementor-column elementor-col-100 elementor-top-column elementor-element elementor-element-358f6e0\" data-id=\"358f6e0\" data-element_type=\"column\">\n\t\t\t<div class=\"elementor-widget-wrap elementor-element-populated\">\n\t\t\t\t\t\t<section class=\"elementor-section elementor-inner-section elementor-element elementor-element-6436cd1 elementor-section-boxed elementor-section-height-default elementor-section-height-default\" data-id=\"6436cd1\" data-element_type=\"section\">\n\t\t\t\t\t\t<div class=\"elementor-container elementor-column-gap-default\">\n\t\t\t\t\t<div class=\"elementor-column elementor-col-50 elementor-inner-column elementor-element elementor-element-4c6df23\" data-id=\"4c6df23\" data-element_type=\"column\">\n\t\t\t<div class=\"elementor-widget-wrap elementor-element-populated\">\n\t\t\t\t\t\t<div class=\"elementor-element elementor-element-24845a1 elementor-widget elementor-widget-heading\" data-id=\"24845a1\" data-element_type=\"widget\" data-widget_type=\"heading.default\">\n\t\t\t\t<div class=\"elementor-widget-container\">\n\t\t\t\t\t<h2 class=\"elementor-heading-title elementor-size-default\">Sorteringsprocessen \u2013  N\u00e5r vi starter med railsk\u00e6rverne<\/h2>\t\t\t\t<\/div>\n\t\t\t\t<\/div>\n\t\t\t\t<div class=\"elementor-element elementor-element-6f16880 elementor-widget elementor-widget-text-editor\" data-id=\"6f16880\" data-element_type=\"widget\" data-widget_type=\"text-editor.default\">\n\t\t\t\t<div class=\"elementor-widget-container\">\n\t\t\t\t\t\t\t\t\t<p>N\u00e5r vi starter et sorteringsprojekt, og inden vi knuser noget som helst, begynder vi altid med en grundig sortering af de brugte railsk\u00e6rver \u2013 direkte hos kunden. Vi fjerner alt u\u00f8nsket: jernrester, affald og finstof, s\u00e5 vi st\u00e5r tilbage med et rent og kontrolleret materiale.<\/p><p>Sorteringen udf\u00f8res med <strong>mobile overb\u00e5ndsmagneter og sigteanl\u00e6g<\/strong>, som vi opstiller p\u00e5 pladsen. Det sikrer, at materialet allerede fra f\u00f8rste dag bliver behandlet <strong>effektivt og professionelt<\/strong> \u2013 med <strong>h\u00f8j kapacitet<\/strong> og fokus p\u00e5 at <strong>minimere st\u00f8v og st\u00f8j<\/strong>.<\/p><p>Vi kan desuden st\u00e5 for hele h\u00e5ndteringen omkring materialet:<\/p><ul><li><strong>Pr\u00f8vetagning<\/strong> til analyse og dokumentation<\/li><li><strong>Opstakning i miler<\/strong> til t\u00f8rring eller mellemopbevaring<\/li><li><strong>L\u00e6sning af det f\u00e6rdige produkt<\/strong>, klar til afhentning eller brug p\u00e5 pladsen<\/li><li><strong>Udsortering af sk\u00e6rver i fraktioner<\/strong>, klar til <strong>genindbygning som jernbanesk\u00e6rver<\/strong> \u2013 efter \u00f8nske og specifikation<\/li><li><strong>CO\u2082-rapport p\u00e5 jeres projekt<\/strong>, som dokumenterer klimagevinsten ved genanvendelse<\/li><\/ul>\t\t\t\t\t\t\t\t<\/div>\n\t\t\t\t<\/div>\n\t\t\t\t<div class=\"elementor-element elementor-element-89ac131 elementor-widget elementor-widget-text-editor\" data-id=\"89ac131\" data-element_type=\"widget\" data-widget_type=\"text-editor.default\">\n\t\t\t\t<div class=\"elementor-widget-container\">\n\t\t\t\t\t\t\t\t\t<p>Vi sikrer, at railsk\u00e6rverne bliver til en <strong>ren, dokumenteret og genanvendelig ressource<\/strong> \u2013 og vi h\u00e5ndterer det hele <strong>onsite<\/strong>, s\u00e5 du sparer b\u00e5de tid, transport og koordinering.<\/p>\t\t\t\t\t\t\t\t<\/div>\n\t\t\t\t<\/div>\n\t\t\t\t<div class=\"elementor-element elementor-element-2b55840 elementor-widget elementor-widget-button\" data-id=\"2b55840\" data-element_type=\"widget\" data-widget_type=\"button.default\">\n\t\t\t\t<div class=\"elementor-widget-container\">\n\t\t\t\t\t\t\t\t\t<div class=\"elementor-button-wrapper\">\n\t\t\t\t\t<a class=\"elementor-button elementor-button-link elementor-size-sm\" href=\"https:\/\/mis.dk\/sv\/her-finder-du-os\/\">\n\t\t\t\t\t\t<span class=\"elementor-button-content-wrapper\">\n\t\t\t\t\t\t\t\t\t<span class=\"elementor-button-text\">Kontakt MIS<\/span>\n\t\t\t\t\t<\/span>\n\t\t\t\t\t<\/a>\n\t\t\t\t<\/div>\n\t\t\t\t\t\t\t\t<\/div>\n\t\t\t\t<\/div>\n\t\t\t\t\t<\/div>\n\t\t<\/div>\n\t\t\t\t<div class=\"elementor-column elementor-col-50 elementor-inner-column elementor-element elementor-element-73dd039\" data-id=\"73dd039\" data-element_type=\"column\">\n\t\t\t<div class=\"elementor-widget-wrap elementor-element-populated\">\n\t\t\t\t\t\t<div class=\"elementor-element elementor-element-bdf014d elementor-widget elementor-widget-video\" data-id=\"bdf014d\" data-element_type=\"widget\" data-settings=\"{&quot;video_type&quot;:&quot;hosted&quot;,&quot;controls&quot;:&quot;yes&quot;}\" data-widget_type=\"video.default\">\n\t\t\t\t<div class=\"elementor-widget-container\">\n\t\t\t\t\t\t\t<div class=\"e-hosted-video elementor-wrapper elementor-open-inline\">\n\t\t\t\t\t<video class=\"elementor-video\" src=\"https:\/\/mis.dk\/wp-content\/uploads\/2024\/12\/Sortering-Af-Jernbaneskaerver.mp4\" controls=\"\" preload=\"metadata\" controlslist=\"nodownload\"><\/video>\n\t\t\t\t<\/div>\n\t\t\t\t\t\t<\/div>\n\t\t\t\t<\/div>\n\t\t\t\t<div class=\"elementor-element elementor-element-1da6f2a elementor-widget elementor-widget-heading\" data-id=\"1da6f2a\" data-element_type=\"widget\" data-widget_type=\"heading.default\">\n\t\t\t\t<div class=\"elementor-widget-container\">\n\t\t\t\t\t<h5 class=\"elementor-heading-title elementor-size-default\">Letar efter n\u00e5gonting?<\/h5>\t\t\t\t<\/div>\n\t\t\t\t<\/div>\n\t\t\t\t<div class=\"elementor-element elementor-element-8069fbc elementor-icon-list--layout-traditional elementor-list-item-link-full_width elementor-widget elementor-widget-icon-list\" data-id=\"8069fbc\" data-element_type=\"widget\" data-widget_type=\"icon-list.default\">\n\t\t\t\t<div class=\"elementor-widget-container\">\n\t\t\t\t\t\t\t<ul class=\"elementor-icon-list-items\">\n\t\t\t\t\t\t\t<li class=\"elementor-icon-list-item\">\n\t\t\t\t\t\t\t\t\t\t\t<a href=\"\/sv\/railservice\/\">\n\n\t\t\t\t\t\t\t\t\t\t\t\t<span class=\"elementor-icon-list-icon\">\n\t\t\t\t\t\t\t<svg aria-hidden=\"true\" class=\"e-font-icon-svg e-fas-caret-right\" viewbox=\"0 0 192 512\" xmlns=\"http:\/\/www.w3.org\/2000\/svg\"><path d=\"M0 384.662V127.338c0-17.818 21.543-26.741 34.142-14.142l128.662 128.662c7.81 7.81 7.81 20.474 0 28.284L34.142 398.804C21.543 411.404 0 402.48 0 384.662z\"><\/path><\/svg>\t\t\t\t\t\t<\/span>\n\t\t\t\t\t\t\t\t\t\t<span class=\"elementor-icon-list-text\">Railservice hos MIS Recycling<\/span>\n\t\t\t\t\t\t\t\t\t\t\t<\/a>\n\t\t\t\t\t\t\t\t\t<\/li>\n\t\t\t\t\t\t\t\t<li class=\"elementor-icon-list-item\">\n\t\t\t\t\t\t\t\t\t\t\t<a href=\"\/sv\/railservice\/knusning-af-jernbaneskaerver\/\">\n\n\t\t\t\t\t\t\t\t\t\t\t\t<span class=\"elementor-icon-list-icon\">\n\t\t\t\t\t\t\t<svg aria-hidden=\"true\" class=\"e-font-icon-svg e-fas-caret-right\" viewbox=\"0 0 192 512\" xmlns=\"http:\/\/www.w3.org\/2000\/svg\"><path d=\"M0 384.662V127.338c0-17.818 21.543-26.741 34.142-14.142l128.662 128.662c7.81 7.81 7.81 20.474 0 28.284L34.142 398.804C21.543 411.404 0 402.48 0 384.662z\"><\/path><\/svg>\t\t\t\t\t\t<\/span>\n\t\t\t\t\t\t\t\t\t\t<span class=\"elementor-icon-list-text\">Krossning av j\u00e4rnv\u00e4gssk\u00e4rvor<\/span>\n\t\t\t\t\t\t\t\t\t\t\t<\/a>\n\t\t\t\t\t\t\t\t\t<\/li>\n\t\t\t\t\t\t\t\t<li class=\"elementor-icon-list-item\">\n\t\t\t\t\t\t\t\t\t\t\t<a href=\"\/sv\/railservice\/knusning-af-jernbanesveller\/\">\n\n\t\t\t\t\t\t\t\t\t\t\t\t<span class=\"elementor-icon-list-icon\">\n\t\t\t\t\t\t\t<svg aria-hidden=\"true\" class=\"e-font-icon-svg e-fas-caret-right\" viewbox=\"0 0 192 512\" xmlns=\"http:\/\/www.w3.org\/2000\/svg\"><path d=\"M0 384.662V127.338c0-17.818 21.543-26.741 34.142-14.142l128.662 128.662c7.81 7.81 7.81 20.474 0 28.284L34.142 398.804C21.543 411.404 0 402.48 0 384.662z\"><\/path><\/svg>\t\t\t\t\t\t<\/span>\n\t\t\t\t\t\t\t\t\t\t<span class=\"elementor-icon-list-text\">Krossning av j\u00e4rnv\u00e4gssyllar<\/span>\n\t\t\t\t\t\t\t\t\t\t\t<\/a>\n\t\t\t\t\t\t\t\t\t<\/li>\n\t\t\t\t\t\t<\/ul>\n\t\t\t\t\t\t<\/div>\n\t\t\t\t<\/div>\n\t\t\t\t\t<\/div>\n\t\t<\/div>\n\t\t\t\t\t<\/div>\n\t\t<\/section>\n\t\t\t\t\t<\/div>\n\t\t<\/div>\n\t\t\t\t\t<\/div>\n\t\t<\/section>\n\t\t\t\t<\/div>","protected":false},"excerpt":{"rendered":"<p>Sorteringsprocessen \u2013 N\u00e5r vi starter med railsk\u00e6rverne N\u00e5r vi starter et sorteringsprojekt, og inden vi knuser noget som helst, begynder vi altid med en grundig sortering af de brugte railsk\u00e6rver \u2013 direkte hos kunden. Vi fjerner alt u\u00f8nsket: jernrester, affald og finstof, s\u00e5 vi st\u00e5r tilbage med et rent og kontrolleret materiale. Sorteringen udf\u00f8res med [&hellip;]<\/p>","protected":false},"author":12,"featured_media":0,"parent":5233,"menu_order":0,"comment_status":"closed","ping_status":"closed","template":"","meta":{"iawp_total_views":235,"footnotes":""},"class_list":["post-6081","page","type-page","status-publish","hentry"],"yoast_head":"<!-- This site is optimized with the Yoast SEO plugin v24.1 - https:\/\/yoast.com\/wordpress\/plugins\/seo\/ -->\n<title>Sortering af jernbanesk\u00e6rver - MIS Recycling<\/title>\n<meta name=\"robots\" content=\"index, follow, max-snippet:-1, max-image-preview:large, max-video-preview:-1\" \/>\n<link rel=\"canonical\" href=\"https:\/\/mis.dk\/sv\/railservice\/sortering-af-jernbaneskaerver\/\" \/>\n<meta property=\"og:locale\" content=\"sv_SE\" \/>\n<meta property=\"og:type\" content=\"article\" \/>\n<meta property=\"og:title\" content=\"Sortering af jernbanesk\u00e6rver - MIS Recycling\" \/>\n<meta property=\"og:description\" content=\"Sorteringsprocessen \u2013 N\u00e5r vi starter med railsk\u00e6rverne N\u00e5r vi starter et sorteringsprojekt, og inden vi knuser noget som helst, begynder vi altid med en grundig sortering af de brugte railsk\u00e6rver \u2013 direkte hos kunden. Vi fjerner alt u\u00f8nsket: jernrester, affald og finstof, s\u00e5 vi st\u00e5r tilbage med et rent og kontrolleret materiale. Sorteringen udf\u00f8res med [&hellip;]\" \/>\n<meta property=\"og:url\" content=\"https:\/\/mis.dk\/sv\/railservice\/sortering-af-jernbaneskaerver\/\" \/>\n<meta property=\"og:site_name\" content=\"MIS Recycling\" \/>\n<meta property=\"article:modified_time\" content=\"2025-03-31T11:07:34+00:00\" \/>\n<meta name=\"twitter:card\" content=\"summary_large_image\" \/>\n<meta name=\"twitter:label1\" content=\"Ber\u00e4knad l\u00e4stid\" \/>\n\t<meta name=\"twitter:data1\" content=\"2 minuter\" \/>\n<script type=\"application\/ld+json\" class=\"yoast-schema-graph\">{\"@context\":\"https:\/\/schema.org\",\"@graph\":[{\"@type\":\"WebPage\",\"@id\":\"https:\/\/mis.dk\/railservice\/sortering-af-jernbaneskaerver\/\",\"url\":\"https:\/\/mis.dk\/railservice\/sortering-af-jernbaneskaerver\/\",\"name\":\"Sortering af jernbanesk\u00e6rver - MIS Recycling\",\"isPartOf\":{\"@id\":\"https:\/\/mis.dk\/#website\"},\"datePublished\":\"2024-12-06T09:36:47+00:00\",\"dateModified\":\"2025-03-31T11:07:34+00:00\",\"breadcrumb\":{\"@id\":\"https:\/\/mis.dk\/railservice\/sortering-af-jernbaneskaerver\/#breadcrumb\"},\"inLanguage\":\"sv-SE\",\"potentialAction\":[{\"@type\":\"ReadAction\",\"target\":[\"https:\/\/mis.dk\/railservice\/sortering-af-jernbaneskaerver\/\"]}]},{\"@type\":\"BreadcrumbList\",\"@id\":\"https:\/\/mis.dk\/railservice\/sortering-af-jernbaneskaerver\/#breadcrumb\",\"itemListElement\":[{\"@type\":\"ListItem\",\"position\":1,\"name\":\"Hjem\",\"item\":\"https:\/\/mis.dk\/\"},{\"@type\":\"ListItem\",\"position\":2,\"name\":\"Railservice\",\"item\":\"https:\/\/mis.dk\/railservice\/\"},{\"@type\":\"ListItem\",\"position\":3,\"name\":\"Sortering af jernbanesk\u00e6rver\"}]},{\"@type\":\"WebSite\",\"@id\":\"https:\/\/mis.dk\/#website\",\"url\":\"https:\/\/mis.dk\/\",\"name\":\"MIS Recycling\",\"description\":\"GENANVENDELSE ER SUND FORNUFT OG GOD \u00d8KONOMI\",\"publisher\":{\"@id\":\"https:\/\/mis.dk\/#organization\"},\"potentialAction\":[{\"@type\":\"SearchAction\",\"target\":{\"@type\":\"EntryPoint\",\"urlTemplate\":\"https:\/\/mis.dk\/?s={search_term_string}\"},\"query-input\":{\"@type\":\"PropertyValueSpecification\",\"valueRequired\":true,\"valueName\":\"search_term_string\"}}],\"inLanguage\":\"sv-SE\"},{\"@type\":\"Organization\",\"@id\":\"https:\/\/mis.dk\/#organization\",\"name\":\"MIS Recycling\",\"url\":\"https:\/\/mis.dk\/\",\"logo\":{\"@type\":\"ImageObject\",\"inLanguage\":\"sv-SE\",\"@id\":\"https:\/\/mis.dk\/#\/schema\/logo\/image\/\",\"url\":\"https:\/\/mis.dk\/wp-content\/uploads\/2022\/07\/mis-logo.png\",\"contentUrl\":\"https:\/\/mis.dk\/wp-content\/uploads\/2022\/07\/mis-logo.png\",\"width\":110,\"height\":78,\"caption\":\"MIS Recycling\"},\"image\":{\"@id\":\"https:\/\/mis.dk\/#\/schema\/logo\/image\/\"}}]}<\/script>\n<!-- \/ Yoast SEO plugin. -->","yoast_head_json":{"title":"Sortering af jernbanesk\u00e6rver - MIS Recycling","robots":{"index":"index","follow":"follow","max-snippet":"max-snippet:-1","max-image-preview":"max-image-preview:large","max-video-preview":"max-video-preview:-1"},"canonical":"https:\/\/mis.dk\/sv\/railservice\/sortering-af-jernbaneskaerver\/","og_locale":"sv_SE","og_type":"article","og_title":"Sortering af jernbanesk\u00e6rver - MIS Recycling","og_description":"Sorteringsprocessen \u2013 N\u00e5r vi starter med railsk\u00e6rverne N\u00e5r vi starter et sorteringsprojekt, og inden vi knuser noget som helst, begynder vi altid med en grundig sortering af de brugte railsk\u00e6rver \u2013 direkte hos kunden. Vi fjerner alt u\u00f8nsket: jernrester, affald og finstof, s\u00e5 vi st\u00e5r tilbage med et rent og kontrolleret materiale. Sorteringen udf\u00f8res med [&hellip;]","og_url":"https:\/\/mis.dk\/sv\/railservice\/sortering-af-jernbaneskaerver\/","og_site_name":"MIS Recycling","article_modified_time":"2025-03-31T11:07:34+00:00","twitter_card":"summary_large_image","twitter_misc":{"Ber\u00e4knad l\u00e4stid":"2 minuter"},"schema":{"@context":"https:\/\/schema.org","@graph":[{"@type":"WebPage","@id":"https:\/\/mis.dk\/railservice\/sortering-af-jernbaneskaerver\/","url":"https:\/\/mis.dk\/railservice\/sortering-af-jernbaneskaerver\/","name":"Sortering af jernbanesk\u00e6rver - MIS Recycling","isPartOf":{"@id":"https:\/\/mis.dk\/#website"},"datePublished":"2024-12-06T09:36:47+00:00","dateModified":"2025-03-31T11:07:34+00:00","breadcrumb":{"@id":"https:\/\/mis.dk\/railservice\/sortering-af-jernbaneskaerver\/#breadcrumb"},"inLanguage":"sv-SE","potentialAction":[{"@type":"ReadAction","target":["https:\/\/mis.dk\/railservice\/sortering-af-jernbaneskaerver\/"]}]},{"@type":"BreadcrumbList","@id":"https:\/\/mis.dk\/railservice\/sortering-af-jernbaneskaerver\/#breadcrumb","itemListElement":[{"@type":"ListItem","position":1,"name":"Hjem","item":"https:\/\/mis.dk\/"},{"@type":"ListItem","position":2,"name":"Railservice","item":"https:\/\/mis.dk\/railservice\/"},{"@type":"ListItem","position":3,"name":"Sortering af jernbanesk\u00e6rver"}]},{"@type":"WebSite","@id":"https:\/\/mis.dk\/#website","url":"https:\/\/mis.dk\/","name":"MIS Recycling","description":"GENANVENDELSE ER SUND FORNUFT OG GOD \u00d8KONOMI","publisher":{"@id":"https:\/\/mis.dk\/#organization"},"potentialAction":[{"@type":"SearchAction","target":{"@type":"EntryPoint","urlTemplate":"https:\/\/mis.dk\/?s={search_term_string}"},"query-input":{"@type":"PropertyValueSpecification","valueRequired":true,"valueName":"search_term_string"}}],"inLanguage":"sv-SE"},{"@type":"Organization","@id":"https:\/\/mis.dk\/#organization","name":"MIS Recycling","url":"https:\/\/mis.dk\/","logo":{"@type":"ImageObject","inLanguage":"sv-SE","@id":"https:\/\/mis.dk\/#\/schema\/logo\/image\/","url":"https:\/\/mis.dk\/wp-content\/uploads\/2022\/07\/mis-logo.png","contentUrl":"https:\/\/mis.dk\/wp-content\/uploads\/2022\/07\/mis-logo.png","width":110,"height":78,"caption":"MIS Recycling"},"image":{"@id":"https:\/\/mis.dk\/#\/schema\/logo\/image\/"}}]}},"_links":{"self":[{"href":"https:\/\/mis.dk\/sv\/wp-json\/wp\/v2\/pages\/6081","targetHints":{"allow":["GET"]}}],"collection":[{"href":"https:\/\/mis.dk\/sv\/wp-json\/wp\/v2\/pages"}],"about":[{"href":"https:\/\/mis.dk\/sv\/wp-json\/wp\/v2\/types\/page"}],"author":[{"embeddable":true,"href":"https:\/\/mis.dk\/sv\/wp-json\/wp\/v2\/users\/12"}],"replies":[{"embeddable":true,"href":"https:\/\/mis.dk\/sv\/wp-json\/wp\/v2\/comments?post=6081"}],"version-history":[{"count":25,"href":"https:\/\/mis.dk\/sv\/wp-json\/wp\/v2\/pages\/6081\/revisions"}],"predecessor-version":[{"id":6370,"href":"https:\/\/mis.dk\/sv\/wp-json\/wp\/v2\/pages\/6081\/revisions\/6370"}],"up":[{"embeddable":true,"href":"https:\/\/mis.dk\/sv\/wp-json\/wp\/v2\/pages\/5233"}],"wp:attachment":[{"href":"https:\/\/mis.dk\/sv\/wp-json\/wp\/v2\/media?parent=6081"}],"curies":[{"name":"wp","href":"https:\/\/api.w.org\/{rel}","templated":true}]}}