{"id":6066,"date":"2024-12-06T10:20:31","date_gmt":"2024-12-06T09:20:31","guid":{"rendered":"https:\/\/mis.dk\/?page_id=6066"},"modified":"2025-03-31T13:06:56","modified_gmt":"2025-03-31T11:06:56","slug":"knusning-af-jernbanesveller","status":"publish","type":"page","link":"https:\/\/mis.dk\/sv\/railservice\/knusning-af-jernbanesveller\/","title":{"rendered":"Krossning av j\u00e4rnv\u00e4gssyllar"},"content":{"rendered":"<div data-elementor-type=\"wp-page\" data-elementor-id=\"6066\" class=\"elementor elementor-6066\" data-elementor-post-type=\"page\">\n\t\t\t\t\t\t<section class=\"elementor-section elementor-top-section elementor-element elementor-element-950ce9f elementor-section-boxed elementor-section-height-default elementor-section-height-default\" data-id=\"950ce9f\" data-element_type=\"section\" data-settings=\"{&quot;background_background&quot;:&quot;classic&quot;}\">\n\t\t\t\t\t\t\t<div class=\"elementor-background-overlay\"><\/div>\n\t\t\t\t\t\t\t<div class=\"elementor-container elementor-column-gap-default\">\n\t\t\t\t\t<div class=\"elementor-column elementor-col-100 elementor-top-column elementor-element elementor-element-4404498\" data-id=\"4404498\" data-element_type=\"column\">\n\t\t\t<div class=\"elementor-widget-wrap elementor-element-populated\">\n\t\t\t\t\t\t<section class=\"elementor-section elementor-inner-section elementor-element elementor-element-060cfda elementor-section-boxed elementor-section-height-default elementor-section-height-default\" data-id=\"060cfda\" data-element_type=\"section\">\n\t\t\t\t\t\t<div class=\"elementor-container elementor-column-gap-default\">\n\t\t\t\t\t<div class=\"elementor-column elementor-col-50 elementor-inner-column elementor-element elementor-element-448d940\" data-id=\"448d940\" data-element_type=\"column\">\n\t\t\t<div class=\"elementor-widget-wrap elementor-element-populated\">\n\t\t\t\t\t\t<div class=\"elementor-element elementor-element-1ee6f2b elementor-widget elementor-widget-breadcrumbs\" data-id=\"1ee6f2b\" data-element_type=\"widget\" data-widget_type=\"breadcrumbs.default\">\n\t\t\t\t<div class=\"elementor-widget-container\">\n\t\t\t\t\t<p id=\"breadcrumbs\"><span><span><a href=\"https:\/\/mis.dk\/sv\/\">Hem<\/a><\/span><\/span><\/p>\t\t\t\t<\/div>\n\t\t\t\t<\/div>\n\t\t\t\t<div class=\"elementor-element elementor-element-ffedcf4 elementor-widget elementor-widget-heading\" data-id=\"ffedcf4\" data-element_type=\"widget\" data-widget_type=\"heading.default\">\n\t\t\t\t<div class=\"elementor-widget-container\">\n\t\t\t\t\t<h1 class=\"elementor-heading-title elementor-size-default\">Krossning av j\u00e4rnv\u00e4gssyllar<\/h1>\t\t\t\t<\/div>\n\t\t\t\t<\/div>\n\t\t\t\t\t<\/div>\n\t\t<\/div>\n\t\t\t\t<div class=\"elementor-column elementor-col-50 elementor-inner-column elementor-element elementor-element-c1ce184\" data-id=\"c1ce184\" data-element_type=\"column\">\n\t\t\t<div class=\"elementor-widget-wrap\">\n\t\t\t\t\t\t\t<\/div>\n\t\t<\/div>\n\t\t\t\t\t<\/div>\n\t\t<\/section>\n\t\t\t\t\t<\/div>\n\t\t<\/div>\n\t\t\t\t\t<\/div>\n\t\t<\/section>\n\t\t\t\t<section class=\"elementor-section elementor-top-section elementor-element elementor-element-9cfb406 elementor-section-boxed elementor-section-height-default elementor-section-height-default\" data-id=\"9cfb406\" data-element_type=\"section\" data-settings=\"{&quot;background_background&quot;:&quot;classic&quot;}\">\n\t\t\t\t\t\t\t<div class=\"elementor-background-overlay\"><\/div>\n\t\t\t\t\t\t\t<div class=\"elementor-container elementor-column-gap-default\">\n\t\t\t\t\t<div class=\"elementor-column elementor-col-100 elementor-top-column elementor-element elementor-element-5f35d11\" data-id=\"5f35d11\" data-element_type=\"column\">\n\t\t\t<div class=\"elementor-widget-wrap elementor-element-populated\">\n\t\t\t\t\t\t<section class=\"elementor-section elementor-inner-section elementor-element elementor-element-e2a9da4 elementor-section-boxed elementor-section-height-default elementor-section-height-default\" data-id=\"e2a9da4\" data-element_type=\"section\">\n\t\t\t\t\t\t<div class=\"elementor-container elementor-column-gap-default\">\n\t\t\t\t\t<div class=\"elementor-column elementor-col-50 elementor-inner-column elementor-element elementor-element-bccf840\" data-id=\"bccf840\" data-element_type=\"column\">\n\t\t\t<div class=\"elementor-widget-wrap elementor-element-populated\">\n\t\t\t\t\t\t<div class=\"elementor-element elementor-element-8b936da elementor-widget elementor-widget-heading\" data-id=\"8b936da\" data-element_type=\"widget\" data-widget_type=\"heading.default\">\n\t\t\t\t<div class=\"elementor-widget-container\">\n\t\t\t\t\t<h2 class=\"elementor-heading-title elementor-size-default\">Knusning af jernbanesveller \u2013 vi klarer hele processen onsite<\/h2>\t\t\t\t<\/div>\n\t\t\t\t<\/div>\n\t\t\t\t<div class=\"elementor-element elementor-element-d01c785 elementor-widget elementor-widget-text-editor\" data-id=\"d01c785\" data-element_type=\"widget\" data-widget_type=\"text-editor.default\">\n\t\t\t\t<div class=\"elementor-widget-container\">\n\t\t\t\t\t\t\t\t\t<p><strong>N\u00e5r vi h\u00e5ndterer jernbanesveller, foreg\u00e5r det altid direkte hos kunden \u2013 og vi h\u00e5ndterer begge typer:<\/strong><\/p><ul><li><strong>Monoblok-sveller<\/strong> med indst\u00f8bt st\u00e5lwire<\/li><li><strong>Dueblok-sveller<\/strong> med vinkeljern mellem de to betonblokke<\/li><\/ul><p>\u00a0<\/p><p>Vi tilbyder b\u00e5de <strong>forknusning og slutknusning til 0\u201332 mm<\/strong>, og vi s\u00f8rger for, at alt jern og metal bliver effektivt fjernet og renset, s\u00e5 materialet er klar til videre genanvendelse.<\/p>\t\t\t\t\t\t\t\t<\/div>\n\t\t\t\t<\/div>\n\t\t\t\t<div class=\"elementor-element elementor-element-862fb23 elementor-widget elementor-widget-heading\" data-id=\"862fb23\" data-element_type=\"widget\" data-widget_type=\"heading.default\">\n\t\t\t\t<div class=\"elementor-widget-container\">\n\t\t\t\t\t<p class=\"elementor-heading-title elementor-size-default\">Vores proces inkluderer:<\/p>\t\t\t\t<\/div>\n\t\t\t\t<\/div>\n\t\t\t\t<div class=\"elementor-element elementor-element-eef49bb elementor-widget elementor-widget-text-editor\" data-id=\"eef49bb\" data-element_type=\"widget\" data-widget_type=\"text-editor.default\">\n\t\t\t\t<div class=\"elementor-widget-container\">\n\t\t\t\t\t\t\t\t\t<ul><li><strong>Knusning af beton med armering, vinkeljern og st\u00e5lwire<\/strong><\/li><li><strong>Udtag og rensning af jern og metaller<\/strong> med magneter<\/li><li><strong>Slutknusning til 0\u201332 mm<\/strong>, klar til brug som stabilgrus<\/li><li><strong>Effektiv sortering og bortskaffelse af eventuelle restmaterialer<\/strong><\/li><li><strong>Forknusning af store elementer<\/strong>, hvor det kr\u00e6ves<\/li><\/ul><p>\u00a0<\/p><p>Vi arbejder med <strong>h\u00f8j kapacitet<\/strong> og har altid fokus p\u00e5 at <strong>minimere st\u00f8j og st\u00f8v<\/strong> \u2013 is\u00e6r i omr\u00e5der, hvor der tages hensyn til naboer, milj\u00f8 eller drift p\u00e5 pladsen.<\/p>\t\t\t\t\t\t\t\t<\/div>\n\t\t\t\t<\/div>\n\t\t\t\t<div class=\"elementor-element elementor-element-70640a7 elementor-widget elementor-widget-heading\" data-id=\"70640a7\" data-element_type=\"widget\" data-widget_type=\"heading.default\">\n\t\t\t\t<div class=\"elementor-widget-container\">\n\t\t\t\t\t<span class=\"elementor-heading-title elementor-size-default\">Vi kan ogs\u00e5 levere:<\/span>\t\t\t\t<\/div>\n\t\t\t\t<\/div>\n\t\t\t\t<div class=\"elementor-element elementor-element-1da97f8 elementor-widget elementor-widget-text-editor\" data-id=\"1da97f8\" data-element_type=\"widget\" data-widget_type=\"text-editor.default\">\n\t\t\t\t<div class=\"elementor-widget-container\">\n\t\t\t\t\t\t\t\t\t<ul><li><strong>Pr\u00f8vetagning og sigteanalyser<\/strong><\/li><li><strong>CO\u2082-rapport p\u00e5 jeres projekt<\/strong><\/li><li><strong>Opstakning og l\u00e6sning<\/strong> af det f\u00e6rdige materiale p\u00e5 stedet<\/li><\/ul><p>\u00a0<\/p><p>Med MIS f\u00e5r du hele l\u00f8sningen leveret p\u00e5 din egen plads \u2013 <strong>fra r\u00e5 jernbanesveller til renset, genbrugsklart stabilgrus<\/strong> \u2013 dokumenteret og klar til ny anvendelse.<\/p>\t\t\t\t\t\t\t\t<\/div>\n\t\t\t\t<\/div>\n\t\t\t\t<div class=\"elementor-element elementor-element-bbe3b5b elementor-widget elementor-widget-button\" data-id=\"bbe3b5b\" data-element_type=\"widget\" data-widget_type=\"button.default\">\n\t\t\t\t<div class=\"elementor-widget-container\">\n\t\t\t\t\t\t\t\t\t<div class=\"elementor-button-wrapper\">\n\t\t\t\t\t<a class=\"elementor-button elementor-button-link elementor-size-sm\" href=\"https:\/\/mis.dk\/sv\/her-finder-du-os\/\">\n\t\t\t\t\t\t<span class=\"elementor-button-content-wrapper\">\n\t\t\t\t\t\t\t\t\t<span class=\"elementor-button-text\">Kontakt mis<\/span>\n\t\t\t\t\t<\/span>\n\t\t\t\t\t<\/a>\n\t\t\t\t<\/div>\n\t\t\t\t\t\t\t\t<\/div>\n\t\t\t\t<\/div>\n\t\t\t\t\t<\/div>\n\t\t<\/div>\n\t\t\t\t<div class=\"elementor-column elementor-col-50 elementor-inner-column elementor-element elementor-element-3a1486b\" data-id=\"3a1486b\" data-element_type=\"column\">\n\t\t\t<div class=\"elementor-widget-wrap elementor-element-populated\">\n\t\t\t\t\t\t<div class=\"elementor-element elementor-element-bbd250d elementor-widget elementor-widget-video\" data-id=\"bbd250d\" data-element_type=\"widget\" data-settings=\"{&quot;video_type&quot;:&quot;hosted&quot;,&quot;controls&quot;:&quot;yes&quot;}\" data-widget_type=\"video.default\">\n\t\t\t\t<div class=\"elementor-widget-container\">\n\t\t\t\t\t\t\t<div class=\"e-hosted-video elementor-wrapper elementor-open-inline\">\n\t\t\t\t\t<video class=\"elementor-video\" src=\"https:\/\/mis.dk\/wp-content\/uploads\/2024\/12\/Knusning-Af-Jernbanesveller.mp4\" controls=\"\" preload=\"metadata\" controlslist=\"nodownload\"><\/video>\n\t\t\t\t<\/div>\n\t\t\t\t\t\t<\/div>\n\t\t\t\t<\/div>\n\t\t\t\t<div class=\"elementor-element elementor-element-2e001ab elementor-widget elementor-widget-heading\" data-id=\"2e001ab\" data-element_type=\"widget\" data-widget_type=\"heading.default\">\n\t\t\t\t<div class=\"elementor-widget-container\">\n\t\t\t\t\t<h5 class=\"elementor-heading-title elementor-size-default\">Letar efter n\u00e5gonting?<\/h5>\t\t\t\t<\/div>\n\t\t\t\t<\/div>\n\t\t\t\t<div class=\"elementor-element elementor-element-b321174 elementor-icon-list--layout-traditional elementor-list-item-link-full_width elementor-widget elementor-widget-icon-list\" data-id=\"b321174\" data-element_type=\"widget\" data-widget_type=\"icon-list.default\">\n\t\t\t\t<div class=\"elementor-widget-container\">\n\t\t\t\t\t\t\t<ul class=\"elementor-icon-list-items\">\n\t\t\t\t\t\t\t<li class=\"elementor-icon-list-item\">\n\t\t\t\t\t\t\t\t\t\t\t<a href=\"\/sv\/railservice\/\">\n\n\t\t\t\t\t\t\t\t\t\t\t\t<span class=\"elementor-icon-list-icon\">\n\t\t\t\t\t\t\t<svg aria-hidden=\"true\" class=\"e-font-icon-svg e-fas-caret-right\" viewbox=\"0 0 192 512\" xmlns=\"http:\/\/www.w3.org\/2000\/svg\"><path d=\"M0 384.662V127.338c0-17.818 21.543-26.741 34.142-14.142l128.662 128.662c7.81 7.81 7.81 20.474 0 28.284L34.142 398.804C21.543 411.404 0 402.48 0 384.662z\"><\/path><\/svg>\t\t\t\t\t\t<\/span>\n\t\t\t\t\t\t\t\t\t\t<span class=\"elementor-icon-list-text\">Railservice hos MIS Recycling<\/span>\n\t\t\t\t\t\t\t\t\t\t\t<\/a>\n\t\t\t\t\t\t\t\t\t<\/li>\n\t\t\t\t\t\t\t\t<li class=\"elementor-icon-list-item\">\n\t\t\t\t\t\t\t\t\t\t\t<a href=\"\/sv\/railservice\/sortering-af-jernbaneskaerver\/\">\n\n\t\t\t\t\t\t\t\t\t\t\t\t<span class=\"elementor-icon-list-icon\">\n\t\t\t\t\t\t\t<svg aria-hidden=\"true\" class=\"e-font-icon-svg e-fas-caret-right\" viewbox=\"0 0 192 512\" xmlns=\"http:\/\/www.w3.org\/2000\/svg\"><path d=\"M0 384.662V127.338c0-17.818 21.543-26.741 34.142-14.142l128.662 128.662c7.81 7.81 7.81 20.474 0 28.284L34.142 398.804C21.543 411.404 0 402.48 0 384.662z\"><\/path><\/svg>\t\t\t\t\t\t<\/span>\n\t\t\t\t\t\t\t\t\t\t<span class=\"elementor-icon-list-text\">Sortering av j\u00e4rnv\u00e4gsskrot<\/span>\n\t\t\t\t\t\t\t\t\t\t\t<\/a>\n\t\t\t\t\t\t\t\t\t<\/li>\n\t\t\t\t\t\t\t\t<li class=\"elementor-icon-list-item\">\n\t\t\t\t\t\t\t\t\t\t\t<a href=\"\/sv\/railservice\/knusning-af-jernbaneskaerver\/\">\n\n\t\t\t\t\t\t\t\t\t\t\t\t<span class=\"elementor-icon-list-icon\">\n\t\t\t\t\t\t\t<svg aria-hidden=\"true\" class=\"e-font-icon-svg e-fas-caret-right\" viewbox=\"0 0 192 512\" xmlns=\"http:\/\/www.w3.org\/2000\/svg\"><path d=\"M0 384.662V127.338c0-17.818 21.543-26.741 34.142-14.142l128.662 128.662c7.81 7.81 7.81 20.474 0 28.284L34.142 398.804C21.543 411.404 0 402.48 0 384.662z\"><\/path><\/svg>\t\t\t\t\t\t<\/span>\n\t\t\t\t\t\t\t\t\t\t<span class=\"elementor-icon-list-text\">Krossning av j\u00e4rnv\u00e4gssk\u00e4rvor<\/span>\n\t\t\t\t\t\t\t\t\t\t\t<\/a>\n\t\t\t\t\t\t\t\t\t<\/li>\n\t\t\t\t\t\t<\/ul>\n\t\t\t\t\t\t<\/div>\n\t\t\t\t<\/div>\n\t\t\t\t\t<\/div>\n\t\t<\/div>\n\t\t\t\t\t<\/div>\n\t\t<\/section>\n\t\t\t\t\t<\/div>\n\t\t<\/div>\n\t\t\t\t\t<\/div>\n\t\t<\/section>\n\t\t\t\t<\/div>","protected":false},"excerpt":{"rendered":"<p>Knusning af jernbanesveller \u2013 vi klarer hele processen onsite N\u00e5r vi h\u00e5ndterer jernbanesveller, foreg\u00e5r det altid direkte hos kunden \u2013 og vi h\u00e5ndterer begge typer: Monoblok-sveller med indst\u00f8bt st\u00e5lwire Dueblok-sveller med vinkeljern mellem de to betonblokke \u00a0 Vi tilbyder b\u00e5de forknusning og slutknusning til 0\u201332 mm, og vi s\u00f8rger for, at alt jern og metal [&hellip;]<\/p>","protected":false},"author":12,"featured_media":0,"parent":5233,"menu_order":0,"comment_status":"closed","ping_status":"closed","template":"","meta":{"iawp_total_views":241,"footnotes":""},"class_list":["post-6066","page","type-page","status-publish","hentry"],"yoast_head":"<!-- This site is optimized with the Yoast SEO plugin v24.1 - https:\/\/yoast.com\/wordpress\/plugins\/seo\/ -->\n<title>Knusning af jernbanesveller - MIS Recycling<\/title>\n<meta name=\"robots\" content=\"index, follow, max-snippet:-1, max-image-preview:large, max-video-preview:-1\" \/>\n<link rel=\"canonical\" href=\"https:\/\/mis.dk\/sv\/railservice\/knusning-af-jernbanesveller\/\" \/>\n<meta property=\"og:locale\" content=\"sv_SE\" \/>\n<meta property=\"og:type\" content=\"article\" \/>\n<meta property=\"og:title\" content=\"Knusning af jernbanesveller - MIS Recycling\" \/>\n<meta property=\"og:description\" content=\"Knusning af jernbanesveller \u2013 vi klarer hele processen onsite N\u00e5r vi h\u00e5ndterer jernbanesveller, foreg\u00e5r det altid direkte hos kunden \u2013 og vi h\u00e5ndterer begge typer: Monoblok-sveller med indst\u00f8bt st\u00e5lwire Dueblok-sveller med vinkeljern mellem de to betonblokke \u00a0 Vi tilbyder b\u00e5de forknusning og slutknusning til 0\u201332 mm, og vi s\u00f8rger for, at alt jern og metal [&hellip;]\" \/>\n<meta property=\"og:url\" content=\"https:\/\/mis.dk\/sv\/railservice\/knusning-af-jernbanesveller\/\" \/>\n<meta property=\"og:site_name\" content=\"MIS Recycling\" \/>\n<meta property=\"article:modified_time\" content=\"2025-03-31T11:06:56+00:00\" \/>\n<meta name=\"twitter:card\" content=\"summary_large_image\" \/>\n<meta name=\"twitter:label1\" content=\"Ber\u00e4knad l\u00e4stid\" \/>\n\t<meta name=\"twitter:data1\" content=\"2 minuter\" \/>\n<script type=\"application\/ld+json\" class=\"yoast-schema-graph\">{\"@context\":\"https:\/\/schema.org\",\"@graph\":[{\"@type\":\"WebPage\",\"@id\":\"https:\/\/mis.dk\/railservice\/knusning-af-jernbanesveller\/\",\"url\":\"https:\/\/mis.dk\/railservice\/knusning-af-jernbanesveller\/\",\"name\":\"Knusning af jernbanesveller - MIS Recycling\",\"isPartOf\":{\"@id\":\"https:\/\/mis.dk\/#website\"},\"datePublished\":\"2024-12-06T09:20:31+00:00\",\"dateModified\":\"2025-03-31T11:06:56+00:00\",\"breadcrumb\":{\"@id\":\"https:\/\/mis.dk\/railservice\/knusning-af-jernbanesveller\/#breadcrumb\"},\"inLanguage\":\"sv-SE\",\"potentialAction\":[{\"@type\":\"ReadAction\",\"target\":[\"https:\/\/mis.dk\/railservice\/knusning-af-jernbanesveller\/\"]}]},{\"@type\":\"BreadcrumbList\",\"@id\":\"https:\/\/mis.dk\/railservice\/knusning-af-jernbanesveller\/#breadcrumb\",\"itemListElement\":[{\"@type\":\"ListItem\",\"position\":1,\"name\":\"Hjem\",\"item\":\"https:\/\/mis.dk\/\"},{\"@type\":\"ListItem\",\"position\":2,\"name\":\"Railservice\",\"item\":\"https:\/\/mis.dk\/railservice\/\"},{\"@type\":\"ListItem\",\"position\":3,\"name\":\"Knusning af jernbanesveller\"}]},{\"@type\":\"WebSite\",\"@id\":\"https:\/\/mis.dk\/#website\",\"url\":\"https:\/\/mis.dk\/\",\"name\":\"MIS Recycling\",\"description\":\"GENANVENDELSE ER SUND FORNUFT OG GOD \u00d8KONOMI\",\"publisher\":{\"@id\":\"https:\/\/mis.dk\/#organization\"},\"potentialAction\":[{\"@type\":\"SearchAction\",\"target\":{\"@type\":\"EntryPoint\",\"urlTemplate\":\"https:\/\/mis.dk\/?s={search_term_string}\"},\"query-input\":{\"@type\":\"PropertyValueSpecification\",\"valueRequired\":true,\"valueName\":\"search_term_string\"}}],\"inLanguage\":\"sv-SE\"},{\"@type\":\"Organization\",\"@id\":\"https:\/\/mis.dk\/#organization\",\"name\":\"MIS Recycling\",\"url\":\"https:\/\/mis.dk\/\",\"logo\":{\"@type\":\"ImageObject\",\"inLanguage\":\"sv-SE\",\"@id\":\"https:\/\/mis.dk\/#\/schema\/logo\/image\/\",\"url\":\"https:\/\/mis.dk\/wp-content\/uploads\/2022\/07\/mis-logo.png\",\"contentUrl\":\"https:\/\/mis.dk\/wp-content\/uploads\/2022\/07\/mis-logo.png\",\"width\":110,\"height\":78,\"caption\":\"MIS Recycling\"},\"image\":{\"@id\":\"https:\/\/mis.dk\/#\/schema\/logo\/image\/\"}}]}<\/script>\n<!-- \/ Yoast SEO plugin. -->","yoast_head_json":{"title":"Knusning af jernbanesveller - MIS Recycling","robots":{"index":"index","follow":"follow","max-snippet":"max-snippet:-1","max-image-preview":"max-image-preview:large","max-video-preview":"max-video-preview:-1"},"canonical":"https:\/\/mis.dk\/sv\/railservice\/knusning-af-jernbanesveller\/","og_locale":"sv_SE","og_type":"article","og_title":"Knusning af jernbanesveller - MIS Recycling","og_description":"Knusning af jernbanesveller \u2013 vi klarer hele processen onsite N\u00e5r vi h\u00e5ndterer jernbanesveller, foreg\u00e5r det altid direkte hos kunden \u2013 og vi h\u00e5ndterer begge typer: Monoblok-sveller med indst\u00f8bt st\u00e5lwire Dueblok-sveller med vinkeljern mellem de to betonblokke \u00a0 Vi tilbyder b\u00e5de forknusning og slutknusning til 0\u201332 mm, og vi s\u00f8rger for, at alt jern og metal [&hellip;]","og_url":"https:\/\/mis.dk\/sv\/railservice\/knusning-af-jernbanesveller\/","og_site_name":"MIS Recycling","article_modified_time":"2025-03-31T11:06:56+00:00","twitter_card":"summary_large_image","twitter_misc":{"Ber\u00e4knad l\u00e4stid":"2 minuter"},"schema":{"@context":"https:\/\/schema.org","@graph":[{"@type":"WebPage","@id":"https:\/\/mis.dk\/railservice\/knusning-af-jernbanesveller\/","url":"https:\/\/mis.dk\/railservice\/knusning-af-jernbanesveller\/","name":"Knusning af jernbanesveller - MIS Recycling","isPartOf":{"@id":"https:\/\/mis.dk\/#website"},"datePublished":"2024-12-06T09:20:31+00:00","dateModified":"2025-03-31T11:06:56+00:00","breadcrumb":{"@id":"https:\/\/mis.dk\/railservice\/knusning-af-jernbanesveller\/#breadcrumb"},"inLanguage":"sv-SE","potentialAction":[{"@type":"ReadAction","target":["https:\/\/mis.dk\/railservice\/knusning-af-jernbanesveller\/"]}]},{"@type":"BreadcrumbList","@id":"https:\/\/mis.dk\/railservice\/knusning-af-jernbanesveller\/#breadcrumb","itemListElement":[{"@type":"ListItem","position":1,"name":"Hjem","item":"https:\/\/mis.dk\/"},{"@type":"ListItem","position":2,"name":"Railservice","item":"https:\/\/mis.dk\/railservice\/"},{"@type":"ListItem","position":3,"name":"Knusning af jernbanesveller"}]},{"@type":"WebSite","@id":"https:\/\/mis.dk\/#website","url":"https:\/\/mis.dk\/","name":"MIS Recycling","description":"GENANVENDELSE ER SUND FORNUFT OG GOD \u00d8KONOMI","publisher":{"@id":"https:\/\/mis.dk\/#organization"},"potentialAction":[{"@type":"SearchAction","target":{"@type":"EntryPoint","urlTemplate":"https:\/\/mis.dk\/?s={search_term_string}"},"query-input":{"@type":"PropertyValueSpecification","valueRequired":true,"valueName":"search_term_string"}}],"inLanguage":"sv-SE"},{"@type":"Organization","@id":"https:\/\/mis.dk\/#organization","name":"MIS Recycling","url":"https:\/\/mis.dk\/","logo":{"@type":"ImageObject","inLanguage":"sv-SE","@id":"https:\/\/mis.dk\/#\/schema\/logo\/image\/","url":"https:\/\/mis.dk\/wp-content\/uploads\/2022\/07\/mis-logo.png","contentUrl":"https:\/\/mis.dk\/wp-content\/uploads\/2022\/07\/mis-logo.png","width":110,"height":78,"caption":"MIS Recycling"},"image":{"@id":"https:\/\/mis.dk\/#\/schema\/logo\/image\/"}}]}},"_links":{"self":[{"href":"https:\/\/mis.dk\/sv\/wp-json\/wp\/v2\/pages\/6066","targetHints":{"allow":["GET"]}}],"collection":[{"href":"https:\/\/mis.dk\/sv\/wp-json\/wp\/v2\/pages"}],"about":[{"href":"https:\/\/mis.dk\/sv\/wp-json\/wp\/v2\/types\/page"}],"author":[{"embeddable":true,"href":"https:\/\/mis.dk\/sv\/wp-json\/wp\/v2\/users\/12"}],"replies":[{"embeddable":true,"href":"https:\/\/mis.dk\/sv\/wp-json\/wp\/v2\/comments?post=6066"}],"version-history":[{"count":44,"href":"https:\/\/mis.dk\/sv\/wp-json\/wp\/v2\/pages\/6066\/revisions"}],"predecessor-version":[{"id":6367,"href":"https:\/\/mis.dk\/sv\/wp-json\/wp\/v2\/pages\/6066\/revisions\/6367"}],"up":[{"embeddable":true,"href":"https:\/\/mis.dk\/sv\/wp-json\/wp\/v2\/pages\/5233"}],"wp:attachment":[{"href":"https:\/\/mis.dk\/sv\/wp-json\/wp\/v2\/media?parent=6066"}],"curies":[{"name":"wp","href":"https:\/\/api.w.org\/{rel}","templated":true}]}}