{"id":2386,"date":"2018-11-13T13:31:41","date_gmt":"2018-11-13T12:31:41","guid":{"rendered":"http:\/\/mis.dk\/?page_id=2386"},"modified":"2024-12-06T14:02:15","modified_gmt":"2024-12-06T13:02:15","slug":"neddeling2","status":"publish","type":"page","link":"https:\/\/mis.dk\/sv\/mis-rental\/neddeling2\/","title":{"rendered":"Neddelning"},"content":{"rendered":"<div data-elementor-type=\"wp-page\" data-elementor-id=\"2386\" class=\"elementor elementor-2386\" data-elementor-post-type=\"page\">\n\t\t\t\t\t\t<section class=\"elementor-section elementor-top-section elementor-element elementor-element-f016616 elementor-section-boxed elementor-section-height-default elementor-section-height-default\" data-id=\"f016616\" data-element_type=\"section\" data-settings=\"{&quot;background_background&quot;:&quot;classic&quot;}\">\n\t\t\t\t\t\t\t<div class=\"elementor-background-overlay\"><\/div>\n\t\t\t\t\t\t\t<div class=\"elementor-container elementor-column-gap-default\">\n\t\t\t\t\t<div class=\"elementor-column elementor-col-100 elementor-top-column elementor-element elementor-element-6e0eb9f\" data-id=\"6e0eb9f\" data-element_type=\"column\">\n\t\t\t<div class=\"elementor-widget-wrap elementor-element-populated\">\n\t\t\t\t\t\t<section class=\"elementor-section elementor-inner-section elementor-element elementor-element-d30d4a9 elementor-reverse-tablet elementor-section-boxed elementor-section-height-default elementor-section-height-default\" data-id=\"d30d4a9\" data-element_type=\"section\">\n\t\t\t\t\t\t<div class=\"elementor-container elementor-column-gap-default\">\n\t\t\t\t\t<div class=\"elementor-column elementor-col-50 elementor-inner-column elementor-element elementor-element-3d1c890\" data-id=\"3d1c890\" data-element_type=\"column\">\n\t\t\t<div class=\"elementor-widget-wrap elementor-element-populated\">\n\t\t\t\t\t\t<div class=\"elementor-element elementor-element-6761bb1 elementor-widget elementor-widget-heading\" data-id=\"6761bb1\" data-element_type=\"widget\" data-widget_type=\"heading.default\">\n\t\t\t\t<div class=\"elementor-widget-container\">\n\t\t\t\t\t<h2 class=\"elementor-heading-title elementor-size-default\">DISTRIBUTION<\/h2>\t\t\t\t<\/div>\n\t\t\t\t<\/div>\n\t\t\t\t<div class=\"elementor-element elementor-element-6a694e6 elementor-widget elementor-widget-text-editor\" data-id=\"6a694e6\" data-element_type=\"widget\" data-widget_type=\"text-editor.default\">\n\t\t\t\t<div class=\"elementor-widget-container\">\n\t\t\t\t\t\t\t\t\t<p>Nu \u00e4ter vi b\u00e5de knapriga stenar och spr\u00f6tt tr\u00e4! Bakkeg\u00e5rd A\/S som behandlar, bryter ner, komposterar och sorterar &quot;gr\u00f6nt avfall&quot; f\u00f6r t.ex. CO2-neutralt biobr\u00e4nsle har blivit en del av MIS Recycling. Vi har fler gr\u00f6na maskiner, fler m\u00e4n och kvinnor (som inte alls \u00e4r &quot;gr\u00f6na&quot;) och mer \u00e4n 50 \u00e5rs erfarenhet av gr\u00f6nt. Och tillsammans har vi blivit \u00e4nnu starkare. S\u00e5 nu kan du anv\u00e4nda oss, oavsett om vi vill s\u00e4tta t\u00e4nderna i en enda r\u00e4tt \u2013 eller \u00e4ta upp hela menyn.<\/p><p><strong>UPPM\u00c4RKSAMHET:<\/strong> Alla l\u00e4gre enheter hyrs endast ut med chauff\u00f6r.<\/p><p>Alla maskiner hyrs endast ut p\u00e5 m\u00e5nadsbasis.<\/p><p>Om du har n\u00e5gra fr\u00e5gor eller vill ha ett hyrespris, v\u00e4nligen ring oss p\u00e5: <a href=\"tel: 21 21 97 96\">21 21 97 96<\/a><\/p><p><span style=\"color: #ff6600;\"><span style=\"color: #000000;\">Se v\u00e5r <a href=\"https:\/\/mis.dk\/wp-content\/uploads\/2018\/01\/MIS_Rental_udlejningsbrochure_2019_u.pdf\">broschyr om alla hyrmaskiner<\/a><\/span><\/span><\/p>\t\t\t\t\t\t\t\t<\/div>\n\t\t\t\t<\/div>\n\t\t\t\t\t<\/div>\n\t\t<\/div>\n\t\t\t\t<div class=\"elementor-column elementor-col-50 elementor-inner-column elementor-element elementor-element-f5183ff\" data-id=\"f5183ff\" data-element_type=\"column\">\n\t\t\t<div class=\"elementor-widget-wrap elementor-element-populated\">\n\t\t\t\t\t\t<div class=\"elementor-element elementor-element-744921d elementor-widget elementor-widget-heading\" data-id=\"744921d\" data-element_type=\"widget\" data-widget_type=\"heading.default\">\n\t\t\t\t<div class=\"elementor-widget-container\">\n\t\t\t\t\t<h5 class=\"elementor-heading-title elementor-size-default\">\u00d6vriga uthyrningar<\/h5>\t\t\t\t<\/div>\n\t\t\t\t<\/div>\n\t\t\t\t<div class=\"elementor-element elementor-element-684d3cc elementor-icon-list--layout-traditional elementor-list-item-link-full_width elementor-widget elementor-widget-icon-list\" data-id=\"684d3cc\" data-element_type=\"widget\" data-widget_type=\"icon-list.default\">\n\t\t\t\t<div class=\"elementor-widget-container\">\n\t\t\t\t\t\t\t<ul class=\"elementor-icon-list-items\">\n\t\t\t\t\t\t\t<li class=\"elementor-icon-list-item\">\n\t\t\t\t\t\t\t\t\t\t\t<a href=\"https:\/\/mis.dk\/sv\/mis-rental-3__trashed\/gravemaskiner\/\">\n\n\t\t\t\t\t\t\t\t\t\t\t\t<span class=\"elementor-icon-list-icon\">\n\t\t\t\t\t\t\t<svg aria-hidden=\"true\" class=\"e-font-icon-svg e-fas-caret-right\" viewbox=\"0 0 192 512\" xmlns=\"http:\/\/www.w3.org\/2000\/svg\"><path d=\"M0 384.662V127.338c0-17.818 21.543-26.741 34.142-14.142l128.662 128.662c7.81 7.81 7.81 20.474 0 28.284L34.142 398.804C21.543 411.404 0 402.48 0 384.662z\"><\/path><\/svg>\t\t\t\t\t\t<\/span>\n\t\t\t\t\t\t\t\t\t\t<span class=\"elementor-icon-list-text\">Gr\u00e4vmaskin<\/span>\n\t\t\t\t\t\t\t\t\t\t\t<\/a>\n\t\t\t\t\t\t\t\t\t<\/li>\n\t\t\t\t\t\t\t\t<li class=\"elementor-icon-list-item\">\n\t\t\t\t\t\t\t\t\t\t\t<a href=\"https:\/\/mis.dk\/sv\/mis-rental-3__trashed\/gummigeder\/\">\n\n\t\t\t\t\t\t\t\t\t\t\t\t<span class=\"elementor-icon-list-icon\">\n\t\t\t\t\t\t\t<svg aria-hidden=\"true\" class=\"e-font-icon-svg e-fas-caret-right\" viewbox=\"0 0 192 512\" xmlns=\"http:\/\/www.w3.org\/2000\/svg\"><path d=\"M0 384.662V127.338c0-17.818 21.543-26.741 34.142-14.142l128.662 128.662c7.81 7.81 7.81 20.474 0 28.284L34.142 398.804C21.543 411.404 0 402.48 0 384.662z\"><\/path><\/svg>\t\t\t\t\t\t<\/span>\n\t\t\t\t\t\t\t\t\t\t<span class=\"elementor-icon-list-text\">Hjullastare<\/span>\n\t\t\t\t\t\t\t\t\t\t\t<\/a>\n\t\t\t\t\t\t\t\t\t<\/li>\n\t\t\t\t\t\t\t\t<li class=\"elementor-icon-list-item\">\n\t\t\t\t\t\t\t\t\t\t\t<a href=\"https:\/\/mis.dk\/sv\/laessemasker\/\">\n\n\t\t\t\t\t\t\t\t\t\t\t\t<span class=\"elementor-icon-list-icon\">\n\t\t\t\t\t\t\t<svg aria-hidden=\"true\" class=\"e-font-icon-svg e-fas-caret-right\" viewbox=\"0 0 192 512\" xmlns=\"http:\/\/www.w3.org\/2000\/svg\"><path d=\"M0 384.662V127.338c0-17.818 21.543-26.741 34.142-14.142l128.662 128.662c7.81 7.81 7.81 20.474 0 28.284L34.142 398.804C21.543 411.404 0 402.48 0 384.662z\"><\/path><\/svg>\t\t\t\t\t\t<\/span>\n\t\t\t\t\t\t\t\t\t\t<span class=\"elementor-icon-list-text\">Lastmaskin<\/span>\n\t\t\t\t\t\t\t\t\t\t\t<\/a>\n\t\t\t\t\t\t\t\t\t<\/li>\n\t\t\t\t\t\t\t\t<li class=\"elementor-icon-list-item\">\n\t\t\t\t\t\t\t\t\t\t\t<a href=\"https:\/\/mis.dk\/sv\/neddeling\/neddeling2\/\">\n\n\t\t\t\t\t\t\t\t\t\t\t\t<span class=\"elementor-icon-list-icon\">\n\t\t\t\t\t\t\t<svg aria-hidden=\"true\" class=\"e-font-icon-svg e-fas-caret-right\" viewbox=\"0 0 192 512\" xmlns=\"http:\/\/www.w3.org\/2000\/svg\"><path d=\"M0 384.662V127.338c0-17.818 21.543-26.741 34.142-14.142l128.662 128.662c7.81 7.81 7.81 20.474 0 28.284L34.142 398.804C21.543 411.404 0 402.48 0 384.662z\"><\/path><\/svg>\t\t\t\t\t\t<\/span>\n\t\t\t\t\t\t\t\t\t\t<span class=\"elementor-icon-list-text\">Dundelar<\/span>\n\t\t\t\t\t\t\t\t\t\t\t<\/a>\n\t\t\t\t\t\t\t\t\t<\/li>\n\t\t\t\t\t\t\t\t<li class=\"elementor-icon-list-item\">\n\t\t\t\t\t\t\t\t\t\t\t<a href=\"\/sv\/sortereanlaeg\/\">\n\n\t\t\t\t\t\t\t\t\t\t\t\t<span class=\"elementor-icon-list-icon\">\n\t\t\t\t\t\t\t<svg aria-hidden=\"true\" class=\"e-font-icon-svg e-fas-caret-right\" viewbox=\"0 0 192 512\" xmlns=\"http:\/\/www.w3.org\/2000\/svg\"><path d=\"M0 384.662V127.338c0-17.818 21.543-26.741 34.142-14.142l128.662 128.662c7.81 7.81 7.81 20.474 0 28.284L34.142 398.804C21.543 411.404 0 402.48 0 384.662z\"><\/path><\/svg>\t\t\t\t\t\t<\/span>\n\t\t\t\t\t\t\t\t\t\t<span class=\"elementor-icon-list-text\">SORTERINGSANL\u00c4GGNING<\/span>\n\t\t\t\t\t\t\t\t\t\t\t<\/a>\n\t\t\t\t\t\t\t\t\t<\/li>\n\t\t\t\t\t\t\t\t<li class=\"elementor-icon-list-item\">\n\t\t\t\t\t\t\t\t\t\t\t<a href=\"https:\/\/mis.dk\/sv\/mis-rental-3__trashed\/stakketransportoerer\/\">\n\n\t\t\t\t\t\t\t\t\t\t\t\t<span class=\"elementor-icon-list-icon\">\n\t\t\t\t\t\t\t<svg aria-hidden=\"true\" class=\"e-font-icon-svg e-fas-caret-right\" viewbox=\"0 0 192 512\" xmlns=\"http:\/\/www.w3.org\/2000\/svg\"><path d=\"M0 384.662V127.338c0-17.818 21.543-26.741 34.142-14.142l128.662 128.662c7.81 7.81 7.81 20.474 0 28.284L34.142 398.804C21.543 411.404 0 402.48 0 384.662z\"><\/path><\/svg>\t\t\t\t\t\t<\/span>\n\t\t\t\t\t\t\t\t\t\t<span class=\"elementor-icon-list-text\">STAPLARE<\/span>\n\t\t\t\t\t\t\t\t\t\t\t<\/a>\n\t\t\t\t\t\t\t\t\t<\/li>\n\t\t\t\t\t\t<\/ul>\n\t\t\t\t\t\t<\/div>\n\t\t\t\t<\/div>\n\t\t\t\t\t<\/div>\n\t\t<\/div>\n\t\t\t\t\t<\/div>\n\t\t<\/section>\n\t\t\t\t<section class=\"elementor-section elementor-inner-section elementor-element elementor-element-9fb4235 elementor-section-boxed elementor-section-height-default elementor-section-height-default\" data-id=\"9fb4235\" data-element_type=\"section\">\n\t\t\t\t\t\t<div class=\"elementor-container elementor-column-gap-default\">\n\t\t\t\t\t<div class=\"elementor-column elementor-col-100 elementor-inner-column elementor-element elementor-element-6761797\" data-id=\"6761797\" data-element_type=\"column\">\n\t\t\t<div class=\"elementor-widget-wrap elementor-element-populated\">\n\t\t\t\t\t\t\t<\/div>\n\t\t<\/div>\n\t\t\t\t\t<\/div>\n\t\t<\/section>\n\t\t\t\t<section class=\"elementor-section elementor-inner-section elementor-element elementor-element-ea0dc7b elementor-reverse-mobile elementor-section-boxed elementor-section-height-default elementor-section-height-default\" data-id=\"ea0dc7b\" data-element_type=\"section\">\n\t\t\t\t\t\t<div class=\"elementor-container elementor-column-gap-default\">\n\t\t\t\t\t<div class=\"elementor-column elementor-col-50 elementor-inner-column elementor-element elementor-element-5457f9d\" data-id=\"5457f9d\" data-element_type=\"column\">\n\t\t\t<div class=\"elementor-widget-wrap elementor-element-populated\">\n\t\t\t\t\t\t<div class=\"elementor-element elementor-element-fe6de12 elementor-widget elementor-widget-video\" data-id=\"fe6de12\" data-element_type=\"widget\" data-settings=\"{&quot;youtube_url&quot;:&quot;https:\\\/\\\/www.youtube.com\\\/watch?v=PwBWfLXukNk&quot;,&quot;video_type&quot;:&quot;youtube&quot;,&quot;controls&quot;:&quot;yes&quot;}\" data-widget_type=\"video.default\">\n\t\t\t\t<div class=\"elementor-widget-container\">\n\t\t\t\t\t\t\t<div class=\"elementor-wrapper elementor-open-inline\">\n\t\t\t<div class=\"elementor-video\"><\/div>\t\t<\/div>\n\t\t\t\t\t\t<\/div>\n\t\t\t\t<\/div>\n\t\t\t\t<div class=\"elementor-element elementor-element-da2931a elementor-cta--skin-cover elementor-cta--valign-bottom elementor-animated-content elementor-widget elementor-widget-call-to-action\" data-id=\"da2931a\" data-element_type=\"widget\" data-widget_type=\"call-to-action.default\">\n\t\t\t\t<div class=\"elementor-widget-container\">\n\t\t\t\t\t\t\t<a class=\"elementor-cta\" href=\"https:\/\/mis.dk\/sv\/her-finder-du-os\/\">\n\t\t\t\t\t<div class=\"elementor-cta__bg-wrapper\">\n\t\t\t\t<div class=\"elementor-cta__bg elementor-bg\" style=\"background-image: url(https:\/\/mis.dk\/wp-content\/uploads\/2018\/01\/MIS_Vindsigtning.jpg);\" role=\"img\" aria-label=\"Vindsiktning\"><\/div>\n\t\t\t\t<div class=\"elementor-cta__bg-overlay\"><\/div>\n\t\t\t<\/div>\n\t\t\t\t\t\t\t<div class=\"elementor-cta__content\">\n\t\t\t\t\n\t\t\t\t\t\t\t\t\t<h4 class=\"elementor-cta__title elementor-cta__content-item elementor-content-item elementor-animated-item--move-right\">\n\t\t\t\t\t\tSka vi hj\u00e4lpa dig?\t\t\t\t\t<\/h4>\n\t\t\t\t\n\t\t\t\t\n\t\t\t\t\t\t\t<\/div>\n\t\t\t\t\t\t<\/a>\n\t\t\t\t\t\t<\/div>\n\t\t\t\t<\/div>\n\t\t\t\t\t<\/div>\n\t\t<\/div>\n\t\t\t\t<div class=\"elementor-column elementor-col-50 elementor-inner-column elementor-element elementor-element-0163610\" data-id=\"0163610\" data-element_type=\"column\">\n\t\t\t<div class=\"elementor-widget-wrap elementor-element-populated\">\n\t\t\t\t\t\t<div class=\"elementor-element elementor-element-4b618d2 elementor-widget elementor-widget-heading\" data-id=\"4b618d2\" data-element_type=\"widget\" data-widget_type=\"heading.default\">\n\t\t\t\t<div class=\"elementor-widget-container\">\n\t\t\t\t\t<h2 class=\"elementor-heading-title elementor-size-default\">Nedbrytning till organiskt avfall<\/h2>\t\t\t\t<\/div>\n\t\t\t\t<\/div>\n\t\t\t\t<div class=\"elementor-element elementor-element-98841ba elementor-widget elementor-widget-text-editor\" data-id=\"98841ba\" data-element_type=\"widget\" data-widget_type=\"text-editor.default\">\n\t\t\t\t<div class=\"elementor-widget-container\">\n\t\t\t\t\t\t\t\t\t<p>Bryter du ner ditt organiska avfall kan det omvandlas till v\u00e4rdefulla material \u2013 t.ex. br\u00e4nsle till kraftv\u00e4rmeverk och f\u00f6rbr\u00e4nningsanl\u00e4ggningar. Efter nedbrytning f\u00e5r du ett material som b\u00e5de tar mindre plats och har helt nya anv\u00e4ndningsomr\u00e5den. T.ex. tr\u00e4dr\u00f6tter, stubbar eller stockar kan anv\u00e4ndas som biobr\u00e4nsle och krossat tr\u00e4avfall f\u00f6r tillverkning av sp\u00e5nskivor.<\/p><p>Vi har b\u00e5de l\u00e5ngsamma och snabbg\u00e5ende mobila neddelningsanl\u00e4ggningar som kan neddela organiskt material, tr\u00e4, slipers eller avfall i en rad olika storlekar.<\/p><p><strong>MIS Recycling g\u00e5r s\u00f6nder bland annat:<\/strong><\/p><ul><li>Tr\u00e4dg\u00e5rds-\/parkavfall<\/li><li>Deponeringsavfall<\/li><li>Tr\u00e4dr\u00f6tter, grenar och stammar<\/li><li>Europapallar, tr\u00e4l\u00e5dor mm.<\/li><li>Slipers<\/li><li>Tryckimpregnerat tr\u00e4<\/li><li>Grovspor<\/li><\/ul>\t\t\t\t\t\t\t\t<\/div>\n\t\t\t\t<\/div>\n\t\t\t\t\t<\/div>\n\t\t<\/div>\n\t\t\t\t\t<\/div>\n\t\t<\/section>\n\t\t\t\t\t<\/div>\n\t\t<\/div>\n\t\t\t\t\t<\/div>\n\t\t<\/section>\n\t\t\t\t<\/div>","protected":false},"excerpt":{"rendered":"<p>NEDDELING Nu \u00e6der vi b\u00e5de knasende sten og spr\u00f8dt tr\u00e6! Bakkeg\u00e5rd A\/S som bearbejder, neddeler, komposterer og sorterer \u201dgr\u00f8nt affald\u201d til bl.a. CO2-neutralt biobr\u00e6ndsel, er blevet en del af MIS Recycling. Vi har f\u00e5et flere gr\u00f8nne maskiner, flere m\u00e6nd og kvinder (som overhovedet ikke er \u201cgr\u00f8nne\u201d), og mere end 50 \u00e5rs gr\u00f8n erfaring. Og sammen [&hellip;]<\/p>","protected":false},"author":12,"featured_media":4041,"parent":3943,"menu_order":0,"comment_status":"closed","ping_status":"closed","template":"","meta":{"iawp_total_views":388,"footnotes":""},"class_list":["post-2386","page","type-page","status-publish","has-post-thumbnail","hentry"],"yoast_head":"<!-- This site is optimized with the Yoast SEO plugin v24.1 - https:\/\/yoast.com\/wordpress\/plugins\/seo\/ -->\n<title>Udlejning af neddeler - MIS Recycling<\/title>\n<meta name=\"description\" content=\"Bakkeg\u00e5rd A\/S som bearbejder, neddeler, komposterer og sorterer \u201dgr\u00f8nt affald\u201d er blevet en del af MIS -Derfor kan du leje en neddeler hos os\" \/>\n<meta name=\"robots\" content=\"index, follow, max-snippet:-1, max-image-preview:large, max-video-preview:-1\" \/>\n<link rel=\"canonical\" href=\"https:\/\/mis.dk\/sv\/mis-rental\/neddeling2\/\" \/>\n<meta property=\"og:locale\" content=\"sv_SE\" \/>\n<meta property=\"og:type\" content=\"article\" \/>\n<meta property=\"og:title\" content=\"Udlejning af neddeler - MIS Recycling\" \/>\n<meta property=\"og:description\" content=\"Bakkeg\u00e5rd A\/S som bearbejder, neddeler, komposterer og sorterer \u201dgr\u00f8nt affald\u201d er blevet en del af MIS -Derfor kan du leje en neddeler hos os\" \/>\n<meta property=\"og:url\" content=\"https:\/\/mis.dk\/sv\/mis-rental\/neddeling2\/\" \/>\n<meta property=\"og:site_name\" content=\"MIS Recycling\" \/>\n<meta property=\"article:modified_time\" content=\"2024-12-06T13:02:15+00:00\" \/>\n<meta property=\"og:image\" content=\"https:\/\/mis.dk\/wp-content\/uploads\/2020\/09\/neddeler.png\" \/>\n\t<meta property=\"og:image:width\" content=\"300\" \/>\n\t<meta property=\"og:image:height\" content=\"226\" \/>\n\t<meta property=\"og:image:type\" content=\"image\/png\" \/>\n<meta name=\"twitter:card\" content=\"summary_large_image\" \/>\n<meta name=\"twitter:label1\" content=\"Ber\u00e4knad l\u00e4stid\" \/>\n\t<meta name=\"twitter:data1\" content=\"2 minuter\" \/>\n<script type=\"application\/ld+json\" class=\"yoast-schema-graph\">{\"@context\":\"https:\/\/schema.org\",\"@graph\":[{\"@type\":\"WebPage\",\"@id\":\"https:\/\/mis.dk\/mis-rental\/neddeling2\/\",\"url\":\"https:\/\/mis.dk\/mis-rental\/neddeling2\/\",\"name\":\"Udlejning af neddeler - MIS Recycling\",\"isPartOf\":{\"@id\":\"https:\/\/mis.dk\/#website\"},\"primaryImageOfPage\":{\"@id\":\"https:\/\/mis.dk\/mis-rental\/neddeling2\/#primaryimage\"},\"image\":{\"@id\":\"https:\/\/mis.dk\/mis-rental\/neddeling2\/#primaryimage\"},\"thumbnailUrl\":\"https:\/\/mis.dk\/wp-content\/uploads\/2020\/09\/neddeler.png\",\"datePublished\":\"2018-11-13T12:31:41+00:00\",\"dateModified\":\"2024-12-06T13:02:15+00:00\",\"description\":\"Bakkeg\u00e5rd A\/S som bearbejder, neddeler, komposterer og sorterer \u201dgr\u00f8nt affald\u201d er blevet en del af MIS -Derfor kan du leje en neddeler hos os\",\"breadcrumb\":{\"@id\":\"https:\/\/mis.dk\/mis-rental\/neddeling2\/#breadcrumb\"},\"inLanguage\":\"sv-SE\",\"potentialAction\":[{\"@type\":\"ReadAction\",\"target\":[\"https:\/\/mis.dk\/mis-rental\/neddeling2\/\"]}]},{\"@type\":\"ImageObject\",\"inLanguage\":\"sv-SE\",\"@id\":\"https:\/\/mis.dk\/mis-rental\/neddeling2\/#primaryimage\",\"url\":\"https:\/\/mis.dk\/wp-content\/uploads\/2020\/09\/neddeler.png\",\"contentUrl\":\"https:\/\/mis.dk\/wp-content\/uploads\/2020\/09\/neddeler.png\",\"width\":300,\"height\":226,\"caption\":\"Neddeler\"},{\"@type\":\"BreadcrumbList\",\"@id\":\"https:\/\/mis.dk\/mis-rental\/neddeling2\/#breadcrumb\",\"itemListElement\":[{\"@type\":\"ListItem\",\"position\":1,\"name\":\"Hjem\",\"item\":\"https:\/\/mis.dk\/\"},{\"@type\":\"ListItem\",\"position\":2,\"name\":\"MIS RENTAL\",\"item\":\"https:\/\/mis.dk\/mis-rental\/\"},{\"@type\":\"ListItem\",\"position\":3,\"name\":\"Neddeling\"}]},{\"@type\":\"WebSite\",\"@id\":\"https:\/\/mis.dk\/#website\",\"url\":\"https:\/\/mis.dk\/\",\"name\":\"MIS Recycling\",\"description\":\"GENANVENDELSE ER SUND FORNUFT OG GOD \u00d8KONOMI\",\"publisher\":{\"@id\":\"https:\/\/mis.dk\/#organization\"},\"potentialAction\":[{\"@type\":\"SearchAction\",\"target\":{\"@type\":\"EntryPoint\",\"urlTemplate\":\"https:\/\/mis.dk\/?s={search_term_string}\"},\"query-input\":{\"@type\":\"PropertyValueSpecification\",\"valueRequired\":true,\"valueName\":\"search_term_string\"}}],\"inLanguage\":\"sv-SE\"},{\"@type\":\"Organization\",\"@id\":\"https:\/\/mis.dk\/#organization\",\"name\":\"MIS Recycling\",\"url\":\"https:\/\/mis.dk\/\",\"logo\":{\"@type\":\"ImageObject\",\"inLanguage\":\"sv-SE\",\"@id\":\"https:\/\/mis.dk\/#\/schema\/logo\/image\/\",\"url\":\"https:\/\/mis.dk\/wp-content\/uploads\/2022\/07\/mis-logo.png\",\"contentUrl\":\"https:\/\/mis.dk\/wp-content\/uploads\/2022\/07\/mis-logo.png\",\"width\":110,\"height\":78,\"caption\":\"MIS Recycling\"},\"image\":{\"@id\":\"https:\/\/mis.dk\/#\/schema\/logo\/image\/\"}}]}<\/script>\n<!-- \/ Yoast SEO plugin. -->","yoast_head_json":{"title":"Udlejning af neddeler - MIS Recycling","description":"Bakkeg\u00e5rd A\/S som bearbejder, neddeler, komposterer og sorterer \u201dgr\u00f8nt affald\u201d er blevet en del af MIS -Derfor kan du leje en neddeler hos os","robots":{"index":"index","follow":"follow","max-snippet":"max-snippet:-1","max-image-preview":"max-image-preview:large","max-video-preview":"max-video-preview:-1"},"canonical":"https:\/\/mis.dk\/sv\/mis-rental\/neddeling2\/","og_locale":"sv_SE","og_type":"article","og_title":"Udlejning af neddeler - MIS Recycling","og_description":"Bakkeg\u00e5rd A\/S som bearbejder, neddeler, komposterer og sorterer \u201dgr\u00f8nt affald\u201d er blevet en del af MIS -Derfor kan du leje en neddeler hos os","og_url":"https:\/\/mis.dk\/sv\/mis-rental\/neddeling2\/","og_site_name":"MIS Recycling","article_modified_time":"2024-12-06T13:02:15+00:00","og_image":[{"width":300,"height":226,"url":"https:\/\/mis.dk\/wp-content\/uploads\/2020\/09\/neddeler.png","type":"image\/png"}],"twitter_card":"summary_large_image","twitter_misc":{"Ber\u00e4knad l\u00e4stid":"2 minuter"},"schema":{"@context":"https:\/\/schema.org","@graph":[{"@type":"WebPage","@id":"https:\/\/mis.dk\/mis-rental\/neddeling2\/","url":"https:\/\/mis.dk\/mis-rental\/neddeling2\/","name":"Udlejning af neddeler - MIS Recycling","isPartOf":{"@id":"https:\/\/mis.dk\/#website"},"primaryImageOfPage":{"@id":"https:\/\/mis.dk\/mis-rental\/neddeling2\/#primaryimage"},"image":{"@id":"https:\/\/mis.dk\/mis-rental\/neddeling2\/#primaryimage"},"thumbnailUrl":"https:\/\/mis.dk\/wp-content\/uploads\/2020\/09\/neddeler.png","datePublished":"2018-11-13T12:31:41+00:00","dateModified":"2024-12-06T13:02:15+00:00","description":"Bakkeg\u00e5rd A\/S som bearbejder, neddeler, komposterer og sorterer \u201dgr\u00f8nt affald\u201d er blevet en del af MIS -Derfor kan du leje en neddeler hos os","breadcrumb":{"@id":"https:\/\/mis.dk\/mis-rental\/neddeling2\/#breadcrumb"},"inLanguage":"sv-SE","potentialAction":[{"@type":"ReadAction","target":["https:\/\/mis.dk\/mis-rental\/neddeling2\/"]}]},{"@type":"ImageObject","inLanguage":"sv-SE","@id":"https:\/\/mis.dk\/mis-rental\/neddeling2\/#primaryimage","url":"https:\/\/mis.dk\/wp-content\/uploads\/2020\/09\/neddeler.png","contentUrl":"https:\/\/mis.dk\/wp-content\/uploads\/2020\/09\/neddeler.png","width":300,"height":226,"caption":"Neddeler"},{"@type":"BreadcrumbList","@id":"https:\/\/mis.dk\/mis-rental\/neddeling2\/#breadcrumb","itemListElement":[{"@type":"ListItem","position":1,"name":"Hjem","item":"https:\/\/mis.dk\/"},{"@type":"ListItem","position":2,"name":"MIS RENTAL","item":"https:\/\/mis.dk\/mis-rental\/"},{"@type":"ListItem","position":3,"name":"Neddeling"}]},{"@type":"WebSite","@id":"https:\/\/mis.dk\/#website","url":"https:\/\/mis.dk\/","name":"MIS Recycling","description":"GENANVENDELSE ER SUND FORNUFT OG GOD \u00d8KONOMI","publisher":{"@id":"https:\/\/mis.dk\/#organization"},"potentialAction":[{"@type":"SearchAction","target":{"@type":"EntryPoint","urlTemplate":"https:\/\/mis.dk\/?s={search_term_string}"},"query-input":{"@type":"PropertyValueSpecification","valueRequired":true,"valueName":"search_term_string"}}],"inLanguage":"sv-SE"},{"@type":"Organization","@id":"https:\/\/mis.dk\/#organization","name":"MIS Recycling","url":"https:\/\/mis.dk\/","logo":{"@type":"ImageObject","inLanguage":"sv-SE","@id":"https:\/\/mis.dk\/#\/schema\/logo\/image\/","url":"https:\/\/mis.dk\/wp-content\/uploads\/2022\/07\/mis-logo.png","contentUrl":"https:\/\/mis.dk\/wp-content\/uploads\/2022\/07\/mis-logo.png","width":110,"height":78,"caption":"MIS Recycling"},"image":{"@id":"https:\/\/mis.dk\/#\/schema\/logo\/image\/"}}]}},"_links":{"self":[{"href":"https:\/\/mis.dk\/sv\/wp-json\/wp\/v2\/pages\/2386","targetHints":{"allow":["GET"]}}],"collection":[{"href":"https:\/\/mis.dk\/sv\/wp-json\/wp\/v2\/pages"}],"about":[{"href":"https:\/\/mis.dk\/sv\/wp-json\/wp\/v2\/types\/page"}],"author":[{"embeddable":true,"href":"https:\/\/mis.dk\/sv\/wp-json\/wp\/v2\/users\/12"}],"replies":[{"embeddable":true,"href":"https:\/\/mis.dk\/sv\/wp-json\/wp\/v2\/comments?post=2386"}],"version-history":[{"count":38,"href":"https:\/\/mis.dk\/sv\/wp-json\/wp\/v2\/pages\/2386\/revisions"}],"predecessor-version":[{"id":6272,"href":"https:\/\/mis.dk\/sv\/wp-json\/wp\/v2\/pages\/2386\/revisions\/6272"}],"up":[{"embeddable":true,"href":"https:\/\/mis.dk\/sv\/wp-json\/wp\/v2\/pages\/3943"}],"wp:featuredmedia":[{"embeddable":true,"href":"https:\/\/mis.dk\/sv\/wp-json\/wp\/v2\/media\/4041"}],"wp:attachment":[{"href":"https:\/\/mis.dk\/sv\/wp-json\/wp\/v2\/media?parent=2386"}],"curies":[{"name":"wp","href":"https:\/\/api.w.org\/{rel}","templated":true}]}}