{"id":149,"date":"2018-01-03T08:12:35","date_gmt":"2018-01-03T07:12:35","guid":{"rendered":"http:\/\/mis.dk\/?page_id=149"},"modified":"2024-12-17T08:04:25","modified_gmt":"2024-12-17T07:04:25","slug":"faa-vores-nyhedsbrev","status":"publish","type":"page","link":"https:\/\/mis.dk\/sv\/om-mis-recycling\/faa-vores-nyhedsbrev\/","title":{"rendered":"F\u00e5 v\u00e5rt nyhetsbrev"},"content":{"rendered":"<div data-elementor-type=\"wp-page\" data-elementor-id=\"149\" class=\"elementor elementor-149\" data-elementor-post-type=\"page\">\n\t\t\t\t\t\t<section class=\"elementor-section elementor-top-section elementor-element elementor-element-762f7fc elementor-section-boxed elementor-section-height-default elementor-section-height-default\" data-id=\"762f7fc\" data-element_type=\"section\" data-settings=\"{&quot;background_background&quot;:&quot;classic&quot;}\">\n\t\t\t\t\t\t\t<div class=\"elementor-background-overlay\"><\/div>\n\t\t\t\t\t\t\t<div class=\"elementor-container elementor-column-gap-default\">\n\t\t\t\t\t<div class=\"elementor-column elementor-col-100 elementor-top-column elementor-element elementor-element-2cee3e6\" data-id=\"2cee3e6\" data-element_type=\"column\">\n\t\t\t<div class=\"elementor-widget-wrap elementor-element-populated\">\n\t\t\t\t\t\t<section class=\"elementor-section elementor-inner-section elementor-element elementor-element-9bb20f8 elementor-section-boxed elementor-section-height-default elementor-section-height-default\" data-id=\"9bb20f8\" data-element_type=\"section\">\n\t\t\t\t\t\t<div class=\"elementor-container elementor-column-gap-default\">\n\t\t\t\t\t<div class=\"elementor-column elementor-col-50 elementor-inner-column elementor-element elementor-element-0a2be37\" data-id=\"0a2be37\" data-element_type=\"column\">\n\t\t\t<div class=\"elementor-widget-wrap elementor-element-populated\">\n\t\t\t\t\t\t<div class=\"elementor-element elementor-element-5b8fff9 elementor-widget elementor-widget-breadcrumbs\" data-id=\"5b8fff9\" data-element_type=\"widget\" data-widget_type=\"breadcrumbs.default\">\n\t\t\t\t<div class=\"elementor-widget-container\">\n\t\t\t\t\t<p id=\"breadcrumbs\"><span><span><a href=\"https:\/\/mis.dk\/sv\/\">Hem<\/a><\/span><\/span><\/p>\t\t\t\t<\/div>\n\t\t\t\t<\/div>\n\t\t\t\t<div class=\"elementor-element elementor-element-a77393e elementor-widget elementor-widget-heading\" data-id=\"a77393e\" data-element_type=\"widget\" data-widget_type=\"heading.default\">\n\t\t\t\t<div class=\"elementor-widget-container\">\n\t\t\t\t\t<h1 class=\"elementor-heading-title elementor-size-default\">Nyhetsbrev<\/h1>\t\t\t\t<\/div>\n\t\t\t\t<\/div>\n\t\t\t\t\t<\/div>\n\t\t<\/div>\n\t\t\t\t<div class=\"elementor-column elementor-col-50 elementor-inner-column elementor-element elementor-element-2d38d7a\" data-id=\"2d38d7a\" data-element_type=\"column\">\n\t\t\t<div class=\"elementor-widget-wrap\">\n\t\t\t\t\t\t\t<\/div>\n\t\t<\/div>\n\t\t\t\t\t<\/div>\n\t\t<\/section>\n\t\t\t\t\t<\/div>\n\t\t<\/div>\n\t\t\t\t\t<\/div>\n\t\t<\/section>\n\t\t\t\t<section class=\"elementor-section elementor-top-section elementor-element elementor-element-ae5011f elementor-section-boxed elementor-section-height-default elementor-section-height-default\" data-id=\"ae5011f\" data-element_type=\"section\" data-settings=\"{&quot;background_background&quot;:&quot;classic&quot;}\">\n\t\t\t\t\t\t\t<div class=\"elementor-background-overlay\"><\/div>\n\t\t\t\t\t\t\t<div class=\"elementor-container elementor-column-gap-default\">\n\t\t\t\t\t<div class=\"elementor-column elementor-col-100 elementor-top-column elementor-element elementor-element-09e6f5b\" data-id=\"09e6f5b\" data-element_type=\"column\">\n\t\t\t<div class=\"elementor-widget-wrap elementor-element-populated\">\n\t\t\t\t\t\t<section class=\"elementor-section elementor-inner-section elementor-element elementor-element-e96a2e9 elementor-section-full_width elementor-reverse-tablet elementor-section-height-default elementor-section-height-default\" data-id=\"e96a2e9\" data-element_type=\"section\">\n\t\t\t\t\t\t<div class=\"elementor-container elementor-column-gap-default\">\n\t\t\t\t\t<div class=\"elementor-column elementor-col-50 elementor-inner-column elementor-element elementor-element-ac898e9\" data-id=\"ac898e9\" data-element_type=\"column\">\n\t\t\t<div class=\"elementor-widget-wrap elementor-element-populated\">\n\t\t\t\t\t\t<div class=\"elementor-element elementor-element-4c14381 elementor-widget elementor-widget-heading\" data-id=\"4c14381\" data-element_type=\"widget\" data-widget_type=\"heading.default\">\n\t\t\t\t<div class=\"elementor-widget-container\">\n\t\t\t\t\t<h2 class=\"elementor-heading-title elementor-size-default\">F\u00c5 NYHETER OCH KUNSKAP I DIN BREVL\u00c5DA<\/h2>\t\t\t\t<\/div>\n\t\t\t\t<\/div>\n\t\t\t\t<div class=\"elementor-element elementor-element-4fd42b5 elementor-widget elementor-widget-text-editor\" data-id=\"4fd42b5\" data-element_type=\"widget\" data-widget_type=\"text-editor.default\">\n\t\t\t\t<div class=\"elementor-widget-container\">\n\t\t\t\t\t\t\t\t\t<p>Vill du ha ett mejl i din inkorg n\u00e4r det kommer nyheter om att optimera dina krossningsuppgifter? Eller n\u00e4r vi pratar om hur vi kan hj\u00e4lpa dig att sortera j\u00e4rn fr\u00e5n ditt rivningsavfall? Eller om f\u00f6rdelarna med att stapla ditt material? S\u00e5\u2026<\/p><p><strong>Anm\u00e4l dig till v\u00e5rt nyhetsbrev<\/strong><\/p>\t\t\t\t\t\t\t\t<\/div>\n\t\t\t\t<\/div>\n\t\t\t\t<div class=\"elementor-element elementor-element-ce2dc6c elementor-button-align-stretch elementor-widget elementor-widget-form\" data-id=\"ce2dc6c\" data-element_type=\"widget\" data-settings=\"{&quot;button_width&quot;:&quot;30&quot;,&quot;step_next_label&quot;:&quot;N\\u00e6ste&quot;,&quot;step_previous_label&quot;:&quot;Tidligere&quot;,&quot;step_type&quot;:&quot;number_text&quot;,&quot;step_icon_shape&quot;:&quot;circle&quot;}\" data-widget_type=\"form.default\">\n\t\t\t\t<div class=\"elementor-widget-container\">\n\t\t\t\t\t\t\t<form class=\"elementor-form\" method=\"post\" name=\"Nyhedsbrev\" action=\"\">\n\t\t\t<input type=\"hidden\" name=\"post_id\" value=\"149\"\/>\n\t\t\t<input type=\"hidden\" name=\"form_id\" value=\"ce2dc6c\"\/>\n\t\t\t<input type=\"hidden\" name=\"referer_title\" value=\"MIS Recycling\" \/>\n\n\t\t\t\n\t\t\t<div class=\"elementor-form-fields-wrapper elementor-labels-\">\n\t\t\t\t\t\t\t\t<div class=\"elementor-field-type-recaptcha_v3 elementor-field-group elementor-column elementor-field-group-field_5fd59e1 elementor-col-100 recaptcha_v3-bottomleft\">\n\t\t\t\t\t<div class=\"elementor-field\" id=\"form-field-field_5fd59e1\"><div class=\"elementor-g-recaptcha\" data-sitekey=\"6LeEl2cpAAAAAMWwzWDos_RKxWSpO1JrAJNLQI6F\" data-type=\"v3\" data-action=\"Form\" data-badge=\"bottomleft\" data-size=\"invisible\"><\/div><\/div>\t\t\t\t<\/div>\n\t\t\t\t\t\t\t\t<div class=\"elementor-field-type-text\">\n\t\t\t\t\t<input size=\"1\" type=\"text\" name=\"form_fields[field_1c720fb]\" id=\"form-field-field_1c720fb\" class=\"elementor-field elementor-size-sm\" style=\"display:none !important;\">\t\t\t\t<\/div>\n\t\t\t\t\t\t\t\t<div class=\"elementor-field-type-email elementor-field-group elementor-column elementor-field-group-email elementor-col-70 elementor-field-required\">\n\t\t\t\t\t\t\t\t\t\t\t\t<label for=\"form-field-email\" class=\"elementor-field-label elementor-screen-only\">\n\t\t\t\t\t\t\t\tE-post\t\t\t\t\t\t\t<\/label>\n\t\t\t\t\t\t\t\t\t\t\t\t\t\t<input size=\"1\" type=\"email\" name=\"form_fields[email]\" id=\"form-field-email\" class=\"elementor-field elementor-size-sm  elementor-field-textual\" placeholder=\"Ange din e-postadress...\" required=\"required\" aria-required=\"true\">\n\t\t\t\t\t\t\t\t\t\t\t<\/div>\n\t\t\t\t\t\t\t\t<div class=\"elementor-field-group elementor-column elementor-field-type-submit elementor-col-30 e-form__buttons\">\n\t\t\t\t\t<button class=\"elementor-button elementor-size-sm\" type=\"submit\">\n\t\t\t\t\t\t<span class=\"elementor-button-content-wrapper\">\n\t\t\t\t\t\t\t\t\t\t\t\t\t\t\t\t\t\t\t\t\t\t<span class=\"elementor-button-text\">Prenumerera p\u00e5 nyhetsbrev<\/span>\n\t\t\t\t\t\t\t\t\t\t\t\t\t<\/span>\n\t\t\t\t\t<\/button>\n\t\t\t\t<\/div>\n\t\t\t<\/div>\n\t\t<input type=\"hidden\" name=\"trp-form-language\" value=\"sv\"\/><\/form>\n\t\t\t\t\t\t<\/div>\n\t\t\t\t<\/div>\n\t\t\t\t\t<\/div>\n\t\t<\/div>\n\t\t\t\t<div class=\"elementor-column elementor-col-50 elementor-inner-column elementor-element elementor-element-9b61ef3\" data-id=\"9b61ef3\" data-element_type=\"column\">\n\t\t\t<div class=\"elementor-widget-wrap elementor-element-populated\">\n\t\t\t\t\t\t<div class=\"elementor-element elementor-element-560d870 elementor-widget elementor-widget-heading\" data-id=\"560d870\" data-element_type=\"widget\" data-widget_type=\"heading.default\">\n\t\t\t\t<div class=\"elementor-widget-container\">\n\t\t\t\t\t<h5 class=\"elementor-heading-title elementor-size-default\">Letar efter n\u00e5gonting?<\/h5>\t\t\t\t<\/div>\n\t\t\t\t<\/div>\n\t\t\t\t<div class=\"elementor-element elementor-element-4ca68f0 elementor-icon-list--layout-traditional elementor-list-item-link-full_width elementor-widget elementor-widget-icon-list\" data-id=\"4ca68f0\" data-element_type=\"widget\" data-widget_type=\"icon-list.default\">\n\t\t\t\t<div class=\"elementor-widget-container\">\n\t\t\t\t\t\t\t<ul class=\"elementor-icon-list-items\">\n\t\t\t\t\t\t\t<li class=\"elementor-icon-list-item\">\n\t\t\t\t\t\t\t\t\t\t\t<a href=\"\/sv\/om-mis-recycling\/om-mis-recycling2\/\">\n\n\t\t\t\t\t\t\t\t\t\t\t\t<span class=\"elementor-icon-list-icon\">\n\t\t\t\t\t\t\t<svg aria-hidden=\"true\" class=\"e-font-icon-svg e-fas-caret-right\" viewbox=\"0 0 192 512\" xmlns=\"http:\/\/www.w3.org\/2000\/svg\"><path d=\"M0 384.662V127.338c0-17.818 21.543-26.741 34.142-14.142l128.662 128.662c7.81 7.81 7.81 20.474 0 28.284L34.142 398.804C21.543 411.404 0 402.48 0 384.662z\"><\/path><\/svg>\t\t\t\t\t\t<\/span>\n\t\t\t\t\t\t\t\t\t\t<span class=\"elementor-icon-list-text\">V\u00e5r historia<\/span>\n\t\t\t\t\t\t\t\t\t\t\t<\/a>\n\t\t\t\t\t\t\t\t\t<\/li>\n\t\t\t\t\t\t\t\t<li class=\"elementor-icon-list-item\">\n\t\t\t\t\t\t\t\t\t\t\t<a href=\"\/sv\/om-mis-recycling\/miljoe\/\">\n\n\t\t\t\t\t\t\t\t\t\t\t\t<span class=\"elementor-icon-list-icon\">\n\t\t\t\t\t\t\t<svg aria-hidden=\"true\" class=\"e-font-icon-svg e-fas-caret-right\" viewbox=\"0 0 192 512\" xmlns=\"http:\/\/www.w3.org\/2000\/svg\"><path d=\"M0 384.662V127.338c0-17.818 21.543-26.741 34.142-14.142l128.662 128.662c7.81 7.81 7.81 20.474 0 28.284L34.142 398.804C21.543 411.404 0 402.48 0 384.662z\"><\/path><\/svg>\t\t\t\t\t\t<\/span>\n\t\t\t\t\t\t\t\t\t\t<span class=\"elementor-icon-list-text\">Milj\u00f6<\/span>\n\t\t\t\t\t\t\t\t\t\t\t<\/a>\n\t\t\t\t\t\t\t\t\t<\/li>\n\t\t\t\t\t\t\t\t<li class=\"elementor-icon-list-item\">\n\t\t\t\t\t\t\t\t\t\t\t<a href=\"\/sv\/om-mis-recycling\/sikkerhed\/\">\n\n\t\t\t\t\t\t\t\t\t\t\t\t<span class=\"elementor-icon-list-icon\">\n\t\t\t\t\t\t\t<svg aria-hidden=\"true\" class=\"e-font-icon-svg e-fas-caret-right\" viewbox=\"0 0 192 512\" xmlns=\"http:\/\/www.w3.org\/2000\/svg\"><path d=\"M0 384.662V127.338c0-17.818 21.543-26.741 34.142-14.142l128.662 128.662c7.81 7.81 7.81 20.474 0 28.284L34.142 398.804C21.543 411.404 0 402.48 0 384.662z\"><\/path><\/svg>\t\t\t\t\t\t<\/span>\n\t\t\t\t\t\t\t\t\t\t<span class=\"elementor-icon-list-text\">s\u00e4kerhet<\/span>\n\t\t\t\t\t\t\t\t\t\t\t<\/a>\n\t\t\t\t\t\t\t\t\t<\/li>\n\t\t\t\t\t\t\t\t<li class=\"elementor-icon-list-item\">\n\t\t\t\t\t\t\t\t\t\t\t<a href=\"\/sv\/om-mis-recycling\/job\/\">\n\n\t\t\t\t\t\t\t\t\t\t\t\t<span class=\"elementor-icon-list-icon\">\n\t\t\t\t\t\t\t<svg aria-hidden=\"true\" class=\"e-font-icon-svg e-fas-caret-right\" viewbox=\"0 0 192 512\" xmlns=\"http:\/\/www.w3.org\/2000\/svg\"><path d=\"M0 384.662V127.338c0-17.818 21.543-26.741 34.142-14.142l128.662 128.662c7.81 7.81 7.81 20.474 0 28.284L34.142 398.804C21.543 411.404 0 402.48 0 384.662z\"><\/path><\/svg>\t\t\t\t\t\t<\/span>\n\t\t\t\t\t\t\t\t\t\t<span class=\"elementor-icon-list-text\">Jobba hos oss<\/span>\n\t\t\t\t\t\t\t\t\t\t\t<\/a>\n\t\t\t\t\t\t\t\t\t<\/li>\n\t\t\t\t\t\t\t\t<li class=\"elementor-icon-list-item\">\n\t\t\t\t\t\t\t\t\t\t\t<a href=\"\/sv\/om-mis-recycling\/faa-vores-nyhedsbrev\/\">\n\n\t\t\t\t\t\t\t\t\t\t\t\t<span class=\"elementor-icon-list-icon\">\n\t\t\t\t\t\t\t<svg aria-hidden=\"true\" class=\"e-font-icon-svg e-fas-caret-right\" viewbox=\"0 0 192 512\" xmlns=\"http:\/\/www.w3.org\/2000\/svg\"><path d=\"M0 384.662V127.338c0-17.818 21.543-26.741 34.142-14.142l128.662 128.662c7.81 7.81 7.81 20.474 0 28.284L34.142 398.804C21.543 411.404 0 402.48 0 384.662z\"><\/path><\/svg>\t\t\t\t\t\t<\/span>\n\t\t\t\t\t\t\t\t\t\t<span class=\"elementor-icon-list-text\">Nyhetsbrev<\/span>\n\t\t\t\t\t\t\t\t\t\t\t<\/a>\n\t\t\t\t\t\t\t\t\t<\/li>\n\t\t\t\t\t\t<\/ul>\n\t\t\t\t\t\t<\/div>\n\t\t\t\t<\/div>\n\t\t\t\t\t<\/div>\n\t\t<\/div>\n\t\t\t\t\t<\/div>\n\t\t<\/section>\n\t\t\t\t\t<\/div>\n\t\t<\/div>\n\t\t\t\t\t<\/div>\n\t\t<\/section>\n\t\t\t\t<\/div>","protected":false},"excerpt":{"rendered":"<p>Nyhedsbrev F\u00c5 NYHEDER OG VIDEN I DIN MAILBOX Vil du have en mail i din indbakke, n\u00e5r der er nyt om optimering dine knuseopgaver? Eller n\u00e5r vi fort\u00e6ller om hvordan vi kan hj\u00e6lpe dig med at sortere jern fra dit nedrivningsaffald? Eller om fordelene ved at opstakke dine materialer?\u00a0S\u00e5&#8230; Tilmeld dig vores nyhedsbrev Leder du [&hellip;]<\/p>","protected":false},"author":12,"featured_media":5839,"parent":2333,"menu_order":0,"comment_status":"closed","ping_status":"closed","template":"","meta":{"iawp_total_views":130,"footnotes":""},"class_list":["post-149","page","type-page","status-publish","has-post-thumbnail","hentry"],"yoast_head":"<!-- This site is optimized with the Yoast SEO plugin v24.1 - https:\/\/yoast.com\/wordpress\/plugins\/seo\/ -->\n<title>F\u00e5 vores nyhedsbrev - MIS Recycling<\/title>\n<meta name=\"description\" content=\"Tilmeld dig vores nyhedsbrev og f\u00e5 de seneste nyheder. Du kan ogs\u00e5 tage et kig p\u00e5 vores nyhedsside.\" \/>\n<meta name=\"robots\" content=\"index, follow, max-snippet:-1, max-image-preview:large, max-video-preview:-1\" \/>\n<link rel=\"canonical\" href=\"https:\/\/mis.dk\/sv\/om-mis-recycling\/faa-vores-nyhedsbrev\/\" \/>\n<meta property=\"og:locale\" content=\"sv_SE\" \/>\n<meta property=\"og:type\" content=\"article\" \/>\n<meta property=\"og:title\" content=\"F\u00e5 vores nyhedsbrev - MIS Recycling\" \/>\n<meta property=\"og:description\" content=\"Tilmeld dig vores nyhedsbrev og f\u00e5 de seneste nyheder. Du kan ogs\u00e5 tage et kig p\u00e5 vores nyhedsside.\" \/>\n<meta property=\"og:url\" content=\"https:\/\/mis.dk\/sv\/om-mis-recycling\/faa-vores-nyhedsbrev\/\" \/>\n<meta property=\"og:site_name\" content=\"MIS Recycling\" \/>\n<meta property=\"article:modified_time\" content=\"2024-12-17T07:04:25+00:00\" \/>\n<meta property=\"og:image\" content=\"https:\/\/mis.dk\/wp-content\/uploads\/2024\/03\/Mis-recycling.jpg\" \/>\n\t<meta property=\"og:image:width\" content=\"110\" \/>\n\t<meta property=\"og:image:height\" content=\"110\" \/>\n\t<meta property=\"og:image:type\" content=\"image\/jpeg\" \/>\n<meta name=\"twitter:card\" content=\"summary_large_image\" \/>\n<meta name=\"twitter:label1\" content=\"Ber\u00e4knad l\u00e4stid\" \/>\n\t<meta name=\"twitter:data1\" content=\"1 minut\" \/>\n<script type=\"application\/ld+json\" class=\"yoast-schema-graph\">{\"@context\":\"https:\/\/schema.org\",\"@graph\":[{\"@type\":\"WebPage\",\"@id\":\"https:\/\/mis.dk\/om-mis-recycling\/faa-vores-nyhedsbrev\/\",\"url\":\"https:\/\/mis.dk\/om-mis-recycling\/faa-vores-nyhedsbrev\/\",\"name\":\"F\u00e5 vores nyhedsbrev - MIS Recycling\",\"isPartOf\":{\"@id\":\"https:\/\/mis.dk\/#website\"},\"primaryImageOfPage\":{\"@id\":\"https:\/\/mis.dk\/om-mis-recycling\/faa-vores-nyhedsbrev\/#primaryimage\"},\"image\":{\"@id\":\"https:\/\/mis.dk\/om-mis-recycling\/faa-vores-nyhedsbrev\/#primaryimage\"},\"thumbnailUrl\":\"https:\/\/mis.dk\/wp-content\/uploads\/2024\/03\/Mis-recycling.jpg\",\"datePublished\":\"2018-01-03T07:12:35+00:00\",\"dateModified\":\"2024-12-17T07:04:25+00:00\",\"description\":\"Tilmeld dig vores nyhedsbrev og f\u00e5 de seneste nyheder. Du kan ogs\u00e5 tage et kig p\u00e5 vores nyhedsside.\",\"breadcrumb\":{\"@id\":\"https:\/\/mis.dk\/om-mis-recycling\/faa-vores-nyhedsbrev\/#breadcrumb\"},\"inLanguage\":\"sv-SE\",\"potentialAction\":[{\"@type\":\"ReadAction\",\"target\":[\"https:\/\/mis.dk\/om-mis-recycling\/faa-vores-nyhedsbrev\/\"]}]},{\"@type\":\"ImageObject\",\"inLanguage\":\"sv-SE\",\"@id\":\"https:\/\/mis.dk\/om-mis-recycling\/faa-vores-nyhedsbrev\/#primaryimage\",\"url\":\"https:\/\/mis.dk\/wp-content\/uploads\/2024\/03\/Mis-recycling.jpg\",\"contentUrl\":\"https:\/\/mis.dk\/wp-content\/uploads\/2024\/03\/Mis-recycling.jpg\",\"width\":110,\"height\":110,\"caption\":\"Knuseentrepren\u00f8r Mis Recycling\"},{\"@type\":\"BreadcrumbList\",\"@id\":\"https:\/\/mis.dk\/om-mis-recycling\/faa-vores-nyhedsbrev\/#breadcrumb\",\"itemListElement\":[{\"@type\":\"ListItem\",\"position\":1,\"name\":\"Hjem\",\"item\":\"https:\/\/mis.dk\/\"},{\"@type\":\"ListItem\",\"position\":2,\"name\":\"Om MIS Recycling\",\"item\":\"https:\/\/mis.dk\/om-mis-recycling\/\"},{\"@type\":\"ListItem\",\"position\":3,\"name\":\"F\u00e5 vores nyhedsbrev\"}]},{\"@type\":\"WebSite\",\"@id\":\"https:\/\/mis.dk\/#website\",\"url\":\"https:\/\/mis.dk\/\",\"name\":\"MIS Recycling\",\"description\":\"GENANVENDELSE ER SUND FORNUFT OG GOD \u00d8KONOMI\",\"publisher\":{\"@id\":\"https:\/\/mis.dk\/#organization\"},\"potentialAction\":[{\"@type\":\"SearchAction\",\"target\":{\"@type\":\"EntryPoint\",\"urlTemplate\":\"https:\/\/mis.dk\/?s={search_term_string}\"},\"query-input\":{\"@type\":\"PropertyValueSpecification\",\"valueRequired\":true,\"valueName\":\"search_term_string\"}}],\"inLanguage\":\"sv-SE\"},{\"@type\":\"Organization\",\"@id\":\"https:\/\/mis.dk\/#organization\",\"name\":\"MIS Recycling\",\"url\":\"https:\/\/mis.dk\/\",\"logo\":{\"@type\":\"ImageObject\",\"inLanguage\":\"sv-SE\",\"@id\":\"https:\/\/mis.dk\/#\/schema\/logo\/image\/\",\"url\":\"https:\/\/mis.dk\/wp-content\/uploads\/2022\/07\/mis-logo.png\",\"contentUrl\":\"https:\/\/mis.dk\/wp-content\/uploads\/2022\/07\/mis-logo.png\",\"width\":110,\"height\":78,\"caption\":\"MIS Recycling\"},\"image\":{\"@id\":\"https:\/\/mis.dk\/#\/schema\/logo\/image\/\"}}]}<\/script>\n<!-- \/ Yoast SEO plugin. -->","yoast_head_json":{"title":"F\u00e5 vores nyhedsbrev - MIS Recycling","description":"Tilmeld dig vores nyhedsbrev og f\u00e5 de seneste nyheder. Du kan ogs\u00e5 tage et kig p\u00e5 vores nyhedsside.","robots":{"index":"index","follow":"follow","max-snippet":"max-snippet:-1","max-image-preview":"max-image-preview:large","max-video-preview":"max-video-preview:-1"},"canonical":"https:\/\/mis.dk\/sv\/om-mis-recycling\/faa-vores-nyhedsbrev\/","og_locale":"sv_SE","og_type":"article","og_title":"F\u00e5 vores nyhedsbrev - MIS Recycling","og_description":"Tilmeld dig vores nyhedsbrev og f\u00e5 de seneste nyheder. Du kan ogs\u00e5 tage et kig p\u00e5 vores nyhedsside.","og_url":"https:\/\/mis.dk\/sv\/om-mis-recycling\/faa-vores-nyhedsbrev\/","og_site_name":"MIS Recycling","article_modified_time":"2024-12-17T07:04:25+00:00","og_image":[{"width":110,"height":110,"url":"https:\/\/mis.dk\/wp-content\/uploads\/2024\/03\/Mis-recycling.jpg","type":"image\/jpeg"}],"twitter_card":"summary_large_image","twitter_misc":{"Ber\u00e4knad l\u00e4stid":"1 minut"},"schema":{"@context":"https:\/\/schema.org","@graph":[{"@type":"WebPage","@id":"https:\/\/mis.dk\/om-mis-recycling\/faa-vores-nyhedsbrev\/","url":"https:\/\/mis.dk\/om-mis-recycling\/faa-vores-nyhedsbrev\/","name":"F\u00e5 vores nyhedsbrev - MIS Recycling","isPartOf":{"@id":"https:\/\/mis.dk\/#website"},"primaryImageOfPage":{"@id":"https:\/\/mis.dk\/om-mis-recycling\/faa-vores-nyhedsbrev\/#primaryimage"},"image":{"@id":"https:\/\/mis.dk\/om-mis-recycling\/faa-vores-nyhedsbrev\/#primaryimage"},"thumbnailUrl":"https:\/\/mis.dk\/wp-content\/uploads\/2024\/03\/Mis-recycling.jpg","datePublished":"2018-01-03T07:12:35+00:00","dateModified":"2024-12-17T07:04:25+00:00","description":"Tilmeld dig vores nyhedsbrev og f\u00e5 de seneste nyheder. Du kan ogs\u00e5 tage et kig p\u00e5 vores nyhedsside.","breadcrumb":{"@id":"https:\/\/mis.dk\/om-mis-recycling\/faa-vores-nyhedsbrev\/#breadcrumb"},"inLanguage":"sv-SE","potentialAction":[{"@type":"ReadAction","target":["https:\/\/mis.dk\/om-mis-recycling\/faa-vores-nyhedsbrev\/"]}]},{"@type":"ImageObject","inLanguage":"sv-SE","@id":"https:\/\/mis.dk\/om-mis-recycling\/faa-vores-nyhedsbrev\/#primaryimage","url":"https:\/\/mis.dk\/wp-content\/uploads\/2024\/03\/Mis-recycling.jpg","contentUrl":"https:\/\/mis.dk\/wp-content\/uploads\/2024\/03\/Mis-recycling.jpg","width":110,"height":110,"caption":"Knuseentrepren\u00f8r Mis Recycling"},{"@type":"BreadcrumbList","@id":"https:\/\/mis.dk\/om-mis-recycling\/faa-vores-nyhedsbrev\/#breadcrumb","itemListElement":[{"@type":"ListItem","position":1,"name":"Hjem","item":"https:\/\/mis.dk\/"},{"@type":"ListItem","position":2,"name":"Om MIS Recycling","item":"https:\/\/mis.dk\/om-mis-recycling\/"},{"@type":"ListItem","position":3,"name":"F\u00e5 vores nyhedsbrev"}]},{"@type":"WebSite","@id":"https:\/\/mis.dk\/#website","url":"https:\/\/mis.dk\/","name":"MIS Recycling","description":"GENANVENDELSE ER SUND FORNUFT OG GOD \u00d8KONOMI","publisher":{"@id":"https:\/\/mis.dk\/#organization"},"potentialAction":[{"@type":"SearchAction","target":{"@type":"EntryPoint","urlTemplate":"https:\/\/mis.dk\/?s={search_term_string}"},"query-input":{"@type":"PropertyValueSpecification","valueRequired":true,"valueName":"search_term_string"}}],"inLanguage":"sv-SE"},{"@type":"Organization","@id":"https:\/\/mis.dk\/#organization","name":"MIS Recycling","url":"https:\/\/mis.dk\/","logo":{"@type":"ImageObject","inLanguage":"sv-SE","@id":"https:\/\/mis.dk\/#\/schema\/logo\/image\/","url":"https:\/\/mis.dk\/wp-content\/uploads\/2022\/07\/mis-logo.png","contentUrl":"https:\/\/mis.dk\/wp-content\/uploads\/2022\/07\/mis-logo.png","width":110,"height":78,"caption":"MIS Recycling"},"image":{"@id":"https:\/\/mis.dk\/#\/schema\/logo\/image\/"}}]}},"_links":{"self":[{"href":"https:\/\/mis.dk\/sv\/wp-json\/wp\/v2\/pages\/149","targetHints":{"allow":["GET"]}}],"collection":[{"href":"https:\/\/mis.dk\/sv\/wp-json\/wp\/v2\/pages"}],"about":[{"href":"https:\/\/mis.dk\/sv\/wp-json\/wp\/v2\/types\/page"}],"author":[{"embeddable":true,"href":"https:\/\/mis.dk\/sv\/wp-json\/wp\/v2\/users\/12"}],"replies":[{"embeddable":true,"href":"https:\/\/mis.dk\/sv\/wp-json\/wp\/v2\/comments?post=149"}],"version-history":[{"count":44,"href":"https:\/\/mis.dk\/sv\/wp-json\/wp\/v2\/pages\/149\/revisions"}],"predecessor-version":[{"id":6323,"href":"https:\/\/mis.dk\/sv\/wp-json\/wp\/v2\/pages\/149\/revisions\/6323"}],"up":[{"embeddable":true,"href":"https:\/\/mis.dk\/sv\/wp-json\/wp\/v2\/pages\/2333"}],"wp:featuredmedia":[{"embeddable":true,"href":"https:\/\/mis.dk\/sv\/wp-json\/wp\/v2\/media\/5839"}],"wp:attachment":[{"href":"https:\/\/mis.dk\/sv\/wp-json\/wp\/v2\/media?parent=149"}],"curies":[{"name":"wp","href":"https:\/\/api.w.org\/{rel}","templated":true}]}}