{"id":145,"date":"2018-01-03T08:11:24","date_gmt":"2018-01-03T07:11:24","guid":{"rendered":"http:\/\/mis.dk\/?page_id=145"},"modified":"2024-12-06T14:04:10","modified_gmt":"2024-12-06T13:04:10","slug":"sikkerhed","status":"publish","type":"page","link":"https:\/\/mis.dk\/sv\/om-mis-recycling\/sikkerhed\/","title":{"rendered":"s\u00e4kerhet"},"content":{"rendered":"<div data-elementor-type=\"wp-page\" data-elementor-id=\"145\" class=\"elementor elementor-145\" data-elementor-post-type=\"page\">\n\t\t\t\t\t\t<section class=\"elementor-section elementor-top-section elementor-element elementor-element-247970a elementor-section-boxed elementor-section-height-default elementor-section-height-default\" data-id=\"247970a\" data-element_type=\"section\" data-settings=\"{&quot;background_background&quot;:&quot;classic&quot;}\">\n\t\t\t\t\t\t\t<div class=\"elementor-background-overlay\"><\/div>\n\t\t\t\t\t\t\t<div class=\"elementor-container elementor-column-gap-default\">\n\t\t\t\t\t<div class=\"elementor-column elementor-col-100 elementor-top-column elementor-element elementor-element-93f15b6\" data-id=\"93f15b6\" data-element_type=\"column\">\n\t\t\t<div class=\"elementor-widget-wrap elementor-element-populated\">\n\t\t\t\t\t\t<section class=\"elementor-section elementor-inner-section elementor-element elementor-element-b5102c0 elementor-section-boxed elementor-section-height-default elementor-section-height-default\" data-id=\"b5102c0\" data-element_type=\"section\">\n\t\t\t\t\t\t<div class=\"elementor-container elementor-column-gap-default\">\n\t\t\t\t\t<div class=\"elementor-column elementor-col-50 elementor-inner-column elementor-element elementor-element-b7f9272\" data-id=\"b7f9272\" data-element_type=\"column\">\n\t\t\t<div class=\"elementor-widget-wrap elementor-element-populated\">\n\t\t\t\t\t\t<div class=\"elementor-element elementor-element-1d892e3 elementor-widget elementor-widget-breadcrumbs\" data-id=\"1d892e3\" data-element_type=\"widget\" data-widget_type=\"breadcrumbs.default\">\n\t\t\t\t<div class=\"elementor-widget-container\">\n\t\t\t\t\t<p id=\"breadcrumbs\"><span><span><a href=\"https:\/\/mis.dk\/sv\/\">Hem<\/a><\/span><\/span><\/p>\t\t\t\t<\/div>\n\t\t\t\t<\/div>\n\t\t\t\t<div class=\"elementor-element elementor-element-8422565 elementor-widget elementor-widget-heading\" data-id=\"8422565\" data-element_type=\"widget\" data-widget_type=\"heading.default\">\n\t\t\t\t<div class=\"elementor-widget-container\">\n\t\t\t\t\t<h1 class=\"elementor-heading-title elementor-size-default\">s\u00e4kerhet<\/h1>\t\t\t\t<\/div>\n\t\t\t\t<\/div>\n\t\t\t\t\t<\/div>\n\t\t<\/div>\n\t\t\t\t<div class=\"elementor-column elementor-col-50 elementor-inner-column elementor-element elementor-element-761bb5d\" data-id=\"761bb5d\" data-element_type=\"column\">\n\t\t\t<div class=\"elementor-widget-wrap\">\n\t\t\t\t\t\t\t<\/div>\n\t\t<\/div>\n\t\t\t\t\t<\/div>\n\t\t<\/section>\n\t\t\t\t\t<\/div>\n\t\t<\/div>\n\t\t\t\t\t<\/div>\n\t\t<\/section>\n\t\t\t\t<section class=\"elementor-section elementor-top-section elementor-element elementor-element-30b9319 elementor-section-boxed elementor-section-height-default elementor-section-height-default\" data-id=\"30b9319\" data-element_type=\"section\" data-settings=\"{&quot;background_background&quot;:&quot;classic&quot;}\">\n\t\t\t\t\t\t\t<div class=\"elementor-background-overlay\"><\/div>\n\t\t\t\t\t\t\t<div class=\"elementor-container elementor-column-gap-default\">\n\t\t\t\t\t<div class=\"elementor-column elementor-col-100 elementor-top-column elementor-element elementor-element-710e2b3\" data-id=\"710e2b3\" data-element_type=\"column\">\n\t\t\t<div class=\"elementor-widget-wrap elementor-element-populated\">\n\t\t\t\t\t\t<section class=\"elementor-section elementor-inner-section elementor-element elementor-element-0346828 elementor-section-full_width elementor-reverse-tablet elementor-section-height-default elementor-section-height-default\" data-id=\"0346828\" data-element_type=\"section\">\n\t\t\t\t\t\t<div class=\"elementor-container elementor-column-gap-default\">\n\t\t\t\t\t<div class=\"elementor-column elementor-col-50 elementor-inner-column elementor-element elementor-element-d2cf6b4\" data-id=\"d2cf6b4\" data-element_type=\"column\">\n\t\t\t<div class=\"elementor-widget-wrap elementor-element-populated\">\n\t\t\t\t\t\t<div class=\"elementor-element elementor-element-f205a24 elementor-widget elementor-widget-heading\" data-id=\"f205a24\" data-element_type=\"widget\" data-widget_type=\"heading.default\">\n\t\t\t\t<div class=\"elementor-widget-container\">\n\t\t\t\t\t<h2 class=\"elementor-heading-title elementor-size-default\">V\u00c5RT M\u00c5L \u00c4R NOLL ARBETSPLATSOLYCKOR<\/h2>\t\t\t\t<\/div>\n\t\t\t\t<\/div>\n\t\t\t\t<div class=\"elementor-element elementor-element-07e8624 elementor-widget elementor-widget-text-editor\" data-id=\"07e8624\" data-element_type=\"widget\" data-widget_type=\"text-editor.default\">\n\t\t\t\t<div class=\"elementor-widget-container\">\n\t\t\t\t\t\t\t\t\t<p>Alla ska komma hem s\u00e4kert efter arbetsdagen, \u00e4ven i en av de mest riskfyllda arbetsmilj\u00f6erna med stora maskiner och tunga material. Om vi ska n\u00e5 v\u00e5rt m\u00e5l att helt undvika arbetsplatsolyckor, st\u00e4ller det h\u00f6ga krav p\u00e5 alla. D\u00e4rf\u00f6r har samtliga MIS Recycling-medarbetare skyddskl\u00e4der med minst klass 2-m\u00e4rkning, t.ex. reflexv\u00e4st eller jacka, l\u00e5ngbyxor och godk\u00e4nda skyddsskor eller -st\u00f6vlar. Alla v\u00e5ra medarbetare ska dessutom b\u00e4ra skyddshj\u00e4lm med hakrem och skyddsglas\u00f6gon n\u00e4r de g\u00e5r utomhus i ett arbetsomr\u00e5de eller i ett grustag.<\/p><p>Om din verksamhet har s\u00e4rskilda krav p\u00e5 s\u00e4kerheten p\u00e5 arbetsplatsen, \u00e4r det givetvis dina s\u00e4kerhetskrav som g\u00e4ller.<\/p>\t\t\t\t\t\t\t\t<\/div>\n\t\t\t\t<\/div>\n\t\t\t\t\t<\/div>\n\t\t<\/div>\n\t\t\t\t<div class=\"elementor-column elementor-col-50 elementor-inner-column elementor-element elementor-element-5062514\" data-id=\"5062514\" data-element_type=\"column\">\n\t\t\t<div class=\"elementor-widget-wrap elementor-element-populated\">\n\t\t\t\t\t\t<div class=\"elementor-element elementor-element-f2ba774 elementor-widget elementor-widget-heading\" data-id=\"f2ba774\" data-element_type=\"widget\" data-widget_type=\"heading.default\">\n\t\t\t\t<div class=\"elementor-widget-container\">\n\t\t\t\t\t<h5 class=\"elementor-heading-title elementor-size-default\">Letar efter n\u00e5gonting?<\/h5>\t\t\t\t<\/div>\n\t\t\t\t<\/div>\n\t\t\t\t<div class=\"elementor-element elementor-element-566969e elementor-icon-list--layout-traditional elementor-list-item-link-full_width elementor-widget elementor-widget-icon-list\" data-id=\"566969e\" data-element_type=\"widget\" data-widget_type=\"icon-list.default\">\n\t\t\t\t<div class=\"elementor-widget-container\">\n\t\t\t\t\t\t\t<ul class=\"elementor-icon-list-items\">\n\t\t\t\t\t\t\t<li class=\"elementor-icon-list-item\">\n\t\t\t\t\t\t\t\t\t\t\t<a href=\"\/sv\/om-mis-recycling\/om-mis-recycling2\/\">\n\n\t\t\t\t\t\t\t\t\t\t\t\t<span class=\"elementor-icon-list-icon\">\n\t\t\t\t\t\t\t<svg aria-hidden=\"true\" class=\"e-font-icon-svg e-fas-caret-right\" viewbox=\"0 0 192 512\" xmlns=\"http:\/\/www.w3.org\/2000\/svg\"><path d=\"M0 384.662V127.338c0-17.818 21.543-26.741 34.142-14.142l128.662 128.662c7.81 7.81 7.81 20.474 0 28.284L34.142 398.804C21.543 411.404 0 402.48 0 384.662z\"><\/path><\/svg>\t\t\t\t\t\t<\/span>\n\t\t\t\t\t\t\t\t\t\t<span class=\"elementor-icon-list-text\">V\u00e5r historia<\/span>\n\t\t\t\t\t\t\t\t\t\t\t<\/a>\n\t\t\t\t\t\t\t\t\t<\/li>\n\t\t\t\t\t\t\t\t<li class=\"elementor-icon-list-item\">\n\t\t\t\t\t\t\t\t\t\t\t<a href=\"\/sv\/om-mis-recycling\/miljoe\/\">\n\n\t\t\t\t\t\t\t\t\t\t\t\t<span class=\"elementor-icon-list-icon\">\n\t\t\t\t\t\t\t<svg aria-hidden=\"true\" class=\"e-font-icon-svg e-fas-caret-right\" viewbox=\"0 0 192 512\" xmlns=\"http:\/\/www.w3.org\/2000\/svg\"><path d=\"M0 384.662V127.338c0-17.818 21.543-26.741 34.142-14.142l128.662 128.662c7.81 7.81 7.81 20.474 0 28.284L34.142 398.804C21.543 411.404 0 402.48 0 384.662z\"><\/path><\/svg>\t\t\t\t\t\t<\/span>\n\t\t\t\t\t\t\t\t\t\t<span class=\"elementor-icon-list-text\">Milj\u00f6<\/span>\n\t\t\t\t\t\t\t\t\t\t\t<\/a>\n\t\t\t\t\t\t\t\t\t<\/li>\n\t\t\t\t\t\t\t\t<li class=\"elementor-icon-list-item\">\n\t\t\t\t\t\t\t\t\t\t\t<a href=\"\/sv\/om-mis-recycling\/sikkerhed\/\">\n\n\t\t\t\t\t\t\t\t\t\t\t\t<span class=\"elementor-icon-list-icon\">\n\t\t\t\t\t\t\t<svg aria-hidden=\"true\" class=\"e-font-icon-svg e-fas-caret-right\" viewbox=\"0 0 192 512\" xmlns=\"http:\/\/www.w3.org\/2000\/svg\"><path d=\"M0 384.662V127.338c0-17.818 21.543-26.741 34.142-14.142l128.662 128.662c7.81 7.81 7.81 20.474 0 28.284L34.142 398.804C21.543 411.404 0 402.48 0 384.662z\"><\/path><\/svg>\t\t\t\t\t\t<\/span>\n\t\t\t\t\t\t\t\t\t\t<span class=\"elementor-icon-list-text\">s\u00e4kerhet<\/span>\n\t\t\t\t\t\t\t\t\t\t\t<\/a>\n\t\t\t\t\t\t\t\t\t<\/li>\n\t\t\t\t\t\t\t\t<li class=\"elementor-icon-list-item\">\n\t\t\t\t\t\t\t\t\t\t\t<a href=\"\/sv\/om-mis-recycling\/job\/\">\n\n\t\t\t\t\t\t\t\t\t\t\t\t<span class=\"elementor-icon-list-icon\">\n\t\t\t\t\t\t\t<svg aria-hidden=\"true\" class=\"e-font-icon-svg e-fas-caret-right\" viewbox=\"0 0 192 512\" xmlns=\"http:\/\/www.w3.org\/2000\/svg\"><path d=\"M0 384.662V127.338c0-17.818 21.543-26.741 34.142-14.142l128.662 128.662c7.81 7.81 7.81 20.474 0 28.284L34.142 398.804C21.543 411.404 0 402.48 0 384.662z\"><\/path><\/svg>\t\t\t\t\t\t<\/span>\n\t\t\t\t\t\t\t\t\t\t<span class=\"elementor-icon-list-text\">Jobba hos oss<\/span>\n\t\t\t\t\t\t\t\t\t\t\t<\/a>\n\t\t\t\t\t\t\t\t\t<\/li>\n\t\t\t\t\t\t\t\t<li class=\"elementor-icon-list-item\">\n\t\t\t\t\t\t\t\t\t\t\t<a href=\"\/sv\/om-mis-recycling\/faa-vores-nyhedsbrev\/\">\n\n\t\t\t\t\t\t\t\t\t\t\t\t<span class=\"elementor-icon-list-icon\">\n\t\t\t\t\t\t\t<svg aria-hidden=\"true\" class=\"e-font-icon-svg e-fas-caret-right\" viewbox=\"0 0 192 512\" xmlns=\"http:\/\/www.w3.org\/2000\/svg\"><path d=\"M0 384.662V127.338c0-17.818 21.543-26.741 34.142-14.142l128.662 128.662c7.81 7.81 7.81 20.474 0 28.284L34.142 398.804C21.543 411.404 0 402.48 0 384.662z\"><\/path><\/svg>\t\t\t\t\t\t<\/span>\n\t\t\t\t\t\t\t\t\t\t<span class=\"elementor-icon-list-text\">Nyhetsbrev<\/span>\n\t\t\t\t\t\t\t\t\t\t\t<\/a>\n\t\t\t\t\t\t\t\t\t<\/li>\n\t\t\t\t\t\t<\/ul>\n\t\t\t\t\t\t<\/div>\n\t\t\t\t<\/div>\n\t\t\t\t\t<\/div>\n\t\t<\/div>\n\t\t\t\t\t<\/div>\n\t\t<\/section>\n\t\t\t\t\t<\/div>\n\t\t<\/div>\n\t\t\t\t\t<\/div>\n\t\t<\/section>\n\t\t\t\t<\/div>","protected":false},"excerpt":{"rendered":"<p>Sikkerhed VI VIL HAVE NUL ARBEJDSULYKKER Alle skal komme sikkert igennem arbejdsdagen i et af de mest risikofyldte arbejdsmilj\u00f8er med store maskiner og tunge materialer. Skal vi n\u00e5 vores m\u00e5ls\u00e6tning om at undg\u00e5 arbejdsulykker, stiller det krav til alle. Derfor skal alle MIS Recycling-medarbejdere have minimum klasse 2 sikkerhedsbekl\u00e6dning p\u00e5 \u2013 fx refleksvest eller -jakke, [&hellip;]<\/p>","protected":false},"author":12,"featured_media":2801,"parent":2333,"menu_order":0,"comment_status":"closed","ping_status":"closed","template":"","meta":{"iawp_total_views":107,"footnotes":""},"class_list":["post-145","page","type-page","status-publish","has-post-thumbnail","hentry"],"yoast_head":"<!-- This site is optimized with the Yoast SEO plugin v24.1 - https:\/\/yoast.com\/wordpress\/plugins\/seo\/ -->\n<title>Sikkerhed - MIS Recycling<\/title>\n<meta name=\"description\" content=\"Alle skal komme sikkert igennem arbejdsdagen i et af de mest risikofyldte arbejdsmilj\u00f8er med store maskiner og tunge materialer.\" \/>\n<meta name=\"robots\" content=\"index, follow, max-snippet:-1, max-image-preview:large, max-video-preview:-1\" \/>\n<link rel=\"canonical\" href=\"https:\/\/mis.dk\/sv\/om-mis-recycling\/sikkerhed\/\" \/>\n<meta property=\"og:locale\" content=\"sv_SE\" \/>\n<meta property=\"og:type\" content=\"article\" \/>\n<meta property=\"og:title\" content=\"Sikkerhed - MIS Recycling\" \/>\n<meta property=\"og:description\" content=\"Alle skal komme sikkert igennem arbejdsdagen i et af de mest risikofyldte arbejdsmilj\u00f8er med store maskiner og tunge materialer.\" \/>\n<meta property=\"og:url\" content=\"https:\/\/mis.dk\/sv\/om-mis-recycling\/sikkerhed\/\" \/>\n<meta property=\"og:site_name\" content=\"MIS Recycling\" \/>\n<meta property=\"article:modified_time\" content=\"2024-12-06T13:04:10+00:00\" \/>\n<meta property=\"og:image\" content=\"https:\/\/mis.dk\/wp-content\/uploads\/2018\/01\/MIS_Recycling_Sikkerhed.jpg\" \/>\n\t<meta property=\"og:image:width\" content=\"1920\" \/>\n\t<meta property=\"og:image:height\" content=\"550\" \/>\n\t<meta property=\"og:image:type\" content=\"image\/jpeg\" \/>\n<meta name=\"twitter:card\" content=\"summary_large_image\" \/>\n<meta name=\"twitter:label1\" content=\"Ber\u00e4knad l\u00e4stid\" \/>\n\t<meta name=\"twitter:data1\" content=\"1 minut\" \/>\n<script type=\"application\/ld+json\" class=\"yoast-schema-graph\">{\"@context\":\"https:\/\/schema.org\",\"@graph\":[{\"@type\":\"WebPage\",\"@id\":\"https:\/\/mis.dk\/om-mis-recycling\/sikkerhed\/\",\"url\":\"https:\/\/mis.dk\/om-mis-recycling\/sikkerhed\/\",\"name\":\"Sikkerhed - MIS Recycling\",\"isPartOf\":{\"@id\":\"https:\/\/mis.dk\/#website\"},\"primaryImageOfPage\":{\"@id\":\"https:\/\/mis.dk\/om-mis-recycling\/sikkerhed\/#primaryimage\"},\"image\":{\"@id\":\"https:\/\/mis.dk\/om-mis-recycling\/sikkerhed\/#primaryimage\"},\"thumbnailUrl\":\"https:\/\/mis.dk\/wp-content\/uploads\/2018\/01\/MIS_Recycling_Sikkerhed.jpg\",\"datePublished\":\"2018-01-03T07:11:24+00:00\",\"dateModified\":\"2024-12-06T13:04:10+00:00\",\"description\":\"Alle skal komme sikkert igennem arbejdsdagen i et af de mest risikofyldte arbejdsmilj\u00f8er med store maskiner og tunge materialer.\",\"breadcrumb\":{\"@id\":\"https:\/\/mis.dk\/om-mis-recycling\/sikkerhed\/#breadcrumb\"},\"inLanguage\":\"sv-SE\",\"potentialAction\":[{\"@type\":\"ReadAction\",\"target\":[\"https:\/\/mis.dk\/om-mis-recycling\/sikkerhed\/\"]}]},{\"@type\":\"ImageObject\",\"inLanguage\":\"sv-SE\",\"@id\":\"https:\/\/mis.dk\/om-mis-recycling\/sikkerhed\/#primaryimage\",\"url\":\"https:\/\/mis.dk\/wp-content\/uploads\/2018\/01\/MIS_Recycling_Sikkerhed.jpg\",\"contentUrl\":\"https:\/\/mis.dk\/wp-content\/uploads\/2018\/01\/MIS_Recycling_Sikkerhed.jpg\",\"width\":1920,\"height\":550,\"caption\":\"Sikkerhed hos MIS\"},{\"@type\":\"BreadcrumbList\",\"@id\":\"https:\/\/mis.dk\/om-mis-recycling\/sikkerhed\/#breadcrumb\",\"itemListElement\":[{\"@type\":\"ListItem\",\"position\":1,\"name\":\"Hjem\",\"item\":\"https:\/\/mis.dk\/\"},{\"@type\":\"ListItem\",\"position\":2,\"name\":\"Om MIS Recycling\",\"item\":\"https:\/\/mis.dk\/om-mis-recycling\/\"},{\"@type\":\"ListItem\",\"position\":3,\"name\":\"Sikkerhed\"}]},{\"@type\":\"WebSite\",\"@id\":\"https:\/\/mis.dk\/#website\",\"url\":\"https:\/\/mis.dk\/\",\"name\":\"MIS Recycling\",\"description\":\"GENANVENDELSE ER SUND FORNUFT OG GOD \u00d8KONOMI\",\"publisher\":{\"@id\":\"https:\/\/mis.dk\/#organization\"},\"potentialAction\":[{\"@type\":\"SearchAction\",\"target\":{\"@type\":\"EntryPoint\",\"urlTemplate\":\"https:\/\/mis.dk\/?s={search_term_string}\"},\"query-input\":{\"@type\":\"PropertyValueSpecification\",\"valueRequired\":true,\"valueName\":\"search_term_string\"}}],\"inLanguage\":\"sv-SE\"},{\"@type\":\"Organization\",\"@id\":\"https:\/\/mis.dk\/#organization\",\"name\":\"MIS Recycling\",\"url\":\"https:\/\/mis.dk\/\",\"logo\":{\"@type\":\"ImageObject\",\"inLanguage\":\"sv-SE\",\"@id\":\"https:\/\/mis.dk\/#\/schema\/logo\/image\/\",\"url\":\"https:\/\/mis.dk\/wp-content\/uploads\/2022\/07\/mis-logo.png\",\"contentUrl\":\"https:\/\/mis.dk\/wp-content\/uploads\/2022\/07\/mis-logo.png\",\"width\":110,\"height\":78,\"caption\":\"MIS Recycling\"},\"image\":{\"@id\":\"https:\/\/mis.dk\/#\/schema\/logo\/image\/\"}}]}<\/script>\n<!-- \/ Yoast SEO plugin. -->","yoast_head_json":{"title":"Sikkerhed - MIS Recycling","description":"Alle skal komme sikkert igennem arbejdsdagen i et af de mest risikofyldte arbejdsmilj\u00f8er med store maskiner og tunge materialer.","robots":{"index":"index","follow":"follow","max-snippet":"max-snippet:-1","max-image-preview":"max-image-preview:large","max-video-preview":"max-video-preview:-1"},"canonical":"https:\/\/mis.dk\/sv\/om-mis-recycling\/sikkerhed\/","og_locale":"sv_SE","og_type":"article","og_title":"Sikkerhed - MIS Recycling","og_description":"Alle skal komme sikkert igennem arbejdsdagen i et af de mest risikofyldte arbejdsmilj\u00f8er med store maskiner og tunge materialer.","og_url":"https:\/\/mis.dk\/sv\/om-mis-recycling\/sikkerhed\/","og_site_name":"MIS Recycling","article_modified_time":"2024-12-06T13:04:10+00:00","og_image":[{"width":1920,"height":550,"url":"https:\/\/mis.dk\/wp-content\/uploads\/2018\/01\/MIS_Recycling_Sikkerhed.jpg","type":"image\/jpeg"}],"twitter_card":"summary_large_image","twitter_misc":{"Ber\u00e4knad l\u00e4stid":"1 minut"},"schema":{"@context":"https:\/\/schema.org","@graph":[{"@type":"WebPage","@id":"https:\/\/mis.dk\/om-mis-recycling\/sikkerhed\/","url":"https:\/\/mis.dk\/om-mis-recycling\/sikkerhed\/","name":"Sikkerhed - MIS Recycling","isPartOf":{"@id":"https:\/\/mis.dk\/#website"},"primaryImageOfPage":{"@id":"https:\/\/mis.dk\/om-mis-recycling\/sikkerhed\/#primaryimage"},"image":{"@id":"https:\/\/mis.dk\/om-mis-recycling\/sikkerhed\/#primaryimage"},"thumbnailUrl":"https:\/\/mis.dk\/wp-content\/uploads\/2018\/01\/MIS_Recycling_Sikkerhed.jpg","datePublished":"2018-01-03T07:11:24+00:00","dateModified":"2024-12-06T13:04:10+00:00","description":"Alle skal komme sikkert igennem arbejdsdagen i et af de mest risikofyldte arbejdsmilj\u00f8er med store maskiner og tunge materialer.","breadcrumb":{"@id":"https:\/\/mis.dk\/om-mis-recycling\/sikkerhed\/#breadcrumb"},"inLanguage":"sv-SE","potentialAction":[{"@type":"ReadAction","target":["https:\/\/mis.dk\/om-mis-recycling\/sikkerhed\/"]}]},{"@type":"ImageObject","inLanguage":"sv-SE","@id":"https:\/\/mis.dk\/om-mis-recycling\/sikkerhed\/#primaryimage","url":"https:\/\/mis.dk\/wp-content\/uploads\/2018\/01\/MIS_Recycling_Sikkerhed.jpg","contentUrl":"https:\/\/mis.dk\/wp-content\/uploads\/2018\/01\/MIS_Recycling_Sikkerhed.jpg","width":1920,"height":550,"caption":"Sikkerhed hos MIS"},{"@type":"BreadcrumbList","@id":"https:\/\/mis.dk\/om-mis-recycling\/sikkerhed\/#breadcrumb","itemListElement":[{"@type":"ListItem","position":1,"name":"Hjem","item":"https:\/\/mis.dk\/"},{"@type":"ListItem","position":2,"name":"Om MIS Recycling","item":"https:\/\/mis.dk\/om-mis-recycling\/"},{"@type":"ListItem","position":3,"name":"Sikkerhed"}]},{"@type":"WebSite","@id":"https:\/\/mis.dk\/#website","url":"https:\/\/mis.dk\/","name":"MIS Recycling","description":"GENANVENDELSE ER SUND FORNUFT OG GOD \u00d8KONOMI","publisher":{"@id":"https:\/\/mis.dk\/#organization"},"potentialAction":[{"@type":"SearchAction","target":{"@type":"EntryPoint","urlTemplate":"https:\/\/mis.dk\/?s={search_term_string}"},"query-input":{"@type":"PropertyValueSpecification","valueRequired":true,"valueName":"search_term_string"}}],"inLanguage":"sv-SE"},{"@type":"Organization","@id":"https:\/\/mis.dk\/#organization","name":"MIS Recycling","url":"https:\/\/mis.dk\/","logo":{"@type":"ImageObject","inLanguage":"sv-SE","@id":"https:\/\/mis.dk\/#\/schema\/logo\/image\/","url":"https:\/\/mis.dk\/wp-content\/uploads\/2022\/07\/mis-logo.png","contentUrl":"https:\/\/mis.dk\/wp-content\/uploads\/2022\/07\/mis-logo.png","width":110,"height":78,"caption":"MIS Recycling"},"image":{"@id":"https:\/\/mis.dk\/#\/schema\/logo\/image\/"}}]}},"_links":{"self":[{"href":"https:\/\/mis.dk\/sv\/wp-json\/wp\/v2\/pages\/145","targetHints":{"allow":["GET"]}}],"collection":[{"href":"https:\/\/mis.dk\/sv\/wp-json\/wp\/v2\/pages"}],"about":[{"href":"https:\/\/mis.dk\/sv\/wp-json\/wp\/v2\/types\/page"}],"author":[{"embeddable":true,"href":"https:\/\/mis.dk\/sv\/wp-json\/wp\/v2\/users\/12"}],"replies":[{"embeddable":true,"href":"https:\/\/mis.dk\/sv\/wp-json\/wp\/v2\/comments?post=145"}],"version-history":[{"count":25,"href":"https:\/\/mis.dk\/sv\/wp-json\/wp\/v2\/pages\/145\/revisions"}],"predecessor-version":[{"id":6287,"href":"https:\/\/mis.dk\/sv\/wp-json\/wp\/v2\/pages\/145\/revisions\/6287"}],"up":[{"embeddable":true,"href":"https:\/\/mis.dk\/sv\/wp-json\/wp\/v2\/pages\/2333"}],"wp:featuredmedia":[{"embeddable":true,"href":"https:\/\/mis.dk\/sv\/wp-json\/wp\/v2\/media\/2801"}],"wp:attachment":[{"href":"https:\/\/mis.dk\/sv\/wp-json\/wp\/v2\/media?parent=145"}],"curies":[{"name":"wp","href":"https:\/\/api.w.org\/{rel}","templated":true}]}}