{"id":143,"date":"2018-01-03T08:11:01","date_gmt":"2018-01-03T07:11:01","guid":{"rendered":"http:\/\/mis.dk\/?page_id=143"},"modified":"2024-12-06T14:03:55","modified_gmt":"2024-12-06T13:03:55","slug":"miljoe","status":"publish","type":"page","link":"https:\/\/mis.dk\/sv\/om-mis-recycling\/miljoe\/","title":{"rendered":"Milj\u00f6"},"content":{"rendered":"<div data-elementor-type=\"wp-page\" data-elementor-id=\"143\" class=\"elementor elementor-143\" data-elementor-post-type=\"page\">\n\t\t\t\t\t\t<section class=\"elementor-section elementor-top-section elementor-element elementor-element-d895333 elementor-section-boxed elementor-section-height-default elementor-section-height-default\" data-id=\"d895333\" data-element_type=\"section\" data-settings=\"{&quot;background_background&quot;:&quot;classic&quot;}\">\n\t\t\t\t\t\t\t<div class=\"elementor-background-overlay\"><\/div>\n\t\t\t\t\t\t\t<div class=\"elementor-container elementor-column-gap-default\">\n\t\t\t\t\t<div class=\"elementor-column elementor-col-100 elementor-top-column elementor-element elementor-element-3e39eee\" data-id=\"3e39eee\" data-element_type=\"column\">\n\t\t\t<div class=\"elementor-widget-wrap elementor-element-populated\">\n\t\t\t\t\t\t<section class=\"elementor-section elementor-inner-section elementor-element elementor-element-d8eaf07 elementor-section-boxed elementor-section-height-default elementor-section-height-default\" data-id=\"d8eaf07\" data-element_type=\"section\">\n\t\t\t\t\t\t<div class=\"elementor-container elementor-column-gap-default\">\n\t\t\t\t\t<div class=\"elementor-column elementor-col-50 elementor-inner-column elementor-element elementor-element-46c3cd4\" data-id=\"46c3cd4\" data-element_type=\"column\">\n\t\t\t<div class=\"elementor-widget-wrap elementor-element-populated\">\n\t\t\t\t\t\t<div class=\"elementor-element elementor-element-5d273b8 elementor-widget elementor-widget-breadcrumbs\" data-id=\"5d273b8\" data-element_type=\"widget\" data-widget_type=\"breadcrumbs.default\">\n\t\t\t\t<div class=\"elementor-widget-container\">\n\t\t\t\t\t<p id=\"breadcrumbs\"><span><span><a href=\"https:\/\/mis.dk\/sv\/\">Hem<\/a><\/span><\/span><\/p>\t\t\t\t<\/div>\n\t\t\t\t<\/div>\n\t\t\t\t<div class=\"elementor-element elementor-element-cdd67da elementor-widget elementor-widget-heading\" data-id=\"cdd67da\" data-element_type=\"widget\" data-widget_type=\"heading.default\">\n\t\t\t\t<div class=\"elementor-widget-container\">\n\t\t\t\t\t<h1 class=\"elementor-heading-title elementor-size-default\">Milj\u00f6<\/h1>\t\t\t\t<\/div>\n\t\t\t\t<\/div>\n\t\t\t\t\t<\/div>\n\t\t<\/div>\n\t\t\t\t<div class=\"elementor-column elementor-col-50 elementor-inner-column elementor-element elementor-element-d3fed68\" data-id=\"d3fed68\" data-element_type=\"column\">\n\t\t\t<div class=\"elementor-widget-wrap\">\n\t\t\t\t\t\t\t<\/div>\n\t\t<\/div>\n\t\t\t\t\t<\/div>\n\t\t<\/section>\n\t\t\t\t\t<\/div>\n\t\t<\/div>\n\t\t\t\t\t<\/div>\n\t\t<\/section>\n\t\t\t\t<section class=\"elementor-section elementor-top-section elementor-element elementor-element-9e98c8a elementor-section-boxed elementor-section-height-default elementor-section-height-default\" data-id=\"9e98c8a\" data-element_type=\"section\" data-settings=\"{&quot;background_background&quot;:&quot;classic&quot;}\">\n\t\t\t\t\t\t\t<div class=\"elementor-background-overlay\"><\/div>\n\t\t\t\t\t\t\t<div class=\"elementor-container elementor-column-gap-default\">\n\t\t\t\t\t<div class=\"elementor-column elementor-col-100 elementor-top-column elementor-element elementor-element-5ce5abb\" data-id=\"5ce5abb\" data-element_type=\"column\">\n\t\t\t<div class=\"elementor-widget-wrap elementor-element-populated\">\n\t\t\t\t\t\t<section class=\"elementor-section elementor-inner-section elementor-element elementor-element-46bda10 elementor-section-full_width elementor-reverse-tablet elementor-section-height-default elementor-section-height-default\" data-id=\"46bda10\" data-element_type=\"section\">\n\t\t\t\t\t\t<div class=\"elementor-container elementor-column-gap-default\">\n\t\t\t\t\t<div class=\"elementor-column elementor-col-50 elementor-inner-column elementor-element elementor-element-739b72d\" data-id=\"739b72d\" data-element_type=\"column\">\n\t\t\t<div class=\"elementor-widget-wrap elementor-element-populated\">\n\t\t\t\t\t\t<div class=\"elementor-element elementor-element-3177240 elementor-widget elementor-widget-heading\" data-id=\"3177240\" data-element_type=\"widget\" data-widget_type=\"heading.default\">\n\t\t\t\t<div class=\"elementor-widget-container\">\n\t\t\t\t\t<h2 class=\"elementor-heading-title elementor-size-default\">VI T\u00c4NKER GR\u00d6NT<\/h2>\t\t\t\t<\/div>\n\t\t\t\t<\/div>\n\t\t\t\t<div class=\"elementor-element elementor-element-f826237 elementor-widget elementor-widget-text-editor\" data-id=\"f826237\" data-element_type=\"widget\" data-widget_type=\"text-editor.default\">\n\t\t\t\t<div class=\"elementor-widget-container\">\n\t\t\t\t\t\t\t\t\t<p>P\u00e5 20 \u00e5r har vi blivit Danmarks st\u00f6rsta krossentrepren\u00f6r. Tillv\u00e4xt, samt att vara ledande p\u00e5 ett omr\u00e5de, \u00e4r n\u00e5got som f\u00f6rpliktigar. \u00c4ven i f\u00f6rh\u00e5llande till milj\u00f6n och den planet som vi har till l\u00e5ns. Vi tror p\u00e5 att alla ska ta ansvar. Privat och p\u00e5 jobbet. D\u00e4rf\u00f6r \u00e4r vi gr\u00f6na, \u00e4ven n\u00e4r vi \u00e4r p\u00e5 jobbet. Vi t\u00e4nker gr\u00f6nt och ansvarsfullt och str\u00e4var efter att skona v\u00e5r gemensamma milj\u00f6 s\u00e5 l\u00e5ngt det \u00e4r m\u00f6jligt.<\/p><p>Till exempel genom att ge v\u00e5ra kunder optimerade l\u00f6sningar f\u00f6r \u00e5teranv\u00e4ndning av rivningsmaterial, tegel eller asfalt. Samt genom att sj\u00e4lva k\u00e4llsortera f\u00f6r \u00e5teranv\u00e4ndning. Eller genom att anv\u00e4nda den modernaste tekniken med den l\u00e4gsta CO2-belastningen, anv\u00e4nda den b\u00e4sta logistiken, den l\u00e4gsta br\u00e4nslef\u00f6rbrukningen och minimal tomg\u00e5ngsk\u00f6rning med v\u00e5ra maskiner och anl\u00e4ggningar.<\/p><p>Vi tror p\u00e5 att b\u00e5de utveckling och milj\u00f6 kan v\u00e4xa tillsammans.<\/p>\t\t\t\t\t\t\t\t<\/div>\n\t\t\t\t<\/div>\n\t\t\t\t\t<\/div>\n\t\t<\/div>\n\t\t\t\t<div class=\"elementor-column elementor-col-50 elementor-inner-column elementor-element elementor-element-bed6a4e\" data-id=\"bed6a4e\" data-element_type=\"column\">\n\t\t\t<div class=\"elementor-widget-wrap elementor-element-populated\">\n\t\t\t\t\t\t<div class=\"elementor-element elementor-element-290890d elementor-widget elementor-widget-heading\" data-id=\"290890d\" data-element_type=\"widget\" data-widget_type=\"heading.default\">\n\t\t\t\t<div class=\"elementor-widget-container\">\n\t\t\t\t\t<h5 class=\"elementor-heading-title elementor-size-default\">Letar efter n\u00e5gonting?<\/h5>\t\t\t\t<\/div>\n\t\t\t\t<\/div>\n\t\t\t\t<div class=\"elementor-element elementor-element-4ba36bb elementor-icon-list--layout-traditional elementor-list-item-link-full_width elementor-widget elementor-widget-icon-list\" data-id=\"4ba36bb\" data-element_type=\"widget\" data-widget_type=\"icon-list.default\">\n\t\t\t\t<div class=\"elementor-widget-container\">\n\t\t\t\t\t\t\t<ul class=\"elementor-icon-list-items\">\n\t\t\t\t\t\t\t<li class=\"elementor-icon-list-item\">\n\t\t\t\t\t\t\t\t\t\t\t<a href=\"\/sv\/om-mis-recycling\/om-mis-recycling2\/\">\n\n\t\t\t\t\t\t\t\t\t\t\t\t<span class=\"elementor-icon-list-icon\">\n\t\t\t\t\t\t\t<svg aria-hidden=\"true\" class=\"e-font-icon-svg e-fas-caret-right\" viewbox=\"0 0 192 512\" xmlns=\"http:\/\/www.w3.org\/2000\/svg\"><path d=\"M0 384.662V127.338c0-17.818 21.543-26.741 34.142-14.142l128.662 128.662c7.81 7.81 7.81 20.474 0 28.284L34.142 398.804C21.543 411.404 0 402.48 0 384.662z\"><\/path><\/svg>\t\t\t\t\t\t<\/span>\n\t\t\t\t\t\t\t\t\t\t<span class=\"elementor-icon-list-text\">V\u00e5r historia<\/span>\n\t\t\t\t\t\t\t\t\t\t\t<\/a>\n\t\t\t\t\t\t\t\t\t<\/li>\n\t\t\t\t\t\t\t\t<li class=\"elementor-icon-list-item\">\n\t\t\t\t\t\t\t\t\t\t\t<a href=\"\/sv\/om-mis-recycling\/miljoe\/\">\n\n\t\t\t\t\t\t\t\t\t\t\t\t<span class=\"elementor-icon-list-icon\">\n\t\t\t\t\t\t\t<svg aria-hidden=\"true\" class=\"e-font-icon-svg e-fas-caret-right\" viewbox=\"0 0 192 512\" xmlns=\"http:\/\/www.w3.org\/2000\/svg\"><path d=\"M0 384.662V127.338c0-17.818 21.543-26.741 34.142-14.142l128.662 128.662c7.81 7.81 7.81 20.474 0 28.284L34.142 398.804C21.543 411.404 0 402.48 0 384.662z\"><\/path><\/svg>\t\t\t\t\t\t<\/span>\n\t\t\t\t\t\t\t\t\t\t<span class=\"elementor-icon-list-text\">Milj\u00f6<\/span>\n\t\t\t\t\t\t\t\t\t\t\t<\/a>\n\t\t\t\t\t\t\t\t\t<\/li>\n\t\t\t\t\t\t\t\t<li class=\"elementor-icon-list-item\">\n\t\t\t\t\t\t\t\t\t\t\t<a href=\"\/sv\/om-mis-recycling\/sikkerhed\/\">\n\n\t\t\t\t\t\t\t\t\t\t\t\t<span class=\"elementor-icon-list-icon\">\n\t\t\t\t\t\t\t<svg aria-hidden=\"true\" class=\"e-font-icon-svg e-fas-caret-right\" viewbox=\"0 0 192 512\" xmlns=\"http:\/\/www.w3.org\/2000\/svg\"><path d=\"M0 384.662V127.338c0-17.818 21.543-26.741 34.142-14.142l128.662 128.662c7.81 7.81 7.81 20.474 0 28.284L34.142 398.804C21.543 411.404 0 402.48 0 384.662z\"><\/path><\/svg>\t\t\t\t\t\t<\/span>\n\t\t\t\t\t\t\t\t\t\t<span class=\"elementor-icon-list-text\">s\u00e4kerhet<\/span>\n\t\t\t\t\t\t\t\t\t\t\t<\/a>\n\t\t\t\t\t\t\t\t\t<\/li>\n\t\t\t\t\t\t\t\t<li class=\"elementor-icon-list-item\">\n\t\t\t\t\t\t\t\t\t\t\t<a href=\"\/sv\/om-mis-recycling\/job\/\">\n\n\t\t\t\t\t\t\t\t\t\t\t\t<span class=\"elementor-icon-list-icon\">\n\t\t\t\t\t\t\t<svg aria-hidden=\"true\" class=\"e-font-icon-svg e-fas-caret-right\" viewbox=\"0 0 192 512\" xmlns=\"http:\/\/www.w3.org\/2000\/svg\"><path d=\"M0 384.662V127.338c0-17.818 21.543-26.741 34.142-14.142l128.662 128.662c7.81 7.81 7.81 20.474 0 28.284L34.142 398.804C21.543 411.404 0 402.48 0 384.662z\"><\/path><\/svg>\t\t\t\t\t\t<\/span>\n\t\t\t\t\t\t\t\t\t\t<span class=\"elementor-icon-list-text\">Jobba hos oss<\/span>\n\t\t\t\t\t\t\t\t\t\t\t<\/a>\n\t\t\t\t\t\t\t\t\t<\/li>\n\t\t\t\t\t\t\t\t<li class=\"elementor-icon-list-item\">\n\t\t\t\t\t\t\t\t\t\t\t<a href=\"\/sv\/om-mis-recycling\/faa-vores-nyhedsbrev\/\">\n\n\t\t\t\t\t\t\t\t\t\t\t\t<span class=\"elementor-icon-list-icon\">\n\t\t\t\t\t\t\t<svg aria-hidden=\"true\" class=\"e-font-icon-svg e-fas-caret-right\" viewbox=\"0 0 192 512\" xmlns=\"http:\/\/www.w3.org\/2000\/svg\"><path d=\"M0 384.662V127.338c0-17.818 21.543-26.741 34.142-14.142l128.662 128.662c7.81 7.81 7.81 20.474 0 28.284L34.142 398.804C21.543 411.404 0 402.48 0 384.662z\"><\/path><\/svg>\t\t\t\t\t\t<\/span>\n\t\t\t\t\t\t\t\t\t\t<span class=\"elementor-icon-list-text\">Nyhetsbrev<\/span>\n\t\t\t\t\t\t\t\t\t\t\t<\/a>\n\t\t\t\t\t\t\t\t\t<\/li>\n\t\t\t\t\t\t<\/ul>\n\t\t\t\t\t\t<\/div>\n\t\t\t\t<\/div>\n\t\t\t\t\t<\/div>\n\t\t<\/div>\n\t\t\t\t\t<\/div>\n\t\t<\/section>\n\t\t\t\t\t<\/div>\n\t\t<\/div>\n\t\t\t\t\t<\/div>\n\t\t<\/section>\n\t\t\t\t<\/div>","protected":false},"excerpt":{"rendered":"<p>Milj\u00f8 VI T\u00c6NKER GR\u00d8NT P\u00e5 bare 25 \u00e5r er vi blevet Danmarks st\u00f8rste knuseentrepren\u00f8r. V\u00e6kst &#8211; og det at v\u00e6re ledende og st\u00f8rst, forpligter. Ogs\u00e5 i forhold til milj\u00f8et og den verden vi kun har til l\u00e5ns. Vi tror p\u00e5, at den enkelte skal tage ansvar. Privat og p\u00e5 jobbet. Derfor er vi gr\u00f8nne &#8211; [&hellip;]<\/p>","protected":false},"author":12,"featured_media":2745,"parent":2333,"menu_order":0,"comment_status":"closed","ping_status":"closed","template":"","meta":{"iawp_total_views":270,"footnotes":""},"class_list":["post-143","page","type-page","status-publish","has-post-thumbnail","hentry"],"yoast_head":"<!-- This site is optimized with the Yoast SEO plugin v24.1 - https:\/\/yoast.com\/wordpress\/plugins\/seo\/ -->\n<title>Milj\u00f8 tiltag - MIS Recycling<\/title>\n<meta name=\"description\" content=\"P\u00e5 bare 25 \u00e5r er vi blevet Danmarks st\u00f8rste knuseentrepren\u00f8r. V\u00e6kst \u2013 og det at v\u00e6re ledende og st\u00f8rst, forpligter.\" \/>\n<meta name=\"robots\" content=\"index, follow, max-snippet:-1, max-image-preview:large, max-video-preview:-1\" \/>\n<link rel=\"canonical\" href=\"https:\/\/mis.dk\/sv\/om-mis-recycling\/miljoe\/\" \/>\n<meta property=\"og:locale\" content=\"sv_SE\" \/>\n<meta property=\"og:type\" content=\"article\" \/>\n<meta property=\"og:title\" content=\"Milj\u00f8 tiltag - MIS Recycling\" \/>\n<meta property=\"og:description\" content=\"P\u00e5 bare 25 \u00e5r er vi blevet Danmarks st\u00f8rste knuseentrepren\u00f8r. V\u00e6kst \u2013 og det at v\u00e6re ledende og st\u00f8rst, forpligter.\" \/>\n<meta property=\"og:url\" content=\"https:\/\/mis.dk\/sv\/om-mis-recycling\/miljoe\/\" \/>\n<meta property=\"og:site_name\" content=\"MIS Recycling\" \/>\n<meta property=\"article:modified_time\" content=\"2024-12-06T13:03:55+00:00\" \/>\n<meta property=\"og:image\" content=\"https:\/\/mis.dk\/wp-content\/uploads\/2018\/01\/31886481_10213456931510065_8948743796359692288_n.jpg\" \/>\n\t<meta property=\"og:image:width\" content=\"960\" \/>\n\t<meta property=\"og:image:height\" content=\"720\" \/>\n\t<meta property=\"og:image:type\" content=\"image\/jpeg\" \/>\n<meta name=\"twitter:card\" content=\"summary_large_image\" \/>\n<meta name=\"twitter:label1\" content=\"Ber\u00e4knad l\u00e4stid\" \/>\n\t<meta name=\"twitter:data1\" content=\"1 minut\" \/>\n<script type=\"application\/ld+json\" class=\"yoast-schema-graph\">{\"@context\":\"https:\/\/schema.org\",\"@graph\":[{\"@type\":\"WebPage\",\"@id\":\"https:\/\/mis.dk\/om-mis-recycling\/miljoe\/\",\"url\":\"https:\/\/mis.dk\/om-mis-recycling\/miljoe\/\",\"name\":\"Milj\u00f8 tiltag - MIS Recycling\",\"isPartOf\":{\"@id\":\"https:\/\/mis.dk\/#website\"},\"primaryImageOfPage\":{\"@id\":\"https:\/\/mis.dk\/om-mis-recycling\/miljoe\/#primaryimage\"},\"image\":{\"@id\":\"https:\/\/mis.dk\/om-mis-recycling\/miljoe\/#primaryimage\"},\"thumbnailUrl\":\"https:\/\/mis.dk\/wp-content\/uploads\/2018\/01\/31886481_10213456931510065_8948743796359692288_n.jpg\",\"datePublished\":\"2018-01-03T07:11:01+00:00\",\"dateModified\":\"2024-12-06T13:03:55+00:00\",\"description\":\"P\u00e5 bare 25 \u00e5r er vi blevet Danmarks st\u00f8rste knuseentrepren\u00f8r. V\u00e6kst \u2013 og det at v\u00e6re ledende og st\u00f8rst, forpligter.\",\"breadcrumb\":{\"@id\":\"https:\/\/mis.dk\/om-mis-recycling\/miljoe\/#breadcrumb\"},\"inLanguage\":\"sv-SE\",\"potentialAction\":[{\"@type\":\"ReadAction\",\"target\":[\"https:\/\/mis.dk\/om-mis-recycling\/miljoe\/\"]}]},{\"@type\":\"ImageObject\",\"inLanguage\":\"sv-SE\",\"@id\":\"https:\/\/mis.dk\/om-mis-recycling\/miljoe\/#primaryimage\",\"url\":\"https:\/\/mis.dk\/wp-content\/uploads\/2018\/01\/31886481_10213456931510065_8948743796359692288_n.jpg\",\"contentUrl\":\"https:\/\/mis.dk\/wp-content\/uploads\/2018\/01\/31886481_10213456931510065_8948743796359692288_n.jpg\",\"width\":960,\"height\":720,\"caption\":\"Milj\u00f8 hos MIS\"},{\"@type\":\"BreadcrumbList\",\"@id\":\"https:\/\/mis.dk\/om-mis-recycling\/miljoe\/#breadcrumb\",\"itemListElement\":[{\"@type\":\"ListItem\",\"position\":1,\"name\":\"Hjem\",\"item\":\"https:\/\/mis.dk\/\"},{\"@type\":\"ListItem\",\"position\":2,\"name\":\"Om MIS Recycling\",\"item\":\"https:\/\/mis.dk\/om-mis-recycling\/\"},{\"@type\":\"ListItem\",\"position\":3,\"name\":\"Milj\u00f8\"}]},{\"@type\":\"WebSite\",\"@id\":\"https:\/\/mis.dk\/#website\",\"url\":\"https:\/\/mis.dk\/\",\"name\":\"MIS Recycling\",\"description\":\"GENANVENDELSE ER SUND FORNUFT OG GOD \u00d8KONOMI\",\"publisher\":{\"@id\":\"https:\/\/mis.dk\/#organization\"},\"potentialAction\":[{\"@type\":\"SearchAction\",\"target\":{\"@type\":\"EntryPoint\",\"urlTemplate\":\"https:\/\/mis.dk\/?s={search_term_string}\"},\"query-input\":{\"@type\":\"PropertyValueSpecification\",\"valueRequired\":true,\"valueName\":\"search_term_string\"}}],\"inLanguage\":\"sv-SE\"},{\"@type\":\"Organization\",\"@id\":\"https:\/\/mis.dk\/#organization\",\"name\":\"MIS Recycling\",\"url\":\"https:\/\/mis.dk\/\",\"logo\":{\"@type\":\"ImageObject\",\"inLanguage\":\"sv-SE\",\"@id\":\"https:\/\/mis.dk\/#\/schema\/logo\/image\/\",\"url\":\"https:\/\/mis.dk\/wp-content\/uploads\/2022\/07\/mis-logo.png\",\"contentUrl\":\"https:\/\/mis.dk\/wp-content\/uploads\/2022\/07\/mis-logo.png\",\"width\":110,\"height\":78,\"caption\":\"MIS Recycling\"},\"image\":{\"@id\":\"https:\/\/mis.dk\/#\/schema\/logo\/image\/\"}}]}<\/script>\n<!-- \/ Yoast SEO plugin. -->","yoast_head_json":{"title":"Milj\u00f8 tiltag - MIS Recycling","description":"P\u00e5 bare 25 \u00e5r er vi blevet Danmarks st\u00f8rste knuseentrepren\u00f8r. V\u00e6kst \u2013 og det at v\u00e6re ledende og st\u00f8rst, forpligter.","robots":{"index":"index","follow":"follow","max-snippet":"max-snippet:-1","max-image-preview":"max-image-preview:large","max-video-preview":"max-video-preview:-1"},"canonical":"https:\/\/mis.dk\/sv\/om-mis-recycling\/miljoe\/","og_locale":"sv_SE","og_type":"article","og_title":"Milj\u00f8 tiltag - MIS Recycling","og_description":"P\u00e5 bare 25 \u00e5r er vi blevet Danmarks st\u00f8rste knuseentrepren\u00f8r. V\u00e6kst \u2013 og det at v\u00e6re ledende og st\u00f8rst, forpligter.","og_url":"https:\/\/mis.dk\/sv\/om-mis-recycling\/miljoe\/","og_site_name":"MIS Recycling","article_modified_time":"2024-12-06T13:03:55+00:00","og_image":[{"width":960,"height":720,"url":"https:\/\/mis.dk\/wp-content\/uploads\/2018\/01\/31886481_10213456931510065_8948743796359692288_n.jpg","type":"image\/jpeg"}],"twitter_card":"summary_large_image","twitter_misc":{"Ber\u00e4knad l\u00e4stid":"1 minut"},"schema":{"@context":"https:\/\/schema.org","@graph":[{"@type":"WebPage","@id":"https:\/\/mis.dk\/om-mis-recycling\/miljoe\/","url":"https:\/\/mis.dk\/om-mis-recycling\/miljoe\/","name":"Milj\u00f8 tiltag - MIS Recycling","isPartOf":{"@id":"https:\/\/mis.dk\/#website"},"primaryImageOfPage":{"@id":"https:\/\/mis.dk\/om-mis-recycling\/miljoe\/#primaryimage"},"image":{"@id":"https:\/\/mis.dk\/om-mis-recycling\/miljoe\/#primaryimage"},"thumbnailUrl":"https:\/\/mis.dk\/wp-content\/uploads\/2018\/01\/31886481_10213456931510065_8948743796359692288_n.jpg","datePublished":"2018-01-03T07:11:01+00:00","dateModified":"2024-12-06T13:03:55+00:00","description":"P\u00e5 bare 25 \u00e5r er vi blevet Danmarks st\u00f8rste knuseentrepren\u00f8r. V\u00e6kst \u2013 og det at v\u00e6re ledende og st\u00f8rst, forpligter.","breadcrumb":{"@id":"https:\/\/mis.dk\/om-mis-recycling\/miljoe\/#breadcrumb"},"inLanguage":"sv-SE","potentialAction":[{"@type":"ReadAction","target":["https:\/\/mis.dk\/om-mis-recycling\/miljoe\/"]}]},{"@type":"ImageObject","inLanguage":"sv-SE","@id":"https:\/\/mis.dk\/om-mis-recycling\/miljoe\/#primaryimage","url":"https:\/\/mis.dk\/wp-content\/uploads\/2018\/01\/31886481_10213456931510065_8948743796359692288_n.jpg","contentUrl":"https:\/\/mis.dk\/wp-content\/uploads\/2018\/01\/31886481_10213456931510065_8948743796359692288_n.jpg","width":960,"height":720,"caption":"Milj\u00f8 hos MIS"},{"@type":"BreadcrumbList","@id":"https:\/\/mis.dk\/om-mis-recycling\/miljoe\/#breadcrumb","itemListElement":[{"@type":"ListItem","position":1,"name":"Hjem","item":"https:\/\/mis.dk\/"},{"@type":"ListItem","position":2,"name":"Om MIS Recycling","item":"https:\/\/mis.dk\/om-mis-recycling\/"},{"@type":"ListItem","position":3,"name":"Milj\u00f8"}]},{"@type":"WebSite","@id":"https:\/\/mis.dk\/#website","url":"https:\/\/mis.dk\/","name":"MIS Recycling","description":"GENANVENDELSE ER SUND FORNUFT OG GOD \u00d8KONOMI","publisher":{"@id":"https:\/\/mis.dk\/#organization"},"potentialAction":[{"@type":"SearchAction","target":{"@type":"EntryPoint","urlTemplate":"https:\/\/mis.dk\/?s={search_term_string}"},"query-input":{"@type":"PropertyValueSpecification","valueRequired":true,"valueName":"search_term_string"}}],"inLanguage":"sv-SE"},{"@type":"Organization","@id":"https:\/\/mis.dk\/#organization","name":"MIS Recycling","url":"https:\/\/mis.dk\/","logo":{"@type":"ImageObject","inLanguage":"sv-SE","@id":"https:\/\/mis.dk\/#\/schema\/logo\/image\/","url":"https:\/\/mis.dk\/wp-content\/uploads\/2022\/07\/mis-logo.png","contentUrl":"https:\/\/mis.dk\/wp-content\/uploads\/2022\/07\/mis-logo.png","width":110,"height":78,"caption":"MIS Recycling"},"image":{"@id":"https:\/\/mis.dk\/#\/schema\/logo\/image\/"}}]}},"_links":{"self":[{"href":"https:\/\/mis.dk\/sv\/wp-json\/wp\/v2\/pages\/143","targetHints":{"allow":["GET"]}}],"collection":[{"href":"https:\/\/mis.dk\/sv\/wp-json\/wp\/v2\/pages"}],"about":[{"href":"https:\/\/mis.dk\/sv\/wp-json\/wp\/v2\/types\/page"}],"author":[{"embeddable":true,"href":"https:\/\/mis.dk\/sv\/wp-json\/wp\/v2\/users\/12"}],"replies":[{"embeddable":true,"href":"https:\/\/mis.dk\/sv\/wp-json\/wp\/v2\/comments?post=143"}],"version-history":[{"count":33,"href":"https:\/\/mis.dk\/sv\/wp-json\/wp\/v2\/pages\/143\/revisions"}],"predecessor-version":[{"id":6284,"href":"https:\/\/mis.dk\/sv\/wp-json\/wp\/v2\/pages\/143\/revisions\/6284"}],"up":[{"embeddable":true,"href":"https:\/\/mis.dk\/sv\/wp-json\/wp\/v2\/pages\/2333"}],"wp:featuredmedia":[{"embeddable":true,"href":"https:\/\/mis.dk\/sv\/wp-json\/wp\/v2\/media\/2745"}],"wp:attachment":[{"href":"https:\/\/mis.dk\/sv\/wp-json\/wp\/v2\/media?parent=143"}],"curies":[{"name":"wp","href":"https:\/\/api.w.org\/{rel}","templated":true}]}}