{"id":132,"date":"2018-01-03T08:04:21","date_gmt":"2018-01-03T07:04:21","guid":{"rendered":"http:\/\/mis.dk\/?page_id=132"},"modified":"2024-12-06T14:02:30","modified_gmt":"2024-12-06T13:02:30","slug":"gummigeder","status":"publish","type":"page","link":"https:\/\/mis.dk\/sv\/mis-rental\/gummigeder\/","title":{"rendered":"Gummigeder"},"content":{"rendered":"<div data-elementor-type=\"wp-page\" data-elementor-id=\"132\" class=\"elementor elementor-132\" data-elementor-post-type=\"page\">\n\t\t\t\t\t\t<section class=\"elementor-section elementor-top-section elementor-element elementor-element-0bc61a4 elementor-section-boxed elementor-section-height-default elementor-section-height-default\" data-id=\"0bc61a4\" data-element_type=\"section\" data-settings=\"{&quot;background_background&quot;:&quot;classic&quot;}\">\n\t\t\t\t\t\t\t<div class=\"elementor-background-overlay\"><\/div>\n\t\t\t\t\t\t\t<div class=\"elementor-container elementor-column-gap-default\">\n\t\t\t\t\t<div class=\"elementor-column elementor-col-100 elementor-top-column elementor-element elementor-element-18b10ec\" data-id=\"18b10ec\" data-element_type=\"column\">\n\t\t\t<div class=\"elementor-widget-wrap elementor-element-populated\">\n\t\t\t\t\t\t<section class=\"elementor-section elementor-inner-section elementor-element elementor-element-af3ac17 elementor-section-boxed elementor-section-height-default elementor-section-height-default\" data-id=\"af3ac17\" data-element_type=\"section\">\n\t\t\t\t\t\t<div class=\"elementor-container elementor-column-gap-default\">\n\t\t\t\t\t<div class=\"elementor-column elementor-col-50 elementor-inner-column elementor-element elementor-element-5b6f6dd\" data-id=\"5b6f6dd\" data-element_type=\"column\">\n\t\t\t<div class=\"elementor-widget-wrap elementor-element-populated\">\n\t\t\t\t\t\t<div class=\"elementor-element elementor-element-2cfb39b elementor-widget elementor-widget-heading\" data-id=\"2cfb39b\" data-element_type=\"widget\" data-widget_type=\"heading.default\">\n\t\t\t\t<div class=\"elementor-widget-container\">\n\t\t\t\t\t<h1 class=\"elementor-heading-title elementor-size-default\">HJULLASTARE<\/h1>\t\t\t\t<\/div>\n\t\t\t\t<\/div>\n\t\t\t\t<div class=\"elementor-element elementor-element-5dfaf45 elementor-widget elementor-widget-text-editor\" data-id=\"5dfaf45\" data-element_type=\"widget\" data-widget_type=\"text-editor.default\">\n\t\t\t\t<div class=\"elementor-widget-container\">\n\t\t\t\t\t\t\t\t\t<p>F\u00e5 h\u00f6gre effektivitet, massor av kraft, br\u00e4nslebesparande och inte minst god komfort i f\u00f6rarhytten. Med v\u00e5ra lastmaskiner f\u00e5r du en behaglig arbetsplats med god sikt, ergonomiska s\u00e4ten och ett extra \u00f6ga \u2013 hjullastarens backkamera.<\/p><p><strong>UPPM\u00c4RKSAMHET:<\/strong> Alla gummigetter hyrs endast med f\u00f6rare<\/p><p>Alla maskiner hyrs endast ut p\u00e5 m\u00e5nadsbasis.<\/p><p>Om du har n\u00e5gra fr\u00e5gor eller vill ha ett hyrespris, v\u00e4nligen ring oss p\u00e5:<a href=\"telefon: 57 80 80 83\"> 57 80 80 83<\/a>.<\/p><p><span style=\"color: #ff6600;\"><span style=\"color: #000000;\">Se v\u00e5r <a href=\"https:\/\/mis.dk\/wp-content\/uploads\/2018\/01\/MIS_Rental_udlejningsbrochure_2019_u.pdf\">broschyr om alla hyrmaskiner<\/a><\/span><\/span><\/p>\t\t\t\t\t\t\t\t<\/div>\n\t\t\t\t<\/div>\n\t\t\t\t\t<\/div>\n\t\t<\/div>\n\t\t\t\t<div class=\"elementor-column elementor-col-50 elementor-inner-column elementor-element elementor-element-a56c43a\" data-id=\"a56c43a\" data-element_type=\"column\">\n\t\t\t<div class=\"elementor-widget-wrap elementor-element-populated\">\n\t\t\t\t\t\t<div class=\"elementor-element elementor-element-59d8494 elementor-widget elementor-widget-heading\" data-id=\"59d8494\" data-element_type=\"widget\" data-widget_type=\"heading.default\">\n\t\t\t\t<div class=\"elementor-widget-container\">\n\t\t\t\t\t<h5 class=\"elementor-heading-title elementor-size-default\">\u00d6vriga uthyrningar<\/h5>\t\t\t\t<\/div>\n\t\t\t\t<\/div>\n\t\t\t\t<div class=\"elementor-element elementor-element-a82889d elementor-icon-list--layout-traditional elementor-list-item-link-full_width elementor-widget elementor-widget-icon-list\" data-id=\"a82889d\" data-element_type=\"widget\" data-widget_type=\"icon-list.default\">\n\t\t\t\t<div class=\"elementor-widget-container\">\n\t\t\t\t\t\t\t<ul class=\"elementor-icon-list-items\">\n\t\t\t\t\t\t\t<li class=\"elementor-icon-list-item\">\n\t\t\t\t\t\t\t\t\t\t\t<a href=\"https:\/\/mis.dk\/sv\/mis-rental-3__trashed\/gravemaskiner\/\">\n\n\t\t\t\t\t\t\t\t\t\t\t\t<span class=\"elementor-icon-list-icon\">\n\t\t\t\t\t\t\t<svg aria-hidden=\"true\" class=\"e-font-icon-svg e-fas-caret-right\" viewbox=\"0 0 192 512\" xmlns=\"http:\/\/www.w3.org\/2000\/svg\"><path d=\"M0 384.662V127.338c0-17.818 21.543-26.741 34.142-14.142l128.662 128.662c7.81 7.81 7.81 20.474 0 28.284L34.142 398.804C21.543 411.404 0 402.48 0 384.662z\"><\/path><\/svg>\t\t\t\t\t\t<\/span>\n\t\t\t\t\t\t\t\t\t\t<span class=\"elementor-icon-list-text\">Gr\u00e4vmaskin<\/span>\n\t\t\t\t\t\t\t\t\t\t\t<\/a>\n\t\t\t\t\t\t\t\t\t<\/li>\n\t\t\t\t\t\t\t\t<li class=\"elementor-icon-list-item\">\n\t\t\t\t\t\t\t\t\t\t\t<a href=\"https:\/\/mis.dk\/sv\/mis-rental-3__trashed\/gummigeder\/\">\n\n\t\t\t\t\t\t\t\t\t\t\t\t<span class=\"elementor-icon-list-icon\">\n\t\t\t\t\t\t\t<svg aria-hidden=\"true\" class=\"e-font-icon-svg e-fas-caret-right\" viewbox=\"0 0 192 512\" xmlns=\"http:\/\/www.w3.org\/2000\/svg\"><path d=\"M0 384.662V127.338c0-17.818 21.543-26.741 34.142-14.142l128.662 128.662c7.81 7.81 7.81 20.474 0 28.284L34.142 398.804C21.543 411.404 0 402.48 0 384.662z\"><\/path><\/svg>\t\t\t\t\t\t<\/span>\n\t\t\t\t\t\t\t\t\t\t<span class=\"elementor-icon-list-text\">Hjullastare<\/span>\n\t\t\t\t\t\t\t\t\t\t\t<\/a>\n\t\t\t\t\t\t\t\t\t<\/li>\n\t\t\t\t\t\t\t\t<li class=\"elementor-icon-list-item\">\n\t\t\t\t\t\t\t\t\t\t\t<a href=\"https:\/\/mis.dk\/sv\/laessemasker\/\">\n\n\t\t\t\t\t\t\t\t\t\t\t\t<span class=\"elementor-icon-list-icon\">\n\t\t\t\t\t\t\t<svg aria-hidden=\"true\" class=\"e-font-icon-svg e-fas-caret-right\" viewbox=\"0 0 192 512\" xmlns=\"http:\/\/www.w3.org\/2000\/svg\"><path d=\"M0 384.662V127.338c0-17.818 21.543-26.741 34.142-14.142l128.662 128.662c7.81 7.81 7.81 20.474 0 28.284L34.142 398.804C21.543 411.404 0 402.48 0 384.662z\"><\/path><\/svg>\t\t\t\t\t\t<\/span>\n\t\t\t\t\t\t\t\t\t\t<span class=\"elementor-icon-list-text\">Lastmaskin<\/span>\n\t\t\t\t\t\t\t\t\t\t\t<\/a>\n\t\t\t\t\t\t\t\t\t<\/li>\n\t\t\t\t\t\t\t\t<li class=\"elementor-icon-list-item\">\n\t\t\t\t\t\t\t\t\t\t\t<a href=\"https:\/\/mis.dk\/sv\/neddeling\/neddeling2\/\">\n\n\t\t\t\t\t\t\t\t\t\t\t\t<span class=\"elementor-icon-list-icon\">\n\t\t\t\t\t\t\t<svg aria-hidden=\"true\" class=\"e-font-icon-svg e-fas-caret-right\" viewbox=\"0 0 192 512\" xmlns=\"http:\/\/www.w3.org\/2000\/svg\"><path d=\"M0 384.662V127.338c0-17.818 21.543-26.741 34.142-14.142l128.662 128.662c7.81 7.81 7.81 20.474 0 28.284L34.142 398.804C21.543 411.404 0 402.48 0 384.662z\"><\/path><\/svg>\t\t\t\t\t\t<\/span>\n\t\t\t\t\t\t\t\t\t\t<span class=\"elementor-icon-list-text\">Dundelar<\/span>\n\t\t\t\t\t\t\t\t\t\t\t<\/a>\n\t\t\t\t\t\t\t\t\t<\/li>\n\t\t\t\t\t\t\t\t<li class=\"elementor-icon-list-item\">\n\t\t\t\t\t\t\t\t\t\t\t<a href=\"\/sv\/sortereanlaeg\/\">\n\n\t\t\t\t\t\t\t\t\t\t\t\t<span class=\"elementor-icon-list-icon\">\n\t\t\t\t\t\t\t<svg aria-hidden=\"true\" class=\"e-font-icon-svg e-fas-caret-right\" viewbox=\"0 0 192 512\" xmlns=\"http:\/\/www.w3.org\/2000\/svg\"><path d=\"M0 384.662V127.338c0-17.818 21.543-26.741 34.142-14.142l128.662 128.662c7.81 7.81 7.81 20.474 0 28.284L34.142 398.804C21.543 411.404 0 402.48 0 384.662z\"><\/path><\/svg>\t\t\t\t\t\t<\/span>\n\t\t\t\t\t\t\t\t\t\t<span class=\"elementor-icon-list-text\">SORTERINGSANL\u00c4GGNING<\/span>\n\t\t\t\t\t\t\t\t\t\t\t<\/a>\n\t\t\t\t\t\t\t\t\t<\/li>\n\t\t\t\t\t\t\t\t<li class=\"elementor-icon-list-item\">\n\t\t\t\t\t\t\t\t\t\t\t<a href=\"https:\/\/mis.dk\/sv\/mis-rental-3__trashed\/stakketransportoerer\/\">\n\n\t\t\t\t\t\t\t\t\t\t\t\t<span class=\"elementor-icon-list-icon\">\n\t\t\t\t\t\t\t<svg aria-hidden=\"true\" class=\"e-font-icon-svg e-fas-caret-right\" viewbox=\"0 0 192 512\" xmlns=\"http:\/\/www.w3.org\/2000\/svg\"><path d=\"M0 384.662V127.338c0-17.818 21.543-26.741 34.142-14.142l128.662 128.662c7.81 7.81 7.81 20.474 0 28.284L34.142 398.804C21.543 411.404 0 402.48 0 384.662z\"><\/path><\/svg>\t\t\t\t\t\t<\/span>\n\t\t\t\t\t\t\t\t\t\t<span class=\"elementor-icon-list-text\">STAPLARE<\/span>\n\t\t\t\t\t\t\t\t\t\t\t<\/a>\n\t\t\t\t\t\t\t\t\t<\/li>\n\t\t\t\t\t\t<\/ul>\n\t\t\t\t\t\t<\/div>\n\t\t\t\t<\/div>\n\t\t\t\t\t<\/div>\n\t\t<\/div>\n\t\t\t\t\t<\/div>\n\t\t<\/section>\n\t\t\t\t<section class=\"elementor-section elementor-inner-section elementor-element elementor-element-6f9f219 elementor-section-boxed elementor-section-height-default elementor-section-height-default\" data-id=\"6f9f219\" data-element_type=\"section\">\n\t\t\t\t\t\t<div class=\"elementor-container elementor-column-gap-default\">\n\t\t\t\t\t<div class=\"elementor-column elementor-col-100 elementor-inner-column elementor-element elementor-element-c7064ea\" data-id=\"c7064ea\" data-element_type=\"column\">\n\t\t\t<div class=\"elementor-widget-wrap elementor-element-populated\">\n\t\t\t\t\t\t<div class=\"elementor-element elementor-element-8de37e4 elementor-grid-2 elementor-posts--thumbnail-left elementor-grid-tablet-1 elementor-grid-mobile-1 elementor-widget elementor-widget-posts\" data-id=\"8de37e4\" data-element_type=\"widget\" data-settings=\"{&quot;classic_columns&quot;:&quot;2&quot;,&quot;classic_row_gap&quot;:{&quot;unit&quot;:&quot;px&quot;,&quot;size&quot;:40,&quot;sizes&quot;:[]},&quot;classic_columns_tablet&quot;:&quot;1&quot;,&quot;classic_row_gap_tablet&quot;:{&quot;unit&quot;:&quot;px&quot;,&quot;size&quot;:20,&quot;sizes&quot;:[]},&quot;classic_row_gap_mobile&quot;:{&quot;unit&quot;:&quot;px&quot;,&quot;size&quot;:20,&quot;sizes&quot;:[]},&quot;classic_columns_mobile&quot;:&quot;1&quot;}\" data-widget_type=\"posts.classic\">\n\t\t\t\t<div class=\"elementor-widget-container\">\n\t\t\t\t\t\t\t<div class=\"elementor-posts-container elementor-posts elementor-posts--skin-classic elementor-grid\">\n\t\t\t\t<article class=\"elementor-post elementor-grid-item post-4093 post type-post status-publish format-standard has-post-thumbnail hentry category-gummiged\">\n\t\t\t\t<a class=\"elementor-post__thumbnail__link\" href=\"https:\/\/mis.dk\/sv\/cat-25-tons-med-hurtigskift\/\" tabindex=\"-1\" >\n\t\t\t<div class=\"elementor-post__thumbnail\"><img fetchpriority=\"high\" decoding=\"async\" width=\"473\" height=\"322\" src=\"https:\/\/mis.dk\/wp-content\/uploads\/2020\/10\/cat25.png\" class=\"attachment-full size-full wp-image-4124\" alt=\"\" srcset=\"https:\/\/mis.dk\/wp-content\/uploads\/2020\/10\/cat25.png 473w, https:\/\/mis.dk\/wp-content\/uploads\/2020\/10\/cat25-300x204.png 300w\" sizes=\"(max-width: 473px) 100vw, 473px\" \/><\/div>\n\t\t<\/a>\n\t\t\t\t<div class=\"elementor-post__text\">\n\t\t\t\t<p class=\"elementor-post__title\">\n\t\t\t<a href=\"https:\/\/mis.dk\/sv\/cat-25-tons-med-hurtigskift\/\" >\n\t\t\t\tCAT 25 ton med snabbv\u00e4xling\t\t\t<\/a>\n\t\t<\/p>\n\t\t\t\t<div class=\"elementor-post__excerpt\">\n\t\t\t<p>H\u00f6g effektivitet, mycket kraft, br\u00e4nslebesparing och inte minst<\/p>\n\t\t<\/div>\n\t\t\n\t\t<a class=\"elementor-post__read-more\" href=\"https:\/\/mis.dk\/sv\/cat-25-tons-med-hurtigskift\/\" aria-label=\"L\u00e4s mer om CAT 25 tons med hurtigskift\" tabindex=\"-1\" >\n\t\t\tSe mer\t\t<\/a>\n\n\t\t\t\t<\/div>\n\t\t\t\t<\/article>\n\t\t\t\t<article class=\"elementor-post elementor-grid-item post-4091 post type-post status-publish format-standard has-post-thumbnail hentry category-gummiged\">\n\t\t\t\t<a class=\"elementor-post__thumbnail__link\" href=\"https:\/\/mis.dk\/sv\/liebherr-550-med-hurtigskift\/\" tabindex=\"-1\" >\n\t\t\t<div class=\"elementor-post__thumbnail\"><img decoding=\"async\" width=\"473\" height=\"322\" src=\"https:\/\/mis.dk\/wp-content\/uploads\/2020\/10\/550.jpg\" class=\"attachment-full size-full wp-image-4126\" alt=\"\" srcset=\"https:\/\/mis.dk\/wp-content\/uploads\/2020\/10\/550.jpg 473w, https:\/\/mis.dk\/wp-content\/uploads\/2020\/10\/550-300x204.jpg 300w\" sizes=\"(max-width: 473px) 100vw, 473px\" \/><\/div>\n\t\t<\/a>\n\t\t\t\t<div class=\"elementor-post__text\">\n\t\t\t\t<p class=\"elementor-post__title\">\n\t\t\t<a href=\"https:\/\/mis.dk\/sv\/liebherr-550-med-hurtigskift\/\" >\n\t\t\t\tLiebherr 550 med snabbv\u00e4xling\t\t\t<\/a>\n\t\t<\/p>\n\t\t\t\t<div class=\"elementor-post__excerpt\">\n\t\t\t<p>Med en spadestorlek p\u00e5 3,5 m3 f\u00e5r du<\/p>\n\t\t<\/div>\n\t\t\n\t\t<a class=\"elementor-post__read-more\" href=\"https:\/\/mis.dk\/sv\/liebherr-550-med-hurtigskift\/\" aria-label=\"L\u00e4s mer om Liebherr 550 med hurtigskift\" tabindex=\"-1\" >\n\t\t\tSe mer\t\t<\/a>\n\n\t\t\t\t<\/div>\n\t\t\t\t<\/article>\n\t\t\t\t<article class=\"elementor-post elementor-grid-item post-4089 post type-post status-publish format-standard has-post-thumbnail hentry category-gummiged\">\n\t\t\t\t<a class=\"elementor-post__thumbnail__link\" href=\"https:\/\/mis.dk\/sv\/liebherr-526-med-hurtigskift\/\" tabindex=\"-1\" >\n\t\t\t<div class=\"elementor-post__thumbnail\"><img decoding=\"async\" width=\"474\" height=\"322\" src=\"https:\/\/mis.dk\/wp-content\/uploads\/2020\/10\/526-1.png\" class=\"attachment-full size-full wp-image-4139\" alt=\"Udlejning af gummigeder\" srcset=\"https:\/\/mis.dk\/wp-content\/uploads\/2020\/10\/526-1.png 474w, https:\/\/mis.dk\/wp-content\/uploads\/2020\/10\/526-1-300x204.png 300w\" sizes=\"(max-width: 474px) 100vw, 474px\" \/><\/div>\n\t\t<\/a>\n\t\t\t\t<div class=\"elementor-post__text\">\n\t\t\t\t<p class=\"elementor-post__title\">\n\t\t\t<a href=\"https:\/\/mis.dk\/sv\/liebherr-526-med-hurtigskift\/\" >\n\t\t\t\tLiebherr 526 med snabbv\u00e4xling\t\t\t<\/a>\n\t\t<\/p>\n\t\t\t\t<div class=\"elementor-post__excerpt\">\n\t\t\t<p>Beh\u00f6ver du byta hink eller<\/p>\n\t\t<\/div>\n\t\t\n\t\t<a class=\"elementor-post__read-more\" href=\"https:\/\/mis.dk\/sv\/liebherr-526-med-hurtigskift\/\" aria-label=\"L\u00e4s mer om Liebherr 526 med hurtigskift\" tabindex=\"-1\" >\n\t\t\tSe mer\t\t<\/a>\n\n\t\t\t\t<\/div>\n\t\t\t\t<\/article>\n\t\t\t\t<article class=\"elementor-post elementor-grid-item post-4087 post type-post status-publish format-standard has-post-thumbnail hentry category-gummiged\">\n\t\t\t\t<a class=\"elementor-post__thumbnail__link\" href=\"https:\/\/mis.dk\/sv\/liebherr-576-med-hurtigskift\/\" tabindex=\"-1\" >\n\t\t\t<div class=\"elementor-post__thumbnail\"><img loading=\"lazy\" decoding=\"async\" width=\"474\" height=\"322\" src=\"https:\/\/mis.dk\/wp-content\/uploads\/2020\/10\/576-1.png\" class=\"attachment-full size-full wp-image-4141\" alt=\"\" srcset=\"https:\/\/mis.dk\/wp-content\/uploads\/2020\/10\/576-1.png 474w, https:\/\/mis.dk\/wp-content\/uploads\/2020\/10\/576-1-300x204.png 300w\" sizes=\"(max-width: 474px) 100vw, 474px\" \/><\/div>\n\t\t<\/a>\n\t\t\t\t<div class=\"elementor-post__text\">\n\t\t\t\t<p class=\"elementor-post__title\">\n\t\t\t<a href=\"https:\/\/mis.dk\/sv\/liebherr-576-med-hurtigskift\/\" >\n\t\t\t\tLiebherr 576 med snabbv\u00e4xling\t\t\t<\/a>\n\t\t<\/p>\n\t\t\t\t<div class=\"elementor-post__excerpt\">\n\t\t\t<p>Med denna 28 tons gummiget \u00e4r du redo<\/p>\n\t\t<\/div>\n\t\t\n\t\t<a class=\"elementor-post__read-more\" href=\"https:\/\/mis.dk\/sv\/liebherr-576-med-hurtigskift\/\" aria-label=\"L\u00e4s mer om Liebherr 576 med hurtigskift\" tabindex=\"-1\" >\n\t\t\tSe mer\t\t<\/a>\n\n\t\t\t\t<\/div>\n\t\t\t\t<\/article>\n\t\t\t\t<\/div>\n\t\t\n\t\t\t\t\t\t<\/div>\n\t\t\t\t<\/div>\n\t\t\t\t\t<\/div>\n\t\t<\/div>\n\t\t\t\t\t<\/div>\n\t\t<\/section>\n\t\t\t\t\t<\/div>\n\t\t<\/div>\n\t\t\t\t\t<\/div>\n\t\t<\/section>\n\t\t\t\t<\/div>","protected":false},"excerpt":{"rendered":"<p>GUMMIGEDER H\u00f8j effektivitet, masser af kr\u00e6fter, br\u00e6ndstofbesparende og ikke mindst god komfort i f\u00f8rerkabinen. Med vores l\u00e6ssemaskiner f\u00e5r du b\u00e5de noget fra h\u00e5nden \u2013 og en behagelig arbejdsplads med godt udsyn, ergonomiske s\u00e6der og et ekstra \u00f8je, nemlig gummigedens bakkamera. OBS: Alle gummigeder udlejes kun med f\u00f8rer Alle maskiner udlejes kun m\u00e5nedsvis. Har du sp\u00f8rgsm\u00e5l [&hellip;]<\/p>","protected":false},"author":12,"featured_media":4139,"parent":3943,"menu_order":0,"comment_status":"closed","ping_status":"closed","template":"","meta":{"iawp_total_views":223,"footnotes":""},"class_list":["post-132","page","type-page","status-publish","has-post-thumbnail","hentry"],"yoast_head":"<!-- This site is optimized with the Yoast SEO plugin v24.1 - https:\/\/yoast.com\/wordpress\/plugins\/seo\/ -->\n<title>Udlejning af Gummigeder - MIS Recycling<\/title>\n<meta name=\"description\" content=\"Med vores gummigeder f\u00e5r du b\u00e5de noget fra h\u00e5nden \u2013 og en behagelig arbejdsplads med godt udsyn, ergonomiske s\u00e6der og bakkamera.\" \/>\n<meta name=\"robots\" content=\"index, follow, max-snippet:-1, max-image-preview:large, max-video-preview:-1\" \/>\n<link rel=\"canonical\" href=\"https:\/\/mis.dk\/sv\/mis-rental\/gummigeder\/\" \/>\n<meta property=\"og:locale\" content=\"sv_SE\" \/>\n<meta property=\"og:type\" content=\"article\" \/>\n<meta property=\"og:title\" content=\"Udlejning af Gummigeder - MIS Recycling\" \/>\n<meta property=\"og:description\" content=\"Med vores gummigeder f\u00e5r du b\u00e5de noget fra h\u00e5nden \u2013 og en behagelig arbejdsplads med godt udsyn, ergonomiske s\u00e6der og bakkamera.\" \/>\n<meta property=\"og:url\" content=\"https:\/\/mis.dk\/sv\/mis-rental\/gummigeder\/\" \/>\n<meta property=\"og:site_name\" content=\"MIS Recycling\" \/>\n<meta property=\"article:modified_time\" content=\"2024-12-06T13:02:30+00:00\" \/>\n<meta property=\"og:image\" content=\"https:\/\/mis.dk\/wp-content\/uploads\/2020\/10\/526-1.png\" \/>\n\t<meta property=\"og:image:width\" content=\"474\" \/>\n\t<meta property=\"og:image:height\" content=\"322\" \/>\n\t<meta property=\"og:image:type\" content=\"image\/png\" \/>\n<meta name=\"twitter:card\" content=\"summary_large_image\" \/>\n<meta name=\"twitter:label1\" content=\"Ber\u00e4knad l\u00e4stid\" \/>\n\t<meta name=\"twitter:data1\" content=\"3 minuter\" \/>\n<script type=\"application\/ld+json\" class=\"yoast-schema-graph\">{\"@context\":\"https:\/\/schema.org\",\"@graph\":[{\"@type\":\"WebPage\",\"@id\":\"https:\/\/mis.dk\/mis-rental\/gummigeder\/\",\"url\":\"https:\/\/mis.dk\/mis-rental\/gummigeder\/\",\"name\":\"Udlejning af Gummigeder - MIS Recycling\",\"isPartOf\":{\"@id\":\"https:\/\/mis.dk\/#website\"},\"primaryImageOfPage\":{\"@id\":\"https:\/\/mis.dk\/mis-rental\/gummigeder\/#primaryimage\"},\"image\":{\"@id\":\"https:\/\/mis.dk\/mis-rental\/gummigeder\/#primaryimage\"},\"thumbnailUrl\":\"https:\/\/mis.dk\/wp-content\/uploads\/2020\/10\/526-1.png\",\"datePublished\":\"2018-01-03T07:04:21+00:00\",\"dateModified\":\"2024-12-06T13:02:30+00:00\",\"description\":\"Med vores gummigeder f\u00e5r du b\u00e5de noget fra h\u00e5nden \u2013 og en behagelig arbejdsplads med godt udsyn, ergonomiske s\u00e6der og bakkamera.\",\"breadcrumb\":{\"@id\":\"https:\/\/mis.dk\/mis-rental\/gummigeder\/#breadcrumb\"},\"inLanguage\":\"sv-SE\",\"potentialAction\":[{\"@type\":\"ReadAction\",\"target\":[\"https:\/\/mis.dk\/mis-rental\/gummigeder\/\"]}]},{\"@type\":\"ImageObject\",\"inLanguage\":\"sv-SE\",\"@id\":\"https:\/\/mis.dk\/mis-rental\/gummigeder\/#primaryimage\",\"url\":\"https:\/\/mis.dk\/wp-content\/uploads\/2020\/10\/526-1.png\",\"contentUrl\":\"https:\/\/mis.dk\/wp-content\/uploads\/2020\/10\/526-1.png\",\"width\":474,\"height\":322,\"caption\":\"Udlejning af gummigeder\"},{\"@type\":\"BreadcrumbList\",\"@id\":\"https:\/\/mis.dk\/mis-rental\/gummigeder\/#breadcrumb\",\"itemListElement\":[{\"@type\":\"ListItem\",\"position\":1,\"name\":\"Hjem\",\"item\":\"https:\/\/mis.dk\/\"},{\"@type\":\"ListItem\",\"position\":2,\"name\":\"MIS RENTAL\",\"item\":\"https:\/\/mis.dk\/mis-rental\/\"},{\"@type\":\"ListItem\",\"position\":3,\"name\":\"Gummigeder\"}]},{\"@type\":\"WebSite\",\"@id\":\"https:\/\/mis.dk\/#website\",\"url\":\"https:\/\/mis.dk\/\",\"name\":\"MIS Recycling\",\"description\":\"GENANVENDELSE ER SUND FORNUFT OG GOD \u00d8KONOMI\",\"publisher\":{\"@id\":\"https:\/\/mis.dk\/#organization\"},\"potentialAction\":[{\"@type\":\"SearchAction\",\"target\":{\"@type\":\"EntryPoint\",\"urlTemplate\":\"https:\/\/mis.dk\/?s={search_term_string}\"},\"query-input\":{\"@type\":\"PropertyValueSpecification\",\"valueRequired\":true,\"valueName\":\"search_term_string\"}}],\"inLanguage\":\"sv-SE\"},{\"@type\":\"Organization\",\"@id\":\"https:\/\/mis.dk\/#organization\",\"name\":\"MIS Recycling\",\"url\":\"https:\/\/mis.dk\/\",\"logo\":{\"@type\":\"ImageObject\",\"inLanguage\":\"sv-SE\",\"@id\":\"https:\/\/mis.dk\/#\/schema\/logo\/image\/\",\"url\":\"https:\/\/mis.dk\/wp-content\/uploads\/2022\/07\/mis-logo.png\",\"contentUrl\":\"https:\/\/mis.dk\/wp-content\/uploads\/2022\/07\/mis-logo.png\",\"width\":110,\"height\":78,\"caption\":\"MIS Recycling\"},\"image\":{\"@id\":\"https:\/\/mis.dk\/#\/schema\/logo\/image\/\"}}]}<\/script>\n<!-- \/ Yoast SEO plugin. -->","yoast_head_json":{"title":"Udlejning af Gummigeder - MIS Recycling","description":"Med vores gummigeder f\u00e5r du b\u00e5de noget fra h\u00e5nden \u2013 og en behagelig arbejdsplads med godt udsyn, ergonomiske s\u00e6der og bakkamera.","robots":{"index":"index","follow":"follow","max-snippet":"max-snippet:-1","max-image-preview":"max-image-preview:large","max-video-preview":"max-video-preview:-1"},"canonical":"https:\/\/mis.dk\/sv\/mis-rental\/gummigeder\/","og_locale":"sv_SE","og_type":"article","og_title":"Udlejning af Gummigeder - MIS Recycling","og_description":"Med vores gummigeder f\u00e5r du b\u00e5de noget fra h\u00e5nden \u2013 og en behagelig arbejdsplads med godt udsyn, ergonomiske s\u00e6der og bakkamera.","og_url":"https:\/\/mis.dk\/sv\/mis-rental\/gummigeder\/","og_site_name":"MIS Recycling","article_modified_time":"2024-12-06T13:02:30+00:00","og_image":[{"width":474,"height":322,"url":"https:\/\/mis.dk\/wp-content\/uploads\/2020\/10\/526-1.png","type":"image\/png"}],"twitter_card":"summary_large_image","twitter_misc":{"Ber\u00e4knad l\u00e4stid":"3 minuter"},"schema":{"@context":"https:\/\/schema.org","@graph":[{"@type":"WebPage","@id":"https:\/\/mis.dk\/mis-rental\/gummigeder\/","url":"https:\/\/mis.dk\/mis-rental\/gummigeder\/","name":"Udlejning af Gummigeder - MIS Recycling","isPartOf":{"@id":"https:\/\/mis.dk\/#website"},"primaryImageOfPage":{"@id":"https:\/\/mis.dk\/mis-rental\/gummigeder\/#primaryimage"},"image":{"@id":"https:\/\/mis.dk\/mis-rental\/gummigeder\/#primaryimage"},"thumbnailUrl":"https:\/\/mis.dk\/wp-content\/uploads\/2020\/10\/526-1.png","datePublished":"2018-01-03T07:04:21+00:00","dateModified":"2024-12-06T13:02:30+00:00","description":"Med vores gummigeder f\u00e5r du b\u00e5de noget fra h\u00e5nden \u2013 og en behagelig arbejdsplads med godt udsyn, ergonomiske s\u00e6der og bakkamera.","breadcrumb":{"@id":"https:\/\/mis.dk\/mis-rental\/gummigeder\/#breadcrumb"},"inLanguage":"sv-SE","potentialAction":[{"@type":"ReadAction","target":["https:\/\/mis.dk\/mis-rental\/gummigeder\/"]}]},{"@type":"ImageObject","inLanguage":"sv-SE","@id":"https:\/\/mis.dk\/mis-rental\/gummigeder\/#primaryimage","url":"https:\/\/mis.dk\/wp-content\/uploads\/2020\/10\/526-1.png","contentUrl":"https:\/\/mis.dk\/wp-content\/uploads\/2020\/10\/526-1.png","width":474,"height":322,"caption":"Udlejning af gummigeder"},{"@type":"BreadcrumbList","@id":"https:\/\/mis.dk\/mis-rental\/gummigeder\/#breadcrumb","itemListElement":[{"@type":"ListItem","position":1,"name":"Hjem","item":"https:\/\/mis.dk\/"},{"@type":"ListItem","position":2,"name":"MIS RENTAL","item":"https:\/\/mis.dk\/mis-rental\/"},{"@type":"ListItem","position":3,"name":"Gummigeder"}]},{"@type":"WebSite","@id":"https:\/\/mis.dk\/#website","url":"https:\/\/mis.dk\/","name":"MIS Recycling","description":"GENANVENDELSE ER SUND FORNUFT OG GOD \u00d8KONOMI","publisher":{"@id":"https:\/\/mis.dk\/#organization"},"potentialAction":[{"@type":"SearchAction","target":{"@type":"EntryPoint","urlTemplate":"https:\/\/mis.dk\/?s={search_term_string}"},"query-input":{"@type":"PropertyValueSpecification","valueRequired":true,"valueName":"search_term_string"}}],"inLanguage":"sv-SE"},{"@type":"Organization","@id":"https:\/\/mis.dk\/#organization","name":"MIS Recycling","url":"https:\/\/mis.dk\/","logo":{"@type":"ImageObject","inLanguage":"sv-SE","@id":"https:\/\/mis.dk\/#\/schema\/logo\/image\/","url":"https:\/\/mis.dk\/wp-content\/uploads\/2022\/07\/mis-logo.png","contentUrl":"https:\/\/mis.dk\/wp-content\/uploads\/2022\/07\/mis-logo.png","width":110,"height":78,"caption":"MIS Recycling"},"image":{"@id":"https:\/\/mis.dk\/#\/schema\/logo\/image\/"}}]}},"_links":{"self":[{"href":"https:\/\/mis.dk\/sv\/wp-json\/wp\/v2\/pages\/132","targetHints":{"allow":["GET"]}}],"collection":[{"href":"https:\/\/mis.dk\/sv\/wp-json\/wp\/v2\/pages"}],"about":[{"href":"https:\/\/mis.dk\/sv\/wp-json\/wp\/v2\/types\/page"}],"author":[{"embeddable":true,"href":"https:\/\/mis.dk\/sv\/wp-json\/wp\/v2\/users\/12"}],"replies":[{"embeddable":true,"href":"https:\/\/mis.dk\/sv\/wp-json\/wp\/v2\/comments?post=132"}],"version-history":[{"count":58,"href":"https:\/\/mis.dk\/sv\/wp-json\/wp\/v2\/pages\/132\/revisions"}],"predecessor-version":[{"id":6275,"href":"https:\/\/mis.dk\/sv\/wp-json\/wp\/v2\/pages\/132\/revisions\/6275"}],"up":[{"embeddable":true,"href":"https:\/\/mis.dk\/sv\/wp-json\/wp\/v2\/pages\/3943"}],"wp:featuredmedia":[{"embeddable":true,"href":"https:\/\/mis.dk\/sv\/wp-json\/wp\/v2\/media\/4139"}],"wp:attachment":[{"href":"https:\/\/mis.dk\/sv\/wp-json\/wp\/v2\/media?parent=132"}],"curies":[{"name":"wp","href":"https:\/\/api.w.org\/{rel}","templated":true}]}}