{"id":130,"date":"2018-01-03T08:03:51","date_gmt":"2018-01-03T07:03:51","guid":{"rendered":"http:\/\/mis.dk\/?page_id=130"},"modified":"2024-12-06T14:01:43","modified_gmt":"2024-12-06T13:01:43","slug":"stakketransportoerer","status":"publish","type":"page","link":"https:\/\/mis.dk\/sv\/mis-rental\/stakketransportoerer\/","title":{"rendered":"Opstakkere"},"content":{"rendered":"<div data-elementor-type=\"wp-page\" data-elementor-id=\"130\" class=\"elementor elementor-130\" data-elementor-post-type=\"page\">\n\t\t\t\t\t\t<section class=\"elementor-section elementor-top-section elementor-element elementor-element-5f6b02f elementor-section-boxed elementor-section-height-default elementor-section-height-default\" data-id=\"5f6b02f\" data-element_type=\"section\" data-settings=\"{&quot;background_background&quot;:&quot;classic&quot;}\">\n\t\t\t\t\t\t\t<div class=\"elementor-background-overlay\"><\/div>\n\t\t\t\t\t\t\t<div class=\"elementor-container elementor-column-gap-default\">\n\t\t\t\t\t<div class=\"elementor-column elementor-col-100 elementor-top-column elementor-element elementor-element-54b1dc3\" data-id=\"54b1dc3\" data-element_type=\"column\">\n\t\t\t<div class=\"elementor-widget-wrap elementor-element-populated\">\n\t\t\t\t\t\t<section class=\"elementor-section elementor-inner-section elementor-element elementor-element-2e08964 elementor-section-boxed elementor-section-height-default elementor-section-height-default\" data-id=\"2e08964\" data-element_type=\"section\">\n\t\t\t\t\t\t<div class=\"elementor-container elementor-column-gap-default\">\n\t\t\t\t\t<div class=\"elementor-column elementor-col-50 elementor-inner-column elementor-element elementor-element-d79f235\" data-id=\"d79f235\" data-element_type=\"column\">\n\t\t\t<div class=\"elementor-widget-wrap elementor-element-populated\">\n\t\t\t\t\t\t<div class=\"elementor-element elementor-element-470a0f7 elementor-widget elementor-widget-heading\" data-id=\"470a0f7\" data-element_type=\"widget\" data-widget_type=\"heading.default\">\n\t\t\t\t<div class=\"elementor-widget-container\">\n\t\t\t\t\t<h2 class=\"elementor-heading-title elementor-size-default\">STAPLARE<\/h2>\t\t\t\t<\/div>\n\t\t\t\t<\/div>\n\t\t\t\t<div class=\"elementor-element elementor-element-acce687 elementor-widget elementor-widget-text-editor\" data-id=\"acce687\" data-element_type=\"widget\" data-widget_type=\"text-editor.default\">\n\t\t\t\t<div class=\"elementor-widget-container\">\n\t\t\t\t\t\t\t\t\t<p>Med v\u00e5r mobila staplingstransport\u00f6r kan vi stapla ditt material upp till 11 meter, s\u00e5 att du kan ha upp till 1 500 m\u00b3 under bandet. Genom att anv\u00e4nda staplaren i kombination med v\u00e5r mobila kross slipper vi flytta slutprodukterna hela tiden.\n\nSlutprodukten l\u00e4gger sig i en j\u00e4mn konform som inte tar upp regnvatten, \u00e4r enkel att arbeta med eftersom den \u00e4r l\u00f6s och inte trycks ned av vikten fr\u00e5n lastmaskinen.<\/p><p>Alla maskiner hyrs endast ut p\u00e5 m\u00e5nadsbasis.<\/p><p>Om du har n\u00e5gra fr\u00e5gor eller vill ha ett hyrespris, v\u00e4nligen ring oss p\u00e5:<a href=\"telefon: 57 80 80 83\"> 57 80 80 83<\/a>.<\/p><p><span style=\"color: #ff6600;\"><span style=\"color: #000000;\">Se v\u00e5r <a href=\"https:\/\/mis.dk\/wp-content\/uploads\/2018\/01\/MIS_Rental_udlejningsbrochure_2019_u.pdf\">broschyr om alla hyrmaskiner<\/a><\/span><\/span><\/p>\t\t\t\t\t\t\t\t<\/div>\n\t\t\t\t<\/div>\n\t\t\t\t\t<\/div>\n\t\t<\/div>\n\t\t\t\t<div class=\"elementor-column elementor-col-50 elementor-inner-column elementor-element elementor-element-d7c9667\" data-id=\"d7c9667\" data-element_type=\"column\">\n\t\t\t<div class=\"elementor-widget-wrap elementor-element-populated\">\n\t\t\t\t\t\t<div class=\"elementor-element elementor-element-47054a7 elementor-widget elementor-widget-heading\" data-id=\"47054a7\" data-element_type=\"widget\" data-widget_type=\"heading.default\">\n\t\t\t\t<div class=\"elementor-widget-container\">\n\t\t\t\t\t<h5 class=\"elementor-heading-title elementor-size-default\">\u00d6vriga uthyrningar<\/h5>\t\t\t\t<\/div>\n\t\t\t\t<\/div>\n\t\t\t\t<div class=\"elementor-element elementor-element-8be38c5 elementor-icon-list--layout-traditional elementor-list-item-link-full_width elementor-widget elementor-widget-icon-list\" data-id=\"8be38c5\" data-element_type=\"widget\" data-widget_type=\"icon-list.default\">\n\t\t\t\t<div class=\"elementor-widget-container\">\n\t\t\t\t\t\t\t<ul class=\"elementor-icon-list-items\">\n\t\t\t\t\t\t\t<li class=\"elementor-icon-list-item\">\n\t\t\t\t\t\t\t\t\t\t\t<a href=\"https:\/\/mis.dk\/sv\/mis-rental-3__trashed\/gravemaskiner\/\">\n\n\t\t\t\t\t\t\t\t\t\t\t\t<span class=\"elementor-icon-list-icon\">\n\t\t\t\t\t\t\t<svg aria-hidden=\"true\" class=\"e-font-icon-svg e-fas-caret-right\" viewbox=\"0 0 192 512\" xmlns=\"http:\/\/www.w3.org\/2000\/svg\"><path d=\"M0 384.662V127.338c0-17.818 21.543-26.741 34.142-14.142l128.662 128.662c7.81 7.81 7.81 20.474 0 28.284L34.142 398.804C21.543 411.404 0 402.48 0 384.662z\"><\/path><\/svg>\t\t\t\t\t\t<\/span>\n\t\t\t\t\t\t\t\t\t\t<span class=\"elementor-icon-list-text\">Gr\u00e4vmaskin<\/span>\n\t\t\t\t\t\t\t\t\t\t\t<\/a>\n\t\t\t\t\t\t\t\t\t<\/li>\n\t\t\t\t\t\t\t\t<li class=\"elementor-icon-list-item\">\n\t\t\t\t\t\t\t\t\t\t\t<a href=\"https:\/\/mis.dk\/sv\/mis-rental-3__trashed\/gummigeder\/\">\n\n\t\t\t\t\t\t\t\t\t\t\t\t<span class=\"elementor-icon-list-icon\">\n\t\t\t\t\t\t\t<svg aria-hidden=\"true\" class=\"e-font-icon-svg e-fas-caret-right\" viewbox=\"0 0 192 512\" xmlns=\"http:\/\/www.w3.org\/2000\/svg\"><path d=\"M0 384.662V127.338c0-17.818 21.543-26.741 34.142-14.142l128.662 128.662c7.81 7.81 7.81 20.474 0 28.284L34.142 398.804C21.543 411.404 0 402.48 0 384.662z\"><\/path><\/svg>\t\t\t\t\t\t<\/span>\n\t\t\t\t\t\t\t\t\t\t<span class=\"elementor-icon-list-text\">Hjullastare<\/span>\n\t\t\t\t\t\t\t\t\t\t\t<\/a>\n\t\t\t\t\t\t\t\t\t<\/li>\n\t\t\t\t\t\t\t\t<li class=\"elementor-icon-list-item\">\n\t\t\t\t\t\t\t\t\t\t\t<a href=\"https:\/\/mis.dk\/sv\/laessemasker\/\">\n\n\t\t\t\t\t\t\t\t\t\t\t\t<span class=\"elementor-icon-list-icon\">\n\t\t\t\t\t\t\t<svg aria-hidden=\"true\" class=\"e-font-icon-svg e-fas-caret-right\" viewbox=\"0 0 192 512\" xmlns=\"http:\/\/www.w3.org\/2000\/svg\"><path d=\"M0 384.662V127.338c0-17.818 21.543-26.741 34.142-14.142l128.662 128.662c7.81 7.81 7.81 20.474 0 28.284L34.142 398.804C21.543 411.404 0 402.48 0 384.662z\"><\/path><\/svg>\t\t\t\t\t\t<\/span>\n\t\t\t\t\t\t\t\t\t\t<span class=\"elementor-icon-list-text\">Lastmaskin<\/span>\n\t\t\t\t\t\t\t\t\t\t\t<\/a>\n\t\t\t\t\t\t\t\t\t<\/li>\n\t\t\t\t\t\t\t\t<li class=\"elementor-icon-list-item\">\n\t\t\t\t\t\t\t\t\t\t\t<a href=\"https:\/\/mis.dk\/sv\/neddeling\/neddeling2\/\">\n\n\t\t\t\t\t\t\t\t\t\t\t\t<span class=\"elementor-icon-list-icon\">\n\t\t\t\t\t\t\t<svg aria-hidden=\"true\" class=\"e-font-icon-svg e-fas-caret-right\" viewbox=\"0 0 192 512\" xmlns=\"http:\/\/www.w3.org\/2000\/svg\"><path d=\"M0 384.662V127.338c0-17.818 21.543-26.741 34.142-14.142l128.662 128.662c7.81 7.81 7.81 20.474 0 28.284L34.142 398.804C21.543 411.404 0 402.48 0 384.662z\"><\/path><\/svg>\t\t\t\t\t\t<\/span>\n\t\t\t\t\t\t\t\t\t\t<span class=\"elementor-icon-list-text\">Dundelar<\/span>\n\t\t\t\t\t\t\t\t\t\t\t<\/a>\n\t\t\t\t\t\t\t\t\t<\/li>\n\t\t\t\t\t\t\t\t<li class=\"elementor-icon-list-item\">\n\t\t\t\t\t\t\t\t\t\t\t<a href=\"\/sv\/sortereanlaeg\/\">\n\n\t\t\t\t\t\t\t\t\t\t\t\t<span class=\"elementor-icon-list-icon\">\n\t\t\t\t\t\t\t<svg aria-hidden=\"true\" class=\"e-font-icon-svg e-fas-caret-right\" viewbox=\"0 0 192 512\" xmlns=\"http:\/\/www.w3.org\/2000\/svg\"><path d=\"M0 384.662V127.338c0-17.818 21.543-26.741 34.142-14.142l128.662 128.662c7.81 7.81 7.81 20.474 0 28.284L34.142 398.804C21.543 411.404 0 402.48 0 384.662z\"><\/path><\/svg>\t\t\t\t\t\t<\/span>\n\t\t\t\t\t\t\t\t\t\t<span class=\"elementor-icon-list-text\">SORTERINGSANL\u00c4GGNING<\/span>\n\t\t\t\t\t\t\t\t\t\t\t<\/a>\n\t\t\t\t\t\t\t\t\t<\/li>\n\t\t\t\t\t\t\t\t<li class=\"elementor-icon-list-item\">\n\t\t\t\t\t\t\t\t\t\t\t<a href=\"https:\/\/mis.dk\/sv\/mis-rental-3__trashed\/stakketransportoerer\/\">\n\n\t\t\t\t\t\t\t\t\t\t\t\t<span class=\"elementor-icon-list-icon\">\n\t\t\t\t\t\t\t<svg aria-hidden=\"true\" class=\"e-font-icon-svg e-fas-caret-right\" viewbox=\"0 0 192 512\" xmlns=\"http:\/\/www.w3.org\/2000\/svg\"><path d=\"M0 384.662V127.338c0-17.818 21.543-26.741 34.142-14.142l128.662 128.662c7.81 7.81 7.81 20.474 0 28.284L34.142 398.804C21.543 411.404 0 402.48 0 384.662z\"><\/path><\/svg>\t\t\t\t\t\t<\/span>\n\t\t\t\t\t\t\t\t\t\t<span class=\"elementor-icon-list-text\">STAPLARE<\/span>\n\t\t\t\t\t\t\t\t\t\t\t<\/a>\n\t\t\t\t\t\t\t\t\t<\/li>\n\t\t\t\t\t\t<\/ul>\n\t\t\t\t\t\t<\/div>\n\t\t\t\t<\/div>\n\t\t\t\t\t<\/div>\n\t\t<\/div>\n\t\t\t\t\t<\/div>\n\t\t<\/section>\n\t\t\t\t<section class=\"elementor-section elementor-inner-section elementor-element elementor-element-c344799 elementor-section-boxed elementor-section-height-default elementor-section-height-default\" data-id=\"c344799\" data-element_type=\"section\">\n\t\t\t\t\t\t<div class=\"elementor-container elementor-column-gap-default\">\n\t\t\t\t\t<div class=\"elementor-column elementor-col-100 elementor-inner-column elementor-element elementor-element-8b8d940\" data-id=\"8b8d940\" data-element_type=\"column\">\n\t\t\t<div class=\"elementor-widget-wrap elementor-element-populated\">\n\t\t\t\t\t\t<div class=\"elementor-element elementor-element-3c5110e elementor-grid-2 elementor-posts--thumbnail-left elementor-grid-tablet-1 elementor-grid-mobile-1 elementor-widget elementor-widget-posts\" data-id=\"3c5110e\" data-element_type=\"widget\" data-settings=\"{&quot;classic_columns&quot;:&quot;2&quot;,&quot;classic_row_gap&quot;:{&quot;unit&quot;:&quot;px&quot;,&quot;size&quot;:40,&quot;sizes&quot;:[]},&quot;classic_columns_tablet&quot;:&quot;1&quot;,&quot;classic_row_gap_tablet&quot;:{&quot;unit&quot;:&quot;px&quot;,&quot;size&quot;:20,&quot;sizes&quot;:[]},&quot;classic_row_gap_mobile&quot;:{&quot;unit&quot;:&quot;px&quot;,&quot;size&quot;:20,&quot;sizes&quot;:[]},&quot;classic_columns_mobile&quot;:&quot;1&quot;}\" data-widget_type=\"posts.classic\">\n\t\t\t\t<div class=\"elementor-widget-container\">\n\t\t\t\t\t\t\t<div class=\"elementor-posts-container elementor-posts elementor-posts--skin-classic elementor-grid\">\n\t\t\t\t<article class=\"elementor-post elementor-grid-item post-4153 post type-post status-publish format-standard has-post-thumbnail hentry category-stakketransportoer\">\n\t\t\t\t<a class=\"elementor-post__thumbnail__link\" href=\"https:\/\/mis.dk\/sv\/telestack-tc-421\/\" tabindex=\"-1\" >\n\t\t\t<div class=\"elementor-post__thumbnail\"><img fetchpriority=\"high\" decoding=\"async\" width=\"473\" height=\"323\" src=\"https:\/\/mis.dk\/wp-content\/uploads\/2021\/06\/telestack-tc-421.jpg\" class=\"attachment-full size-full wp-image-4154\" alt=\"telestack-tc-421\" srcset=\"https:\/\/mis.dk\/wp-content\/uploads\/2021\/06\/telestack-tc-421.jpg 473w, https:\/\/mis.dk\/wp-content\/uploads\/2021\/06\/telestack-tc-421-300x205.jpg 300w\" sizes=\"(max-width: 473px) 100vw, 473px\" \/><\/div>\n\t\t<\/a>\n\t\t\t\t<div class=\"elementor-post__text\">\n\t\t\t\t<p class=\"elementor-post__title\">\n\t\t\t<a href=\"https:\/\/mis.dk\/sv\/telestack-tc-421\/\" >\n\t\t\t\tTelestack TC 421\t\t\t<\/a>\n\t\t<\/p>\n\t\t\t\t<div class=\"elementor-post__excerpt\">\n\t\t\t<p>Bandbyggd telestacktransport\u00f6r med hydraulisk in- och utf\u00e4llning<\/p>\n\t\t<\/div>\n\t\t\n\t\t<a class=\"elementor-post__read-more\" href=\"https:\/\/mis.dk\/sv\/telestack-tc-421\/\" aria-label=\"L\u00e4s mer om Telestack TC 421\" tabindex=\"-1\" >\n\t\t\tSe mer\t\t<\/a>\n\n\t\t\t\t<\/div>\n\t\t\t\t<\/article>\n\t\t\t\t<article class=\"elementor-post elementor-grid-item post-4073 post type-post status-publish format-standard has-post-thumbnail hentry category-stakketransportoer\">\n\t\t\t\t<a class=\"elementor-post__thumbnail__link\" href=\"https:\/\/mis.dk\/sv\/telestack-lf520\/\" tabindex=\"-1\" >\n\t\t\t<div class=\"elementor-post__thumbnail\"><img decoding=\"async\" width=\"690\" height=\"490\" src=\"https:\/\/mis.dk\/wp-content\/uploads\/2020\/10\/lf520.png\" class=\"attachment-full size-full wp-image-4112\" alt=\"\" srcset=\"https:\/\/mis.dk\/wp-content\/uploads\/2020\/10\/lf520.png 690w, https:\/\/mis.dk\/wp-content\/uploads\/2020\/10\/lf520-300x213.png 300w\" sizes=\"(max-width: 690px) 100vw, 690px\" \/><\/div>\n\t\t<\/a>\n\t\t\t\t<div class=\"elementor-post__text\">\n\t\t\t\t<p class=\"elementor-post__title\">\n\t\t\t<a href=\"https:\/\/mis.dk\/sv\/telestack-lf520\/\" >\n\t\t\t\tTelestack LF520\t\t\t<\/a>\n\t\t<\/p>\n\t\t\t\t<div class=\"elementor-post__excerpt\">\n\t\t\t<p>Med stapeltransport\u00f6rens l\u00e5ga lasth\u00f6jd beh\u00f6ver du inte arbeta<\/p>\n\t\t<\/div>\n\t\t\n\t\t<a class=\"elementor-post__read-more\" href=\"https:\/\/mis.dk\/sv\/telestack-lf520\/\" aria-label=\"L\u00e4s mer om Telestack LF520\" tabindex=\"-1\" >\n\t\t\tSe mer\t\t<\/a>\n\n\t\t\t\t<\/div>\n\t\t\t\t<\/article>\n\t\t\t\t<\/div>\n\t\t\n\t\t\t\t\t\t<\/div>\n\t\t\t\t<\/div>\n\t\t\t\t\t<\/div>\n\t\t<\/div>\n\t\t\t\t\t<\/div>\n\t\t<\/section>\n\t\t\t\t\t<\/div>\n\t\t<\/div>\n\t\t\t\t\t<\/div>\n\t\t<\/section>\n\t\t\t\t<\/div>","protected":false},"excerpt":{"rendered":"<p>Stakketransport\u00f8r Vil du undg\u00e5 at dine materialer bliver trykket ned af v\u00e6gten fra din l\u00e6ssemaskine, og vil du spare plads. S\u00e5 opstak dine materialer med en af vores opstakkere. Du kan opstakke i op til 11 meter i h\u00f8jden og i en f\u00e6rdigvarebunke p\u00e5 1.500 m3, og flytter let den mobile opstakker rundt p\u00e5 dit [&hellip;]<\/p>","protected":false},"author":12,"featured_media":4039,"parent":3943,"menu_order":0,"comment_status":"closed","ping_status":"closed","template":"","meta":{"iawp_total_views":151,"footnotes":""},"class_list":["post-130","page","type-page","status-publish","has-post-thumbnail","hentry"],"yoast_head":"<!-- This site is optimized with the Yoast SEO plugin v24.1 - https:\/\/yoast.com\/wordpress\/plugins\/seo\/ -->\n<title>Udlejning af stakketransport\u00f8r - MIS Recycling<\/title>\n<meta name=\"description\" content=\"Udlejning af stakketransport\u00f8r - Vil du undg\u00e5 at dine materialer bliver trykket ned af v\u00e6gten fra din l\u00e6ssemaskine, og vil du spare plads.\" \/>\n<meta name=\"robots\" content=\"index, follow, max-snippet:-1, max-image-preview:large, max-video-preview:-1\" \/>\n<link rel=\"canonical\" href=\"https:\/\/mis.dk\/sv\/mis-rental\/stakketransportoerer\/\" \/>\n<meta property=\"og:locale\" content=\"sv_SE\" \/>\n<meta property=\"og:type\" content=\"article\" \/>\n<meta property=\"og:title\" content=\"Udlejning af stakketransport\u00f8r - MIS Recycling\" \/>\n<meta property=\"og:description\" content=\"Udlejning af stakketransport\u00f8r - Vil du undg\u00e5 at dine materialer bliver trykket ned af v\u00e6gten fra din l\u00e6ssemaskine, og vil du spare plads.\" \/>\n<meta property=\"og:url\" content=\"https:\/\/mis.dk\/sv\/mis-rental\/stakketransportoerer\/\" \/>\n<meta property=\"og:site_name\" content=\"MIS Recycling\" \/>\n<meta property=\"article:modified_time\" content=\"2024-12-06T13:01:43+00:00\" \/>\n<meta property=\"og:image\" content=\"https:\/\/mis.dk\/wp-content\/uploads\/2020\/09\/opstakker.png\" \/>\n\t<meta property=\"og:image:width\" content=\"300\" \/>\n\t<meta property=\"og:image:height\" content=\"226\" \/>\n\t<meta property=\"og:image:type\" content=\"image\/png\" \/>\n<meta name=\"twitter:card\" content=\"summary_large_image\" \/>\n<meta name=\"twitter:label1\" content=\"Ber\u00e4knad l\u00e4stid\" \/>\n\t<meta name=\"twitter:data1\" content=\"3 minuter\" \/>\n<script type=\"application\/ld+json\" class=\"yoast-schema-graph\">{\"@context\":\"https:\/\/schema.org\",\"@graph\":[{\"@type\":\"WebPage\",\"@id\":\"https:\/\/mis.dk\/mis-rental\/stakketransportoerer\/\",\"url\":\"https:\/\/mis.dk\/mis-rental\/stakketransportoerer\/\",\"name\":\"Udlejning af stakketransport\u00f8r - MIS Recycling\",\"isPartOf\":{\"@id\":\"https:\/\/mis.dk\/#website\"},\"primaryImageOfPage\":{\"@id\":\"https:\/\/mis.dk\/mis-rental\/stakketransportoerer\/#primaryimage\"},\"image\":{\"@id\":\"https:\/\/mis.dk\/mis-rental\/stakketransportoerer\/#primaryimage\"},\"thumbnailUrl\":\"https:\/\/mis.dk\/wp-content\/uploads\/2020\/09\/opstakker.png\",\"datePublished\":\"2018-01-03T07:03:51+00:00\",\"dateModified\":\"2024-12-06T13:01:43+00:00\",\"description\":\"Udlejning af stakketransport\u00f8r - Vil du undg\u00e5 at dine materialer bliver trykket ned af v\u00e6gten fra din l\u00e6ssemaskine, og vil du spare plads.\",\"breadcrumb\":{\"@id\":\"https:\/\/mis.dk\/mis-rental\/stakketransportoerer\/#breadcrumb\"},\"inLanguage\":\"sv-SE\",\"potentialAction\":[{\"@type\":\"ReadAction\",\"target\":[\"https:\/\/mis.dk\/mis-rental\/stakketransportoerer\/\"]}]},{\"@type\":\"ImageObject\",\"inLanguage\":\"sv-SE\",\"@id\":\"https:\/\/mis.dk\/mis-rental\/stakketransportoerer\/#primaryimage\",\"url\":\"https:\/\/mis.dk\/wp-content\/uploads\/2020\/09\/opstakker.png\",\"contentUrl\":\"https:\/\/mis.dk\/wp-content\/uploads\/2020\/09\/opstakker.png\",\"width\":300,\"height\":226,\"caption\":\"Udlejning af stakketransport\u00f8r\"},{\"@type\":\"BreadcrumbList\",\"@id\":\"https:\/\/mis.dk\/mis-rental\/stakketransportoerer\/#breadcrumb\",\"itemListElement\":[{\"@type\":\"ListItem\",\"position\":1,\"name\":\"Hjem\",\"item\":\"https:\/\/mis.dk\/\"},{\"@type\":\"ListItem\",\"position\":2,\"name\":\"MIS RENTAL\",\"item\":\"https:\/\/mis.dk\/mis-rental\/\"},{\"@type\":\"ListItem\",\"position\":3,\"name\":\"Opstakkere\"}]},{\"@type\":\"WebSite\",\"@id\":\"https:\/\/mis.dk\/#website\",\"url\":\"https:\/\/mis.dk\/\",\"name\":\"MIS Recycling\",\"description\":\"GENANVENDELSE ER SUND FORNUFT OG GOD \u00d8KONOMI\",\"publisher\":{\"@id\":\"https:\/\/mis.dk\/#organization\"},\"potentialAction\":[{\"@type\":\"SearchAction\",\"target\":{\"@type\":\"EntryPoint\",\"urlTemplate\":\"https:\/\/mis.dk\/?s={search_term_string}\"},\"query-input\":{\"@type\":\"PropertyValueSpecification\",\"valueRequired\":true,\"valueName\":\"search_term_string\"}}],\"inLanguage\":\"sv-SE\"},{\"@type\":\"Organization\",\"@id\":\"https:\/\/mis.dk\/#organization\",\"name\":\"MIS Recycling\",\"url\":\"https:\/\/mis.dk\/\",\"logo\":{\"@type\":\"ImageObject\",\"inLanguage\":\"sv-SE\",\"@id\":\"https:\/\/mis.dk\/#\/schema\/logo\/image\/\",\"url\":\"https:\/\/mis.dk\/wp-content\/uploads\/2022\/07\/mis-logo.png\",\"contentUrl\":\"https:\/\/mis.dk\/wp-content\/uploads\/2022\/07\/mis-logo.png\",\"width\":110,\"height\":78,\"caption\":\"MIS Recycling\"},\"image\":{\"@id\":\"https:\/\/mis.dk\/#\/schema\/logo\/image\/\"}}]}<\/script>\n<!-- \/ Yoast SEO plugin. -->","yoast_head_json":{"title":"Udlejning af stakketransport\u00f8r - MIS Recycling","description":"Udlejning af stakketransport\u00f8r - Vil du undg\u00e5 at dine materialer bliver trykket ned af v\u00e6gten fra din l\u00e6ssemaskine, og vil du spare plads.","robots":{"index":"index","follow":"follow","max-snippet":"max-snippet:-1","max-image-preview":"max-image-preview:large","max-video-preview":"max-video-preview:-1"},"canonical":"https:\/\/mis.dk\/sv\/mis-rental\/stakketransportoerer\/","og_locale":"sv_SE","og_type":"article","og_title":"Udlejning af stakketransport\u00f8r - MIS Recycling","og_description":"Udlejning af stakketransport\u00f8r - Vil du undg\u00e5 at dine materialer bliver trykket ned af v\u00e6gten fra din l\u00e6ssemaskine, og vil du spare plads.","og_url":"https:\/\/mis.dk\/sv\/mis-rental\/stakketransportoerer\/","og_site_name":"MIS Recycling","article_modified_time":"2024-12-06T13:01:43+00:00","og_image":[{"width":300,"height":226,"url":"https:\/\/mis.dk\/wp-content\/uploads\/2020\/09\/opstakker.png","type":"image\/png"}],"twitter_card":"summary_large_image","twitter_misc":{"Ber\u00e4knad l\u00e4stid":"3 minuter"},"schema":{"@context":"https:\/\/schema.org","@graph":[{"@type":"WebPage","@id":"https:\/\/mis.dk\/mis-rental\/stakketransportoerer\/","url":"https:\/\/mis.dk\/mis-rental\/stakketransportoerer\/","name":"Udlejning af stakketransport\u00f8r - MIS Recycling","isPartOf":{"@id":"https:\/\/mis.dk\/#website"},"primaryImageOfPage":{"@id":"https:\/\/mis.dk\/mis-rental\/stakketransportoerer\/#primaryimage"},"image":{"@id":"https:\/\/mis.dk\/mis-rental\/stakketransportoerer\/#primaryimage"},"thumbnailUrl":"https:\/\/mis.dk\/wp-content\/uploads\/2020\/09\/opstakker.png","datePublished":"2018-01-03T07:03:51+00:00","dateModified":"2024-12-06T13:01:43+00:00","description":"Udlejning af stakketransport\u00f8r - Vil du undg\u00e5 at dine materialer bliver trykket ned af v\u00e6gten fra din l\u00e6ssemaskine, og vil du spare plads.","breadcrumb":{"@id":"https:\/\/mis.dk\/mis-rental\/stakketransportoerer\/#breadcrumb"},"inLanguage":"sv-SE","potentialAction":[{"@type":"ReadAction","target":["https:\/\/mis.dk\/mis-rental\/stakketransportoerer\/"]}]},{"@type":"ImageObject","inLanguage":"sv-SE","@id":"https:\/\/mis.dk\/mis-rental\/stakketransportoerer\/#primaryimage","url":"https:\/\/mis.dk\/wp-content\/uploads\/2020\/09\/opstakker.png","contentUrl":"https:\/\/mis.dk\/wp-content\/uploads\/2020\/09\/opstakker.png","width":300,"height":226,"caption":"Udlejning af stakketransport\u00f8r"},{"@type":"BreadcrumbList","@id":"https:\/\/mis.dk\/mis-rental\/stakketransportoerer\/#breadcrumb","itemListElement":[{"@type":"ListItem","position":1,"name":"Hjem","item":"https:\/\/mis.dk\/"},{"@type":"ListItem","position":2,"name":"MIS RENTAL","item":"https:\/\/mis.dk\/mis-rental\/"},{"@type":"ListItem","position":3,"name":"Opstakkere"}]},{"@type":"WebSite","@id":"https:\/\/mis.dk\/#website","url":"https:\/\/mis.dk\/","name":"MIS Recycling","description":"GENANVENDELSE ER SUND FORNUFT OG GOD \u00d8KONOMI","publisher":{"@id":"https:\/\/mis.dk\/#organization"},"potentialAction":[{"@type":"SearchAction","target":{"@type":"EntryPoint","urlTemplate":"https:\/\/mis.dk\/?s={search_term_string}"},"query-input":{"@type":"PropertyValueSpecification","valueRequired":true,"valueName":"search_term_string"}}],"inLanguage":"sv-SE"},{"@type":"Organization","@id":"https:\/\/mis.dk\/#organization","name":"MIS Recycling","url":"https:\/\/mis.dk\/","logo":{"@type":"ImageObject","inLanguage":"sv-SE","@id":"https:\/\/mis.dk\/#\/schema\/logo\/image\/","url":"https:\/\/mis.dk\/wp-content\/uploads\/2022\/07\/mis-logo.png","contentUrl":"https:\/\/mis.dk\/wp-content\/uploads\/2022\/07\/mis-logo.png","width":110,"height":78,"caption":"MIS Recycling"},"image":{"@id":"https:\/\/mis.dk\/#\/schema\/logo\/image\/"}}]}},"_links":{"self":[{"href":"https:\/\/mis.dk\/sv\/wp-json\/wp\/v2\/pages\/130","targetHints":{"allow":["GET"]}}],"collection":[{"href":"https:\/\/mis.dk\/sv\/wp-json\/wp\/v2\/pages"}],"about":[{"href":"https:\/\/mis.dk\/sv\/wp-json\/wp\/v2\/types\/page"}],"author":[{"embeddable":true,"href":"https:\/\/mis.dk\/sv\/wp-json\/wp\/v2\/users\/12"}],"replies":[{"embeddable":true,"href":"https:\/\/mis.dk\/sv\/wp-json\/wp\/v2\/comments?post=130"}],"version-history":[{"count":41,"href":"https:\/\/mis.dk\/sv\/wp-json\/wp\/v2\/pages\/130\/revisions"}],"predecessor-version":[{"id":6266,"href":"https:\/\/mis.dk\/sv\/wp-json\/wp\/v2\/pages\/130\/revisions\/6266"}],"up":[{"embeddable":true,"href":"https:\/\/mis.dk\/sv\/wp-json\/wp\/v2\/pages\/3943"}],"wp:featuredmedia":[{"embeddable":true,"href":"https:\/\/mis.dk\/sv\/wp-json\/wp\/v2\/media\/4039"}],"wp:attachment":[{"href":"https:\/\/mis.dk\/sv\/wp-json\/wp\/v2\/media?parent=130"}],"curies":[{"name":"wp","href":"https:\/\/api.w.org\/{rel}","templated":true}]}}