{"id":126,"date":"2018-01-03T08:02:07","date_gmt":"2018-01-03T07:02:07","guid":{"rendered":"http:\/\/mis.dk\/?page_id=126"},"modified":"2024-12-06T14:01:28","modified_gmt":"2024-12-06T13:01:28","slug":"sortereanlaeg-2","status":"publish","type":"page","link":"https:\/\/mis.dk\/sv\/mis-rental\/sortereanlaeg-2\/","title":{"rendered":"SORTERINGSANL\u00c4GGNING"},"content":{"rendered":"<div data-elementor-type=\"wp-page\" data-elementor-id=\"126\" class=\"elementor elementor-126\" data-elementor-post-type=\"page\">\n\t\t\t\t\t\t<section class=\"elementor-section elementor-top-section elementor-element elementor-element-c671d85 elementor-section-boxed elementor-section-height-default elementor-section-height-default\" data-id=\"c671d85\" data-element_type=\"section\" data-settings=\"{&quot;background_background&quot;:&quot;classic&quot;}\">\n\t\t\t\t\t\t\t<div class=\"elementor-background-overlay\"><\/div>\n\t\t\t\t\t\t\t<div class=\"elementor-container elementor-column-gap-default\">\n\t\t\t\t\t<div class=\"elementor-column elementor-col-100 elementor-top-column elementor-element elementor-element-0697ce9\" data-id=\"0697ce9\" data-element_type=\"column\">\n\t\t\t<div class=\"elementor-widget-wrap elementor-element-populated\">\n\t\t\t\t\t\t<section class=\"elementor-section elementor-inner-section elementor-element elementor-element-238491c elementor-reverse-tablet elementor-section-boxed elementor-section-height-default elementor-section-height-default\" data-id=\"238491c\" data-element_type=\"section\">\n\t\t\t\t\t\t<div class=\"elementor-container elementor-column-gap-default\">\n\t\t\t\t\t<div class=\"elementor-column elementor-col-50 elementor-inner-column elementor-element elementor-element-d41061e\" data-id=\"d41061e\" data-element_type=\"column\">\n\t\t\t<div class=\"elementor-widget-wrap elementor-element-populated\">\n\t\t\t\t\t\t<div class=\"elementor-element elementor-element-d29d7a4 elementor-widget elementor-widget-heading\" data-id=\"d29d7a4\" data-element_type=\"widget\" data-widget_type=\"heading.default\">\n\t\t\t\t<div class=\"elementor-widget-container\">\n\t\t\t\t\t<h2 class=\"elementor-heading-title elementor-size-default\">SORTERINGSANL\u00c4GGNING<\/h2>\t\t\t\t<\/div>\n\t\t\t\t<\/div>\n\t\t\t\t<div class=\"elementor-element elementor-element-5be59cb elementor-widget elementor-widget-text-editor\" data-id=\"5be59cb\" data-element_type=\"widget\" data-widget_type=\"text-editor.default\">\n\t\t\t\t<div class=\"elementor-widget-container\">\n\t\t\t\t\t\t\t\t\t<p>Med en kapacitet p\u00e5 upp till 350 ton i timmen klarar v\u00e5r sorteringsanl\u00e4ggning dina behov f\u00f6r sortering av sten, grus, krossad betong, tegel och asfalt. Alla v\u00e5ra anl\u00e4ggningar har siktar med tv\u00e5 d\u00e4ck, tre integrerade stapeltranport\u00f6rer och \u00e4r dieselhydrauliska.<\/p><p>Om du har n\u00e5gra fr\u00e5gor eller vill ha ett hyrespris, v\u00e4nligen ring oss p\u00e5:<a href=\"telefon: 57 80 80 83\"> 57 80 80 83<\/a>.<\/p><p>Alla maskiner hyrs endast ut p\u00e5 m\u00e5nadsbasis<\/p><p><span style=\"color: #ff6600;\"><span style=\"color: #000000;\">Se v\u00e5r <a href=\"https:\/\/mis.dk\/wp-content\/uploads\/2018\/01\/MIS_Rental_udlejningsbrochure_2019_u.pdf\">broschyr om alla hyrmaskiner<\/a><\/span><\/span><\/p>\t\t\t\t\t\t\t\t<\/div>\n\t\t\t\t<\/div>\n\t\t\t\t\t<\/div>\n\t\t<\/div>\n\t\t\t\t<div class=\"elementor-column elementor-col-50 elementor-inner-column elementor-element elementor-element-1b7637b\" data-id=\"1b7637b\" data-element_type=\"column\">\n\t\t\t<div class=\"elementor-widget-wrap elementor-element-populated\">\n\t\t\t\t\t\t<div class=\"elementor-element elementor-element-576d4e0 elementor-widget elementor-widget-heading\" data-id=\"576d4e0\" data-element_type=\"widget\" data-widget_type=\"heading.default\">\n\t\t\t\t<div class=\"elementor-widget-container\">\n\t\t\t\t\t<h5 class=\"elementor-heading-title elementor-size-default\">\u00d6vriga uthyrningar<\/h5>\t\t\t\t<\/div>\n\t\t\t\t<\/div>\n\t\t\t\t<div class=\"elementor-element elementor-element-7078b52 elementor-icon-list--layout-traditional elementor-list-item-link-full_width elementor-widget elementor-widget-icon-list\" data-id=\"7078b52\" data-element_type=\"widget\" data-widget_type=\"icon-list.default\">\n\t\t\t\t<div class=\"elementor-widget-container\">\n\t\t\t\t\t\t\t<ul class=\"elementor-icon-list-items\">\n\t\t\t\t\t\t\t<li class=\"elementor-icon-list-item\">\n\t\t\t\t\t\t\t\t\t\t\t<a href=\"https:\/\/mis.dk\/sv\/mis-rental-3__trashed\/gravemaskiner\/\">\n\n\t\t\t\t\t\t\t\t\t\t\t\t<span class=\"elementor-icon-list-icon\">\n\t\t\t\t\t\t\t<svg aria-hidden=\"true\" class=\"e-font-icon-svg e-fas-caret-right\" viewbox=\"0 0 192 512\" xmlns=\"http:\/\/www.w3.org\/2000\/svg\"><path d=\"M0 384.662V127.338c0-17.818 21.543-26.741 34.142-14.142l128.662 128.662c7.81 7.81 7.81 20.474 0 28.284L34.142 398.804C21.543 411.404 0 402.48 0 384.662z\"><\/path><\/svg>\t\t\t\t\t\t<\/span>\n\t\t\t\t\t\t\t\t\t\t<span class=\"elementor-icon-list-text\">Gr\u00e4vmaskin<\/span>\n\t\t\t\t\t\t\t\t\t\t\t<\/a>\n\t\t\t\t\t\t\t\t\t<\/li>\n\t\t\t\t\t\t\t\t<li class=\"elementor-icon-list-item\">\n\t\t\t\t\t\t\t\t\t\t\t<a href=\"https:\/\/mis.dk\/sv\/mis-rental-3__trashed\/gummigeder\/\">\n\n\t\t\t\t\t\t\t\t\t\t\t\t<span class=\"elementor-icon-list-icon\">\n\t\t\t\t\t\t\t<svg aria-hidden=\"true\" class=\"e-font-icon-svg e-fas-caret-right\" viewbox=\"0 0 192 512\" xmlns=\"http:\/\/www.w3.org\/2000\/svg\"><path d=\"M0 384.662V127.338c0-17.818 21.543-26.741 34.142-14.142l128.662 128.662c7.81 7.81 7.81 20.474 0 28.284L34.142 398.804C21.543 411.404 0 402.48 0 384.662z\"><\/path><\/svg>\t\t\t\t\t\t<\/span>\n\t\t\t\t\t\t\t\t\t\t<span class=\"elementor-icon-list-text\">Hjullastare<\/span>\n\t\t\t\t\t\t\t\t\t\t\t<\/a>\n\t\t\t\t\t\t\t\t\t<\/li>\n\t\t\t\t\t\t\t\t<li class=\"elementor-icon-list-item\">\n\t\t\t\t\t\t\t\t\t\t\t<a href=\"https:\/\/mis.dk\/sv\/laessemasker\/\">\n\n\t\t\t\t\t\t\t\t\t\t\t\t<span class=\"elementor-icon-list-icon\">\n\t\t\t\t\t\t\t<svg aria-hidden=\"true\" class=\"e-font-icon-svg e-fas-caret-right\" viewbox=\"0 0 192 512\" xmlns=\"http:\/\/www.w3.org\/2000\/svg\"><path d=\"M0 384.662V127.338c0-17.818 21.543-26.741 34.142-14.142l128.662 128.662c7.81 7.81 7.81 20.474 0 28.284L34.142 398.804C21.543 411.404 0 402.48 0 384.662z\"><\/path><\/svg>\t\t\t\t\t\t<\/span>\n\t\t\t\t\t\t\t\t\t\t<span class=\"elementor-icon-list-text\">Lastmaskin<\/span>\n\t\t\t\t\t\t\t\t\t\t\t<\/a>\n\t\t\t\t\t\t\t\t\t<\/li>\n\t\t\t\t\t\t\t\t<li class=\"elementor-icon-list-item\">\n\t\t\t\t\t\t\t\t\t\t\t<a href=\"https:\/\/mis.dk\/sv\/neddeling\/neddeling2\/\">\n\n\t\t\t\t\t\t\t\t\t\t\t\t<span class=\"elementor-icon-list-icon\">\n\t\t\t\t\t\t\t<svg aria-hidden=\"true\" class=\"e-font-icon-svg e-fas-caret-right\" viewbox=\"0 0 192 512\" xmlns=\"http:\/\/www.w3.org\/2000\/svg\"><path d=\"M0 384.662V127.338c0-17.818 21.543-26.741 34.142-14.142l128.662 128.662c7.81 7.81 7.81 20.474 0 28.284L34.142 398.804C21.543 411.404 0 402.48 0 384.662z\"><\/path><\/svg>\t\t\t\t\t\t<\/span>\n\t\t\t\t\t\t\t\t\t\t<span class=\"elementor-icon-list-text\">Dundelar<\/span>\n\t\t\t\t\t\t\t\t\t\t\t<\/a>\n\t\t\t\t\t\t\t\t\t<\/li>\n\t\t\t\t\t\t\t\t<li class=\"elementor-icon-list-item\">\n\t\t\t\t\t\t\t\t\t\t\t<a href=\"\/sv\/sortereanlaeg\/\">\n\n\t\t\t\t\t\t\t\t\t\t\t\t<span class=\"elementor-icon-list-icon\">\n\t\t\t\t\t\t\t<svg aria-hidden=\"true\" class=\"e-font-icon-svg e-fas-caret-right\" viewbox=\"0 0 192 512\" xmlns=\"http:\/\/www.w3.org\/2000\/svg\"><path d=\"M0 384.662V127.338c0-17.818 21.543-26.741 34.142-14.142l128.662 128.662c7.81 7.81 7.81 20.474 0 28.284L34.142 398.804C21.543 411.404 0 402.48 0 384.662z\"><\/path><\/svg>\t\t\t\t\t\t<\/span>\n\t\t\t\t\t\t\t\t\t\t<span class=\"elementor-icon-list-text\">SORTERINGSANL\u00c4GGNING<\/span>\n\t\t\t\t\t\t\t\t\t\t\t<\/a>\n\t\t\t\t\t\t\t\t\t<\/li>\n\t\t\t\t\t\t\t\t<li class=\"elementor-icon-list-item\">\n\t\t\t\t\t\t\t\t\t\t\t<a href=\"https:\/\/mis.dk\/sv\/mis-rental-3__trashed\/stakketransportoerer\/\">\n\n\t\t\t\t\t\t\t\t\t\t\t\t<span class=\"elementor-icon-list-icon\">\n\t\t\t\t\t\t\t<svg aria-hidden=\"true\" class=\"e-font-icon-svg e-fas-caret-right\" viewbox=\"0 0 192 512\" xmlns=\"http:\/\/www.w3.org\/2000\/svg\"><path d=\"M0 384.662V127.338c0-17.818 21.543-26.741 34.142-14.142l128.662 128.662c7.81 7.81 7.81 20.474 0 28.284L34.142 398.804C21.543 411.404 0 402.48 0 384.662z\"><\/path><\/svg>\t\t\t\t\t\t<\/span>\n\t\t\t\t\t\t\t\t\t\t<span class=\"elementor-icon-list-text\">STAPLARE<\/span>\n\t\t\t\t\t\t\t\t\t\t\t<\/a>\n\t\t\t\t\t\t\t\t\t<\/li>\n\t\t\t\t\t\t<\/ul>\n\t\t\t\t\t\t<\/div>\n\t\t\t\t<\/div>\n\t\t\t\t\t<\/div>\n\t\t<\/div>\n\t\t\t\t\t<\/div>\n\t\t<\/section>\n\t\t\t\t<section class=\"elementor-section elementor-inner-section elementor-element elementor-element-da0bf2a elementor-section-boxed elementor-section-height-default elementor-section-height-default\" data-id=\"da0bf2a\" data-element_type=\"section\">\n\t\t\t\t\t\t<div class=\"elementor-container elementor-column-gap-default\">\n\t\t\t\t\t<div class=\"elementor-column elementor-col-100 elementor-inner-column elementor-element elementor-element-3f27f37\" data-id=\"3f27f37\" data-element_type=\"column\">\n\t\t\t<div class=\"elementor-widget-wrap elementor-element-populated\">\n\t\t\t\t\t\t<div class=\"elementor-element elementor-element-e60bb16 elementor-grid-2 elementor-posts--thumbnail-left elementor-grid-tablet-1 elementor-grid-mobile-1 elementor-widget elementor-widget-posts\" data-id=\"e60bb16\" data-element_type=\"widget\" data-settings=\"{&quot;classic_columns&quot;:&quot;2&quot;,&quot;classic_row_gap&quot;:{&quot;unit&quot;:&quot;px&quot;,&quot;size&quot;:40,&quot;sizes&quot;:[]},&quot;classic_columns_tablet&quot;:&quot;1&quot;,&quot;classic_row_gap_tablet&quot;:{&quot;unit&quot;:&quot;px&quot;,&quot;size&quot;:20,&quot;sizes&quot;:[]},&quot;classic_row_gap_mobile&quot;:{&quot;unit&quot;:&quot;px&quot;,&quot;size&quot;:20,&quot;sizes&quot;:[]},&quot;classic_columns_mobile&quot;:&quot;1&quot;}\" data-widget_type=\"posts.classic\">\n\t\t\t\t<div class=\"elementor-widget-container\">\n\t\t\t\t\t\t\t<div class=\"elementor-posts-container elementor-posts elementor-posts--skin-classic elementor-grid\">\n\t\t\t\t<article class=\"elementor-post elementor-grid-item post-4069 post type-post status-publish format-standard has-post-thumbnail hentry category-sortereanlaeg\">\n\t\t\t\t<a class=\"elementor-post__thumbnail__link\" href=\"https:\/\/mis.dk\/sv\/doppstadt-sm-620-trommel\/\" tabindex=\"-1\" >\n\t\t\t<div class=\"elementor-post__thumbnail\"><img fetchpriority=\"high\" decoding=\"async\" width=\"700\" height=\"493\" src=\"https:\/\/mis.dk\/wp-content\/uploads\/2020\/10\/SM-620.png\" class=\"attachment-full size-full wp-image-4110\" alt=\"\" srcset=\"https:\/\/mis.dk\/wp-content\/uploads\/2020\/10\/SM-620.png 700w, https:\/\/mis.dk\/wp-content\/uploads\/2020\/10\/SM-620-300x211.png 300w\" sizes=\"(max-width: 700px) 100vw, 700px\" \/><\/div>\n\t\t<\/a>\n\t\t\t\t<div class=\"elementor-post__text\">\n\t\t\t\t<p class=\"elementor-post__title\">\n\t\t\t<a href=\"https:\/\/mis.dk\/sv\/doppstadt-sm-620-trommel\/\" >\n\t\t\t\tDoppstadt SM-620 trumma\t\t\t<\/a>\n\t\t<\/p>\n\t\t\t\t<div class=\"elementor-post__excerpt\">\n\t\t\t<p>Den mobila trumsorteringsanl\u00e4ggningen \u00e4r idealisk n\u00e4r du ska sortera<\/p>\n\t\t<\/div>\n\t\t\n\t\t<a class=\"elementor-post__read-more\" href=\"https:\/\/mis.dk\/sv\/doppstadt-sm-620-trommel\/\" aria-label=\"L\u00e4s mer om Doppstadt SM-620 Trommel\" tabindex=\"-1\" >\n\t\t\tSe mer\t\t<\/a>\n\n\t\t\t\t<\/div>\n\t\t\t\t<\/article>\n\t\t\t\t<article class=\"elementor-post elementor-grid-item post-4067 post type-post status-publish format-standard has-post-thumbnail hentry category-sortereanlaeg\">\n\t\t\t\t<a class=\"elementor-post__thumbnail__link\" href=\"https:\/\/mis.dk\/sv\/mccloskey-r155\/\" tabindex=\"-1\" >\n\t\t\t<div class=\"elementor-post__thumbnail\"><img decoding=\"async\" width=\"690\" height=\"490\" src=\"https:\/\/mis.dk\/wp-content\/uploads\/2020\/10\/r155.png\" class=\"attachment-full size-full wp-image-4108\" alt=\"\" srcset=\"https:\/\/mis.dk\/wp-content\/uploads\/2020\/10\/r155.png 690w, https:\/\/mis.dk\/wp-content\/uploads\/2020\/10\/r155-300x213.png 300w\" sizes=\"(max-width: 690px) 100vw, 690px\" \/><\/div>\n\t\t<\/a>\n\t\t\t\t<div class=\"elementor-post__text\">\n\t\t\t\t<p class=\"elementor-post__title\">\n\t\t\t<a href=\"https:\/\/mis.dk\/sv\/mccloskey-r155\/\" >\n\t\t\t\tMcCloskey R155\t\t\t<\/a>\n\t\t<\/p>\n\t\t\t\t<div class=\"elementor-post__excerpt\">\n\t\t\t<p>Hanterar enkelt dina sorteringsuppgifter \u2013 t ex sten, grus,<\/p>\n\t\t<\/div>\n\t\t\n\t\t<a class=\"elementor-post__read-more\" href=\"https:\/\/mis.dk\/sv\/mccloskey-r155\/\" aria-label=\"L\u00e4s mer om McCloskey R155\" tabindex=\"-1\" >\n\t\t\tSe mer\t\t<\/a>\n\n\t\t\t\t<\/div>\n\t\t\t\t<\/article>\n\t\t\t\t<article class=\"elementor-post elementor-grid-item post-4061 post type-post status-publish format-standard has-post-thumbnail hentry category-sortereanlaeg\">\n\t\t\t\t<a class=\"elementor-post__thumbnail__link\" href=\"https:\/\/mis.dk\/sv\/kleemann-12z-3-sorteringer\/\" tabindex=\"-1\" >\n\t\t\t<div class=\"elementor-post__thumbnail\"><img decoding=\"async\" width=\"690\" height=\"490\" src=\"https:\/\/mis.dk\/wp-content\/uploads\/2020\/10\/12z.png\" class=\"attachment-full size-full wp-image-4102\" alt=\"\" srcset=\"https:\/\/mis.dk\/wp-content\/uploads\/2020\/10\/12z.png 690w, https:\/\/mis.dk\/wp-content\/uploads\/2020\/10\/12z-300x213.png 300w\" sizes=\"(max-width: 690px) 100vw, 690px\" \/><\/div>\n\t\t<\/a>\n\t\t\t\t<div class=\"elementor-post__text\">\n\t\t\t\t<p class=\"elementor-post__title\">\n\t\t\t<a href=\"https:\/\/mis.dk\/sv\/kleemann-12z-3-sorteringer\/\" >\n\t\t\t\tKleemann 12z \/ 3 sorteringar\t\t\t<\/a>\n\t\t<\/p>\n\t\t\t\t<div class=\"elementor-post__excerpt\">\n\t\t\t<p>Den mobila anl\u00e4ggningen \u00e4r idealisk f\u00f6r sortering<\/p>\n\t\t<\/div>\n\t\t\n\t\t<a class=\"elementor-post__read-more\" href=\"https:\/\/mis.dk\/sv\/kleemann-12z-3-sorteringer\/\" aria-label=\"L\u00e4s mer om Kleemann 12z \/ 3 sorteringer\" tabindex=\"-1\" >\n\t\t\tSe mer\t\t<\/a>\n\n\t\t\t\t<\/div>\n\t\t\t\t<\/article>\n\t\t\t\t<article class=\"elementor-post elementor-grid-item post-4057 post type-post status-publish format-standard has-post-thumbnail hentry category-sortereanlaeg\">\n\t\t\t\t<a class=\"elementor-post__thumbnail__link\" href=\"https:\/\/mis.dk\/sv\/powerscreen-hybrid\/\" tabindex=\"-1\" >\n\t\t\t<div class=\"elementor-post__thumbnail\"><img loading=\"lazy\" decoding=\"async\" width=\"473\" height=\"323\" src=\"https:\/\/mis.dk\/wp-content\/uploads\/2020\/10\/powerscreenhybrid.png\" class=\"attachment-full size-full wp-image-4161\" alt=\"\" srcset=\"https:\/\/mis.dk\/wp-content\/uploads\/2020\/10\/powerscreenhybrid.png 473w, https:\/\/mis.dk\/wp-content\/uploads\/2020\/10\/powerscreenhybrid-300x205.png 300w\" sizes=\"(max-width: 473px) 100vw, 473px\" \/><\/div>\n\t\t<\/a>\n\t\t\t\t<div class=\"elementor-post__text\">\n\t\t\t\t<p class=\"elementor-post__title\">\n\t\t\t<a href=\"https:\/\/mis.dk\/sv\/powerscreen-hybrid\/\" >\n\t\t\t\tPowerscreen Hybrid\t\t\t<\/a>\n\t\t<\/p>\n\t\t\t\t<div class=\"elementor-post__excerpt\">\n\t\t\t<p>Powerscreen Hybrid kraftig sorteringsanl\u00e4ggning. Kapacitet Upp till<\/p>\n\t\t<\/div>\n\t\t\n\t\t<a class=\"elementor-post__read-more\" href=\"https:\/\/mis.dk\/sv\/powerscreen-hybrid\/\" aria-label=\"L\u00e4s mer om Powerscreen Hybrid\" tabindex=\"-1\" >\n\t\t\tSe mer\t\t<\/a>\n\n\t\t\t\t<\/div>\n\t\t\t\t<\/article>\n\t\t\t\t<\/div>\n\t\t\n\t\t\t\t\t\t<\/div>\n\t\t\t\t<\/div>\n\t\t\t\t\t<\/div>\n\t\t<\/div>\n\t\t\t\t\t<\/div>\n\t\t<\/section>\n\t\t\t\t\t<\/div>\n\t\t<\/div>\n\t\t\t\t\t<\/div>\n\t\t<\/section>\n\t\t\t\t<\/div>","protected":false},"excerpt":{"rendered":"<p>SORTEREANL\u00c6G Med en kapacitet p\u00e5 op til 350 tons i timen klarer vores sortereanl\u00e6g let dine opgaver med sortering af sten, grus, knust beton, tegl og asfalt. Alle vores anl\u00e6g har sigte med to d\u00e6k, tre integrerede stakketransport\u00f8rer og er dieselhydraulisk. Har du sp\u00f8rgsm\u00e5l eller vil du have en pris p\u00e5 udlejning, s\u00e5 ring til [&hellip;]<\/p>","protected":false},"author":12,"featured_media":4037,"parent":3943,"menu_order":0,"comment_status":"closed","ping_status":"closed","template":"","meta":{"iawp_total_views":834,"footnotes":""},"class_list":["post-126","page","type-page","status-publish","has-post-thumbnail","hentry"],"yoast_head":"<!-- This site is optimized with the Yoast SEO plugin v24.1 - https:\/\/yoast.com\/wordpress\/plugins\/seo\/ -->\n<title>Udlejning af sortereanl\u00e6g - MIS Recycling<\/title>\n<meta name=\"description\" content=\"Udlejning af sortereanl\u00e6g - Med en kapacitet p\u00e5 op til 350 tons i timen klarer vores sortereanl\u00e6g let dine opgaver med sortering.\" \/>\n<meta name=\"robots\" content=\"index, follow, max-snippet:-1, max-image-preview:large, max-video-preview:-1\" \/>\n<link rel=\"canonical\" href=\"https:\/\/mis.dk\/sv\/mis-rental\/sortereanlaeg-2\/\" \/>\n<meta property=\"og:locale\" content=\"sv_SE\" \/>\n<meta property=\"og:type\" content=\"article\" \/>\n<meta property=\"og:title\" content=\"Udlejning af sortereanl\u00e6g - MIS Recycling\" \/>\n<meta property=\"og:description\" content=\"Udlejning af sortereanl\u00e6g - Med en kapacitet p\u00e5 op til 350 tons i timen klarer vores sortereanl\u00e6g let dine opgaver med sortering.\" \/>\n<meta property=\"og:url\" content=\"https:\/\/mis.dk\/sv\/mis-rental\/sortereanlaeg-2\/\" \/>\n<meta property=\"og:site_name\" content=\"MIS Recycling\" \/>\n<meta property=\"article:modified_time\" content=\"2024-12-06T13:01:28+00:00\" \/>\n<meta property=\"og:image\" content=\"https:\/\/mis.dk\/wp-content\/uploads\/2020\/09\/sortereanlaeg.png\" \/>\n\t<meta property=\"og:image:width\" content=\"300\" \/>\n\t<meta property=\"og:image:height\" content=\"226\" \/>\n\t<meta property=\"og:image:type\" content=\"image\/png\" \/>\n<meta name=\"twitter:card\" content=\"summary_large_image\" \/>\n<meta name=\"twitter:label1\" content=\"Ber\u00e4knad l\u00e4stid\" \/>\n\t<meta name=\"twitter:data1\" content=\"4 minuter\" \/>\n<script type=\"application\/ld+json\" class=\"yoast-schema-graph\">{\"@context\":\"https:\/\/schema.org\",\"@graph\":[{\"@type\":\"WebPage\",\"@id\":\"https:\/\/mis.dk\/mis-rental\/sortereanlaeg-2\/\",\"url\":\"https:\/\/mis.dk\/mis-rental\/sortereanlaeg-2\/\",\"name\":\"Udlejning af sortereanl\u00e6g - MIS Recycling\",\"isPartOf\":{\"@id\":\"https:\/\/mis.dk\/#website\"},\"primaryImageOfPage\":{\"@id\":\"https:\/\/mis.dk\/mis-rental\/sortereanlaeg-2\/#primaryimage\"},\"image\":{\"@id\":\"https:\/\/mis.dk\/mis-rental\/sortereanlaeg-2\/#primaryimage\"},\"thumbnailUrl\":\"https:\/\/mis.dk\/wp-content\/uploads\/2020\/09\/sortereanlaeg.png\",\"datePublished\":\"2018-01-03T07:02:07+00:00\",\"dateModified\":\"2024-12-06T13:01:28+00:00\",\"description\":\"Udlejning af sortereanl\u00e6g - Med en kapacitet p\u00e5 op til 350 tons i timen klarer vores sortereanl\u00e6g let dine opgaver med sortering.\",\"breadcrumb\":{\"@id\":\"https:\/\/mis.dk\/mis-rental\/sortereanlaeg-2\/#breadcrumb\"},\"inLanguage\":\"sv-SE\",\"potentialAction\":[{\"@type\":\"ReadAction\",\"target\":[\"https:\/\/mis.dk\/mis-rental\/sortereanlaeg-2\/\"]}]},{\"@type\":\"ImageObject\",\"inLanguage\":\"sv-SE\",\"@id\":\"https:\/\/mis.dk\/mis-rental\/sortereanlaeg-2\/#primaryimage\",\"url\":\"https:\/\/mis.dk\/wp-content\/uploads\/2020\/09\/sortereanlaeg.png\",\"contentUrl\":\"https:\/\/mis.dk\/wp-content\/uploads\/2020\/09\/sortereanlaeg.png\",\"width\":300,\"height\":226,\"caption\":\"Udlejning af sortereanl\u00e6g\"},{\"@type\":\"BreadcrumbList\",\"@id\":\"https:\/\/mis.dk\/mis-rental\/sortereanlaeg-2\/#breadcrumb\",\"itemListElement\":[{\"@type\":\"ListItem\",\"position\":1,\"name\":\"Hjem\",\"item\":\"https:\/\/mis.dk\/\"},{\"@type\":\"ListItem\",\"position\":2,\"name\":\"MIS RENTAL\",\"item\":\"https:\/\/mis.dk\/mis-rental\/\"},{\"@type\":\"ListItem\",\"position\":3,\"name\":\"Sortereanl\u00e6g\"}]},{\"@type\":\"WebSite\",\"@id\":\"https:\/\/mis.dk\/#website\",\"url\":\"https:\/\/mis.dk\/\",\"name\":\"MIS Recycling\",\"description\":\"GENANVENDELSE ER SUND FORNUFT OG GOD \u00d8KONOMI\",\"publisher\":{\"@id\":\"https:\/\/mis.dk\/#organization\"},\"potentialAction\":[{\"@type\":\"SearchAction\",\"target\":{\"@type\":\"EntryPoint\",\"urlTemplate\":\"https:\/\/mis.dk\/?s={search_term_string}\"},\"query-input\":{\"@type\":\"PropertyValueSpecification\",\"valueRequired\":true,\"valueName\":\"search_term_string\"}}],\"inLanguage\":\"sv-SE\"},{\"@type\":\"Organization\",\"@id\":\"https:\/\/mis.dk\/#organization\",\"name\":\"MIS Recycling\",\"url\":\"https:\/\/mis.dk\/\",\"logo\":{\"@type\":\"ImageObject\",\"inLanguage\":\"sv-SE\",\"@id\":\"https:\/\/mis.dk\/#\/schema\/logo\/image\/\",\"url\":\"https:\/\/mis.dk\/wp-content\/uploads\/2022\/07\/mis-logo.png\",\"contentUrl\":\"https:\/\/mis.dk\/wp-content\/uploads\/2022\/07\/mis-logo.png\",\"width\":110,\"height\":78,\"caption\":\"MIS Recycling\"},\"image\":{\"@id\":\"https:\/\/mis.dk\/#\/schema\/logo\/image\/\"}}]}<\/script>\n<!-- \/ Yoast SEO plugin. -->","yoast_head_json":{"title":"Udlejning af sortereanl\u00e6g - MIS Recycling","description":"Udlejning af sortereanl\u00e6g - Med en kapacitet p\u00e5 op til 350 tons i timen klarer vores sortereanl\u00e6g let dine opgaver med sortering.","robots":{"index":"index","follow":"follow","max-snippet":"max-snippet:-1","max-image-preview":"max-image-preview:large","max-video-preview":"max-video-preview:-1"},"canonical":"https:\/\/mis.dk\/sv\/mis-rental\/sortereanlaeg-2\/","og_locale":"sv_SE","og_type":"article","og_title":"Udlejning af sortereanl\u00e6g - MIS Recycling","og_description":"Udlejning af sortereanl\u00e6g - Med en kapacitet p\u00e5 op til 350 tons i timen klarer vores sortereanl\u00e6g let dine opgaver med sortering.","og_url":"https:\/\/mis.dk\/sv\/mis-rental\/sortereanlaeg-2\/","og_site_name":"MIS Recycling","article_modified_time":"2024-12-06T13:01:28+00:00","og_image":[{"width":300,"height":226,"url":"https:\/\/mis.dk\/wp-content\/uploads\/2020\/09\/sortereanlaeg.png","type":"image\/png"}],"twitter_card":"summary_large_image","twitter_misc":{"Ber\u00e4knad l\u00e4stid":"4 minuter"},"schema":{"@context":"https:\/\/schema.org","@graph":[{"@type":"WebPage","@id":"https:\/\/mis.dk\/mis-rental\/sortereanlaeg-2\/","url":"https:\/\/mis.dk\/mis-rental\/sortereanlaeg-2\/","name":"Udlejning af sortereanl\u00e6g - MIS Recycling","isPartOf":{"@id":"https:\/\/mis.dk\/#website"},"primaryImageOfPage":{"@id":"https:\/\/mis.dk\/mis-rental\/sortereanlaeg-2\/#primaryimage"},"image":{"@id":"https:\/\/mis.dk\/mis-rental\/sortereanlaeg-2\/#primaryimage"},"thumbnailUrl":"https:\/\/mis.dk\/wp-content\/uploads\/2020\/09\/sortereanlaeg.png","datePublished":"2018-01-03T07:02:07+00:00","dateModified":"2024-12-06T13:01:28+00:00","description":"Udlejning af sortereanl\u00e6g - Med en kapacitet p\u00e5 op til 350 tons i timen klarer vores sortereanl\u00e6g let dine opgaver med sortering.","breadcrumb":{"@id":"https:\/\/mis.dk\/mis-rental\/sortereanlaeg-2\/#breadcrumb"},"inLanguage":"sv-SE","potentialAction":[{"@type":"ReadAction","target":["https:\/\/mis.dk\/mis-rental\/sortereanlaeg-2\/"]}]},{"@type":"ImageObject","inLanguage":"sv-SE","@id":"https:\/\/mis.dk\/mis-rental\/sortereanlaeg-2\/#primaryimage","url":"https:\/\/mis.dk\/wp-content\/uploads\/2020\/09\/sortereanlaeg.png","contentUrl":"https:\/\/mis.dk\/wp-content\/uploads\/2020\/09\/sortereanlaeg.png","width":300,"height":226,"caption":"Udlejning af sortereanl\u00e6g"},{"@type":"BreadcrumbList","@id":"https:\/\/mis.dk\/mis-rental\/sortereanlaeg-2\/#breadcrumb","itemListElement":[{"@type":"ListItem","position":1,"name":"Hjem","item":"https:\/\/mis.dk\/"},{"@type":"ListItem","position":2,"name":"MIS RENTAL","item":"https:\/\/mis.dk\/mis-rental\/"},{"@type":"ListItem","position":3,"name":"Sortereanl\u00e6g"}]},{"@type":"WebSite","@id":"https:\/\/mis.dk\/#website","url":"https:\/\/mis.dk\/","name":"MIS Recycling","description":"GENANVENDELSE ER SUND FORNUFT OG GOD \u00d8KONOMI","publisher":{"@id":"https:\/\/mis.dk\/#organization"},"potentialAction":[{"@type":"SearchAction","target":{"@type":"EntryPoint","urlTemplate":"https:\/\/mis.dk\/?s={search_term_string}"},"query-input":{"@type":"PropertyValueSpecification","valueRequired":true,"valueName":"search_term_string"}}],"inLanguage":"sv-SE"},{"@type":"Organization","@id":"https:\/\/mis.dk\/#organization","name":"MIS Recycling","url":"https:\/\/mis.dk\/","logo":{"@type":"ImageObject","inLanguage":"sv-SE","@id":"https:\/\/mis.dk\/#\/schema\/logo\/image\/","url":"https:\/\/mis.dk\/wp-content\/uploads\/2022\/07\/mis-logo.png","contentUrl":"https:\/\/mis.dk\/wp-content\/uploads\/2022\/07\/mis-logo.png","width":110,"height":78,"caption":"MIS Recycling"},"image":{"@id":"https:\/\/mis.dk\/#\/schema\/logo\/image\/"}}]}},"_links":{"self":[{"href":"https:\/\/mis.dk\/sv\/wp-json\/wp\/v2\/pages\/126","targetHints":{"allow":["GET"]}}],"collection":[{"href":"https:\/\/mis.dk\/sv\/wp-json\/wp\/v2\/pages"}],"about":[{"href":"https:\/\/mis.dk\/sv\/wp-json\/wp\/v2\/types\/page"}],"author":[{"embeddable":true,"href":"https:\/\/mis.dk\/sv\/wp-json\/wp\/v2\/users\/12"}],"replies":[{"embeddable":true,"href":"https:\/\/mis.dk\/sv\/wp-json\/wp\/v2\/comments?post=126"}],"version-history":[{"count":85,"href":"https:\/\/mis.dk\/sv\/wp-json\/wp\/v2\/pages\/126\/revisions"}],"predecessor-version":[{"id":6263,"href":"https:\/\/mis.dk\/sv\/wp-json\/wp\/v2\/pages\/126\/revisions\/6263"}],"up":[{"embeddable":true,"href":"https:\/\/mis.dk\/sv\/wp-json\/wp\/v2\/pages\/3943"}],"wp:featuredmedia":[{"embeddable":true,"href":"https:\/\/mis.dk\/sv\/wp-json\/wp\/v2\/media\/4037"}],"wp:attachment":[{"href":"https:\/\/mis.dk\/sv\/wp-json\/wp\/v2\/media?parent=126"}],"curies":[{"name":"wp","href":"https:\/\/api.w.org\/{rel}","templated":true}]}}