{"id":118,"date":"2018-01-03T07:57:51","date_gmt":"2018-01-03T06:57:51","guid":{"rendered":"http:\/\/mis.dk\/?page_id=118"},"modified":"2024-12-06T13:59:21","modified_gmt":"2024-12-06T12:59:21","slug":"opstakning","status":"publish","type":"page","link":"https:\/\/mis.dk\/sv\/sortering\/opstakning\/","title":{"rendered":"Att stapla upp"},"content":{"rendered":"<div data-elementor-type=\"wp-page\" data-elementor-id=\"118\" class=\"elementor elementor-118\" data-elementor-post-type=\"page\">\n\t\t\t\t\t\t<section class=\"elementor-section elementor-top-section elementor-element elementor-element-14a38ff elementor-section-boxed elementor-section-height-default elementor-section-height-default\" data-id=\"14a38ff\" data-element_type=\"section\" data-settings=\"{&quot;background_background&quot;:&quot;classic&quot;}\">\n\t\t\t\t\t\t\t<div class=\"elementor-background-overlay\"><\/div>\n\t\t\t\t\t\t\t<div class=\"elementor-container elementor-column-gap-default\">\n\t\t\t\t\t<div class=\"elementor-column elementor-col-100 elementor-top-column elementor-element elementor-element-b542b07\" data-id=\"b542b07\" data-element_type=\"column\">\n\t\t\t<div class=\"elementor-widget-wrap elementor-element-populated\">\n\t\t\t\t\t\t<section class=\"elementor-section elementor-inner-section elementor-element elementor-element-792e61b elementor-section-boxed elementor-section-height-default elementor-section-height-default\" data-id=\"792e61b\" data-element_type=\"section\">\n\t\t\t\t\t\t<div class=\"elementor-container elementor-column-gap-default\">\n\t\t\t\t\t<div class=\"elementor-column elementor-col-50 elementor-inner-column elementor-element elementor-element-a6c6e8d\" data-id=\"a6c6e8d\" data-element_type=\"column\">\n\t\t\t<div class=\"elementor-widget-wrap elementor-element-populated\">\n\t\t\t\t\t\t<div class=\"elementor-element elementor-element-c5c4843 elementor-widget elementor-widget-breadcrumbs\" data-id=\"c5c4843\" data-element_type=\"widget\" data-widget_type=\"breadcrumbs.default\">\n\t\t\t\t<div class=\"elementor-widget-container\">\n\t\t\t\t\t<p id=\"breadcrumbs\"><span><span><a href=\"https:\/\/mis.dk\/sv\/\">Hem<\/a><\/span><\/span><\/p>\t\t\t\t<\/div>\n\t\t\t\t<\/div>\n\t\t\t\t<div class=\"elementor-element elementor-element-786a643 elementor-widget elementor-widget-heading\" data-id=\"786a643\" data-element_type=\"widget\" data-widget_type=\"heading.default\">\n\t\t\t\t<div class=\"elementor-widget-container\">\n\t\t\t\t\t<h1 class=\"elementor-heading-title elementor-size-default\">Stapling<\/h1>\t\t\t\t<\/div>\n\t\t\t\t<\/div>\n\t\t\t\t\t<\/div>\n\t\t<\/div>\n\t\t\t\t<div class=\"elementor-column elementor-col-50 elementor-inner-column elementor-element elementor-element-17e5db5\" data-id=\"17e5db5\" data-element_type=\"column\">\n\t\t\t<div class=\"elementor-widget-wrap\">\n\t\t\t\t\t\t\t<\/div>\n\t\t<\/div>\n\t\t\t\t\t<\/div>\n\t\t<\/section>\n\t\t\t\t\t<\/div>\n\t\t<\/div>\n\t\t\t\t\t<\/div>\n\t\t<\/section>\n\t\t\t\t<section class=\"elementor-section elementor-top-section elementor-element elementor-element-e7e9c81 elementor-section-boxed elementor-section-height-default elementor-section-height-default\" data-id=\"e7e9c81\" data-element_type=\"section\" data-settings=\"{&quot;background_background&quot;:&quot;classic&quot;}\">\n\t\t\t\t\t\t\t<div class=\"elementor-background-overlay\"><\/div>\n\t\t\t\t\t\t\t<div class=\"elementor-container elementor-column-gap-default\">\n\t\t\t\t\t<div class=\"elementor-column elementor-col-100 elementor-top-column elementor-element elementor-element-fc43d5c\" data-id=\"fc43d5c\" data-element_type=\"column\">\n\t\t\t<div class=\"elementor-widget-wrap elementor-element-populated\">\n\t\t\t\t\t\t<section class=\"elementor-section elementor-inner-section elementor-element elementor-element-bb17d34 elementor-section-boxed elementor-section-height-default elementor-section-height-default\" data-id=\"bb17d34\" data-element_type=\"section\">\n\t\t\t\t\t\t<div class=\"elementor-container elementor-column-gap-default\">\n\t\t\t\t\t<div class=\"elementor-column elementor-col-50 elementor-inner-column elementor-element elementor-element-8997c99\" data-id=\"8997c99\" data-element_type=\"column\">\n\t\t\t<div class=\"elementor-widget-wrap elementor-element-populated\">\n\t\t\t\t\t\t<div class=\"elementor-element elementor-element-5756bac elementor-widget elementor-widget-heading\" data-id=\"5756bac\" data-element_type=\"widget\" data-widget_type=\"heading.default\">\n\t\t\t\t<div class=\"elementor-widget-container\">\n\t\t\t\t\t<h2 class=\"elementor-heading-title elementor-size-default\">STAPELVIS MED F\u00d6RDELAR<\/h2>\t\t\t\t<\/div>\n\t\t\t\t<\/div>\n\t\t\t\t<div class=\"elementor-element elementor-element-f920164 elementor-widget elementor-widget-text-editor\" data-id=\"f920164\" data-element_type=\"widget\" data-widget_type=\"text-editor.default\">\n\t\t\t\t<div class=\"elementor-widget-container\">\n\t\t\t\t\t\t\t\t\t<p>Med v\u00e5r mobila staplingstransport\u00f6r kan vi stapla ditt material upp till 11 meter, s\u00e5 att du kan ha upp till 1 500 m\u00b3 under bandet. Genom att anv\u00e4nda staplaren i kombination med v\u00e5r mobila kross slipper vi flytta slutprodukterna hela tiden<\/p><p>Slutprodukten l\u00e4gger sig i en j\u00e4mn konform som inte tar upp regnvatten, \u00e4r enkel att arbeta med eftersom den \u00e4r l\u00f6s och inte trycks ned av vikten fr\u00e5n lastmaskinen.<\/p><p><strong>Stapling ger<br \/><\/strong><\/p><ul><li>Mindre regnvatten i din produkt, eftersom den \u00e4r upplagd i konform<\/li><li>Enhetliga och l\u00f6sa h\u00f6gar med slutprodukter som \u00e4r enkla att att gr\u00e4va loss<\/li><li>Mindre trafik och b\u00e4ttre s\u00e4kerhet p\u00e5 arbetsplatsen<\/li><\/ul><p><strong>\u00a0<\/strong><\/p>\t\t\t\t\t\t\t\t<\/div>\n\t\t\t\t<\/div>\n\t\t\t\t\t<\/div>\n\t\t<\/div>\n\t\t\t\t<div class=\"elementor-column elementor-col-50 elementor-inner-column elementor-element elementor-element-adb0ea0\" data-id=\"adb0ea0\" data-element_type=\"column\">\n\t\t\t<div class=\"elementor-widget-wrap elementor-element-populated\">\n\t\t\t\t\t\t<div class=\"elementor-element elementor-element-6fda186 elementor-widget elementor-widget-heading\" data-id=\"6fda186\" data-element_type=\"widget\" data-widget_type=\"heading.default\">\n\t\t\t\t<div class=\"elementor-widget-container\">\n\t\t\t\t\t<h5 class=\"elementor-heading-title elementor-size-default\">Letar efter n\u00e5gonting?<\/h5>\t\t\t\t<\/div>\n\t\t\t\t<\/div>\n\t\t\t\t<div class=\"elementor-element elementor-element-07c3849 elementor-icon-list--layout-traditional elementor-list-item-link-full_width elementor-widget elementor-widget-icon-list\" data-id=\"07c3849\" data-element_type=\"widget\" data-widget_type=\"icon-list.default\">\n\t\t\t\t<div class=\"elementor-widget-container\">\n\t\t\t\t\t\t\t<ul class=\"elementor-icon-list-items\">\n\t\t\t\t\t\t\t<li class=\"elementor-icon-list-item\">\n\t\t\t\t\t\t\t\t\t\t\t<a href=\"https:\/\/mis.dk\/sv\/knusning\/\">\n\n\t\t\t\t\t\t\t\t\t\t\t\t<span class=\"elementor-icon-list-icon\">\n\t\t\t\t\t\t\t<svg aria-hidden=\"true\" class=\"e-font-icon-svg e-fas-caret-right\" viewbox=\"0 0 192 512\" xmlns=\"http:\/\/www.w3.org\/2000\/svg\"><path d=\"M0 384.662V127.338c0-17.818 21.543-26.741 34.142-14.142l128.662 128.662c7.81 7.81 7.81 20.474 0 28.284L34.142 398.804C21.543 411.404 0 402.48 0 384.662z\"><\/path><\/svg>\t\t\t\t\t\t<\/span>\n\t\t\t\t\t\t\t\t\t\t<span class=\"elementor-icon-list-text\">Krossning<\/span>\n\t\t\t\t\t\t\t\t\t\t\t<\/a>\n\t\t\t\t\t\t\t\t\t<\/li>\n\t\t\t\t\t\t\t\t<li class=\"elementor-icon-list-item\">\n\t\t\t\t\t\t\t\t\t\t\t<a href=\"https:\/\/mis.dk\/sv\/knusning\/kaebe-og-kegleknusere-til-grusgrave\/\">\n\n\t\t\t\t\t\t\t\t\t\t\t\t<span class=\"elementor-icon-list-icon\">\n\t\t\t\t\t\t\t<svg aria-hidden=\"true\" class=\"e-font-icon-svg e-fas-caret-right\" viewbox=\"0 0 192 512\" xmlns=\"http:\/\/www.w3.org\/2000\/svg\"><path d=\"M0 384.662V127.338c0-17.818 21.543-26.741 34.142-14.142l128.662 128.662c7.81 7.81 7.81 20.474 0 28.284L34.142 398.804C21.543 411.404 0 402.48 0 384.662z\"><\/path><\/svg>\t\t\t\t\t\t<\/span>\n\t\t\t\t\t\t\t\t\t\t<span class=\"elementor-icon-list-text\">Krossning i grustag<\/span>\n\t\t\t\t\t\t\t\t\t\t\t<\/a>\n\t\t\t\t\t\t\t\t\t<\/li>\n\t\t\t\t\t\t\t\t<li class=\"elementor-icon-list-item\">\n\t\t\t\t\t\t\t\t\t\t\t<a href=\"https:\/\/mis.dk\/sv\/knusning\/nedknusningsfraktioner\/\">\n\n\t\t\t\t\t\t\t\t\t\t\t\t<span class=\"elementor-icon-list-icon\">\n\t\t\t\t\t\t\t<svg aria-hidden=\"true\" class=\"e-font-icon-svg e-fas-caret-right\" viewbox=\"0 0 192 512\" xmlns=\"http:\/\/www.w3.org\/2000\/svg\"><path d=\"M0 384.662V127.338c0-17.818 21.543-26.741 34.142-14.142l128.662 128.662c7.81 7.81 7.81 20.474 0 28.284L34.142 398.804C21.543 411.404 0 402.48 0 384.662z\"><\/path><\/svg>\t\t\t\t\t\t<\/span>\n\t\t\t\t\t\t\t\t\t\t<span class=\"elementor-icon-list-text\">Krossningsfaktioner<\/span>\n\t\t\t\t\t\t\t\t\t\t\t<\/a>\n\t\t\t\t\t\t\t\t\t<\/li>\n\t\t\t\t\t\t\t\t<li class=\"elementor-icon-list-item\">\n\t\t\t\t\t\t\t\t\t\t\t<a href=\"https:\/\/mis.dk\/sv\/knusning\/stoejmaalingsrapporter\/\">\n\n\t\t\t\t\t\t\t\t\t\t\t\t<span class=\"elementor-icon-list-icon\">\n\t\t\t\t\t\t\t<svg aria-hidden=\"true\" class=\"e-font-icon-svg e-fas-caret-right\" viewbox=\"0 0 192 512\" xmlns=\"http:\/\/www.w3.org\/2000\/svg\"><path d=\"M0 384.662V127.338c0-17.818 21.543-26.741 34.142-14.142l128.662 128.662c7.81 7.81 7.81 20.474 0 28.284L34.142 398.804C21.543 411.404 0 402.48 0 384.662z\"><\/path><\/svg>\t\t\t\t\t\t<\/span>\n\t\t\t\t\t\t\t\t\t\t<span class=\"elementor-icon-list-text\">Bullerm\u00e4trapporter<\/span>\n\t\t\t\t\t\t\t\t\t\t\t<\/a>\n\t\t\t\t\t\t\t\t\t<\/li>\n\t\t\t\t\t\t<\/ul>\n\t\t\t\t\t\t<\/div>\n\t\t\t\t<\/div>\n\t\t\t\t\t<\/div>\n\t\t<\/div>\n\t\t\t\t\t<\/div>\n\t\t<\/section>\n\t\t\t\t\t<\/div>\n\t\t<\/div>\n\t\t\t\t\t<\/div>\n\t\t<\/section>\n\t\t\t\t<\/div>","protected":false},"excerpt":{"rendered":"<p>OPSTAKNING STAKKEVIS AF FORDELE Med vores mobile stakketransport\u00f8rer kan vi opstakke dit materiale i en h\u00f8jde p\u00e5 op til 11 meter, s\u00e5 du kan have 1.500 m3 under b\u00e5ndet. Ved at bruge opstakker i forl\u00e6ngelse af vores mobilknusere undg\u00e5r vi at flytte f\u00e6rdigvarebunken hele tiden. F\u00e6rdigvaren l\u00e6gger sig i en j\u00e6vn kegleform som ikke optager [&hellip;]<\/p>","protected":false},"author":12,"featured_media":2771,"parent":2312,"menu_order":0,"comment_status":"closed","ping_status":"closed","template":"","meta":{"iawp_total_views":221,"footnotes":""},"class_list":["post-118","page","type-page","status-publish","has-post-thumbnail","hentry"],"yoast_head":"<!-- This site is optimized with the Yoast SEO plugin v24.1 - https:\/\/yoast.com\/wordpress\/plugins\/seo\/ -->\n<title>Opstakning - MIS Recycling<\/title>\n<meta name=\"description\" content=\"Med vores mobile stakketransport\u00f8rer kan vi opstakke dit materiale i en h\u00f8jde p\u00e5 op til 11 meter, s\u00e5 du kan have 1.500 m3 under b\u00e5ndet\" \/>\n<meta name=\"robots\" content=\"index, follow, max-snippet:-1, max-image-preview:large, max-video-preview:-1\" \/>\n<link rel=\"canonical\" href=\"https:\/\/mis.dk\/sv\/sortering\/opstakning\/\" \/>\n<meta property=\"og:locale\" content=\"sv_SE\" \/>\n<meta property=\"og:type\" content=\"article\" \/>\n<meta property=\"og:title\" content=\"Opstakning - MIS Recycling\" \/>\n<meta property=\"og:description\" content=\"Med vores mobile stakketransport\u00f8rer kan vi opstakke dit materiale i en h\u00f8jde p\u00e5 op til 11 meter, s\u00e5 du kan have 1.500 m3 under b\u00e5ndet\" \/>\n<meta property=\"og:url\" content=\"https:\/\/mis.dk\/sv\/sortering\/opstakning\/\" \/>\n<meta property=\"og:site_name\" content=\"MIS Recycling\" \/>\n<meta property=\"article:modified_time\" content=\"2024-12-06T12:59:21+00:00\" \/>\n<meta property=\"og:image\" content=\"https:\/\/mis.dk\/wp-content\/uploads\/2018\/01\/MIS_Opstakning-1.jpg\" \/>\n\t<meta property=\"og:image:width\" content=\"1920\" \/>\n\t<meta property=\"og:image:height\" content=\"550\" \/>\n\t<meta property=\"og:image:type\" content=\"image\/jpeg\" \/>\n<meta name=\"twitter:card\" content=\"summary_large_image\" \/>\n<meta name=\"twitter:label1\" content=\"Ber\u00e4knad l\u00e4stid\" \/>\n\t<meta name=\"twitter:data1\" content=\"1 minut\" \/>\n<script type=\"application\/ld+json\" class=\"yoast-schema-graph\">{\"@context\":\"https:\/\/schema.org\",\"@graph\":[{\"@type\":\"WebPage\",\"@id\":\"https:\/\/mis.dk\/sortering\/opstakning\/\",\"url\":\"https:\/\/mis.dk\/sortering\/opstakning\/\",\"name\":\"Opstakning - MIS Recycling\",\"isPartOf\":{\"@id\":\"https:\/\/mis.dk\/#website\"},\"primaryImageOfPage\":{\"@id\":\"https:\/\/mis.dk\/sortering\/opstakning\/#primaryimage\"},\"image\":{\"@id\":\"https:\/\/mis.dk\/sortering\/opstakning\/#primaryimage\"},\"thumbnailUrl\":\"https:\/\/mis.dk\/wp-content\/uploads\/2018\/01\/MIS_Opstakning-1.jpg\",\"datePublished\":\"2018-01-03T06:57:51+00:00\",\"dateModified\":\"2024-12-06T12:59:21+00:00\",\"description\":\"Med vores mobile stakketransport\u00f8rer kan vi opstakke dit materiale i en h\u00f8jde p\u00e5 op til 11 meter, s\u00e5 du kan have 1.500 m3 under b\u00e5ndet\",\"breadcrumb\":{\"@id\":\"https:\/\/mis.dk\/sortering\/opstakning\/#breadcrumb\"},\"inLanguage\":\"sv-SE\",\"potentialAction\":[{\"@type\":\"ReadAction\",\"target\":[\"https:\/\/mis.dk\/sortering\/opstakning\/\"]}]},{\"@type\":\"ImageObject\",\"inLanguage\":\"sv-SE\",\"@id\":\"https:\/\/mis.dk\/sortering\/opstakning\/#primaryimage\",\"url\":\"https:\/\/mis.dk\/wp-content\/uploads\/2018\/01\/MIS_Opstakning-1.jpg\",\"contentUrl\":\"https:\/\/mis.dk\/wp-content\/uploads\/2018\/01\/MIS_Opstakning-1.jpg\",\"width\":1920,\"height\":550,\"caption\":\"Opstakning\"},{\"@type\":\"BreadcrumbList\",\"@id\":\"https:\/\/mis.dk\/sortering\/opstakning\/#breadcrumb\",\"itemListElement\":[{\"@type\":\"ListItem\",\"position\":1,\"name\":\"Hjem\",\"item\":\"https:\/\/mis.dk\/\"},{\"@type\":\"ListItem\",\"position\":2,\"name\":\"Sortering\",\"item\":\"https:\/\/mis.dk\/sortering\/\"},{\"@type\":\"ListItem\",\"position\":3,\"name\":\"Opstakning\"}]},{\"@type\":\"WebSite\",\"@id\":\"https:\/\/mis.dk\/#website\",\"url\":\"https:\/\/mis.dk\/\",\"name\":\"MIS Recycling\",\"description\":\"GENANVENDELSE ER SUND FORNUFT OG GOD \u00d8KONOMI\",\"publisher\":{\"@id\":\"https:\/\/mis.dk\/#organization\"},\"potentialAction\":[{\"@type\":\"SearchAction\",\"target\":{\"@type\":\"EntryPoint\",\"urlTemplate\":\"https:\/\/mis.dk\/?s={search_term_string}\"},\"query-input\":{\"@type\":\"PropertyValueSpecification\",\"valueRequired\":true,\"valueName\":\"search_term_string\"}}],\"inLanguage\":\"sv-SE\"},{\"@type\":\"Organization\",\"@id\":\"https:\/\/mis.dk\/#organization\",\"name\":\"MIS Recycling\",\"url\":\"https:\/\/mis.dk\/\",\"logo\":{\"@type\":\"ImageObject\",\"inLanguage\":\"sv-SE\",\"@id\":\"https:\/\/mis.dk\/#\/schema\/logo\/image\/\",\"url\":\"https:\/\/mis.dk\/wp-content\/uploads\/2022\/07\/mis-logo.png\",\"contentUrl\":\"https:\/\/mis.dk\/wp-content\/uploads\/2022\/07\/mis-logo.png\",\"width\":110,\"height\":78,\"caption\":\"MIS Recycling\"},\"image\":{\"@id\":\"https:\/\/mis.dk\/#\/schema\/logo\/image\/\"}}]}<\/script>\n<!-- \/ Yoast SEO plugin. -->","yoast_head_json":{"title":"Opstakning - MIS Recycling","description":"Med vores mobile stakketransport\u00f8rer kan vi opstakke dit materiale i en h\u00f8jde p\u00e5 op til 11 meter, s\u00e5 du kan have 1.500 m3 under b\u00e5ndet","robots":{"index":"index","follow":"follow","max-snippet":"max-snippet:-1","max-image-preview":"max-image-preview:large","max-video-preview":"max-video-preview:-1"},"canonical":"https:\/\/mis.dk\/sv\/sortering\/opstakning\/","og_locale":"sv_SE","og_type":"article","og_title":"Opstakning - MIS Recycling","og_description":"Med vores mobile stakketransport\u00f8rer kan vi opstakke dit materiale i en h\u00f8jde p\u00e5 op til 11 meter, s\u00e5 du kan have 1.500 m3 under b\u00e5ndet","og_url":"https:\/\/mis.dk\/sv\/sortering\/opstakning\/","og_site_name":"MIS Recycling","article_modified_time":"2024-12-06T12:59:21+00:00","og_image":[{"width":1920,"height":550,"url":"https:\/\/mis.dk\/wp-content\/uploads\/2018\/01\/MIS_Opstakning-1.jpg","type":"image\/jpeg"}],"twitter_card":"summary_large_image","twitter_misc":{"Ber\u00e4knad l\u00e4stid":"1 minut"},"schema":{"@context":"https:\/\/schema.org","@graph":[{"@type":"WebPage","@id":"https:\/\/mis.dk\/sortering\/opstakning\/","url":"https:\/\/mis.dk\/sortering\/opstakning\/","name":"Opstakning - MIS Recycling","isPartOf":{"@id":"https:\/\/mis.dk\/#website"},"primaryImageOfPage":{"@id":"https:\/\/mis.dk\/sortering\/opstakning\/#primaryimage"},"image":{"@id":"https:\/\/mis.dk\/sortering\/opstakning\/#primaryimage"},"thumbnailUrl":"https:\/\/mis.dk\/wp-content\/uploads\/2018\/01\/MIS_Opstakning-1.jpg","datePublished":"2018-01-03T06:57:51+00:00","dateModified":"2024-12-06T12:59:21+00:00","description":"Med vores mobile stakketransport\u00f8rer kan vi opstakke dit materiale i en h\u00f8jde p\u00e5 op til 11 meter, s\u00e5 du kan have 1.500 m3 under b\u00e5ndet","breadcrumb":{"@id":"https:\/\/mis.dk\/sortering\/opstakning\/#breadcrumb"},"inLanguage":"sv-SE","potentialAction":[{"@type":"ReadAction","target":["https:\/\/mis.dk\/sortering\/opstakning\/"]}]},{"@type":"ImageObject","inLanguage":"sv-SE","@id":"https:\/\/mis.dk\/sortering\/opstakning\/#primaryimage","url":"https:\/\/mis.dk\/wp-content\/uploads\/2018\/01\/MIS_Opstakning-1.jpg","contentUrl":"https:\/\/mis.dk\/wp-content\/uploads\/2018\/01\/MIS_Opstakning-1.jpg","width":1920,"height":550,"caption":"Opstakning"},{"@type":"BreadcrumbList","@id":"https:\/\/mis.dk\/sortering\/opstakning\/#breadcrumb","itemListElement":[{"@type":"ListItem","position":1,"name":"Hjem","item":"https:\/\/mis.dk\/"},{"@type":"ListItem","position":2,"name":"Sortering","item":"https:\/\/mis.dk\/sortering\/"},{"@type":"ListItem","position":3,"name":"Opstakning"}]},{"@type":"WebSite","@id":"https:\/\/mis.dk\/#website","url":"https:\/\/mis.dk\/","name":"MIS Recycling","description":"GENANVENDELSE ER SUND FORNUFT OG GOD \u00d8KONOMI","publisher":{"@id":"https:\/\/mis.dk\/#organization"},"potentialAction":[{"@type":"SearchAction","target":{"@type":"EntryPoint","urlTemplate":"https:\/\/mis.dk\/?s={search_term_string}"},"query-input":{"@type":"PropertyValueSpecification","valueRequired":true,"valueName":"search_term_string"}}],"inLanguage":"sv-SE"},{"@type":"Organization","@id":"https:\/\/mis.dk\/#organization","name":"MIS Recycling","url":"https:\/\/mis.dk\/","logo":{"@type":"ImageObject","inLanguage":"sv-SE","@id":"https:\/\/mis.dk\/#\/schema\/logo\/image\/","url":"https:\/\/mis.dk\/wp-content\/uploads\/2022\/07\/mis-logo.png","contentUrl":"https:\/\/mis.dk\/wp-content\/uploads\/2022\/07\/mis-logo.png","width":110,"height":78,"caption":"MIS Recycling"},"image":{"@id":"https:\/\/mis.dk\/#\/schema\/logo\/image\/"}}]}},"_links":{"self":[{"href":"https:\/\/mis.dk\/sv\/wp-json\/wp\/v2\/pages\/118","targetHints":{"allow":["GET"]}}],"collection":[{"href":"https:\/\/mis.dk\/sv\/wp-json\/wp\/v2\/pages"}],"about":[{"href":"https:\/\/mis.dk\/sv\/wp-json\/wp\/v2\/types\/page"}],"author":[{"embeddable":true,"href":"https:\/\/mis.dk\/sv\/wp-json\/wp\/v2\/users\/12"}],"replies":[{"embeddable":true,"href":"https:\/\/mis.dk\/sv\/wp-json\/wp\/v2\/comments?post=118"}],"version-history":[{"count":25,"href":"https:\/\/mis.dk\/sv\/wp-json\/wp\/v2\/pages\/118\/revisions"}],"predecessor-version":[{"id":6245,"href":"https:\/\/mis.dk\/sv\/wp-json\/wp\/v2\/pages\/118\/revisions\/6245"}],"up":[{"embeddable":true,"href":"https:\/\/mis.dk\/sv\/wp-json\/wp\/v2\/pages\/2312"}],"wp:featuredmedia":[{"embeddable":true,"href":"https:\/\/mis.dk\/sv\/wp-json\/wp\/v2\/media\/2771"}],"wp:attachment":[{"href":"https:\/\/mis.dk\/sv\/wp-json\/wp\/v2\/media?parent=118"}],"curies":[{"name":"wp","href":"https:\/\/api.w.org\/{rel}","templated":true}]}}