{"id":116,"date":"2018-01-03T07:57:38","date_gmt":"2018-01-03T06:57:38","guid":{"rendered":"http:\/\/mis.dk\/?page_id=116"},"modified":"2024-12-06T13:59:06","modified_gmt":"2024-12-06T12:59:06","slug":"vindsigtning","status":"publish","type":"page","link":"https:\/\/mis.dk\/sv\/sortering\/vindsigtning\/","title":{"rendered":"Vindsiktning"},"content":{"rendered":"<div data-elementor-type=\"wp-page\" data-elementor-id=\"116\" class=\"elementor elementor-116\" data-elementor-post-type=\"page\">\n\t\t\t\t\t\t<section class=\"elementor-section elementor-top-section elementor-element elementor-element-3dc79b9 elementor-section-boxed elementor-section-height-default elementor-section-height-default\" data-id=\"3dc79b9\" data-element_type=\"section\" data-settings=\"{&quot;background_background&quot;:&quot;classic&quot;}\">\n\t\t\t\t\t\t\t<div class=\"elementor-background-overlay\"><\/div>\n\t\t\t\t\t\t\t<div class=\"elementor-container elementor-column-gap-default\">\n\t\t\t\t\t<div class=\"elementor-column elementor-col-100 elementor-top-column elementor-element elementor-element-b729a57\" data-id=\"b729a57\" data-element_type=\"column\">\n\t\t\t<div class=\"elementor-widget-wrap elementor-element-populated\">\n\t\t\t\t\t\t<section class=\"elementor-section elementor-inner-section elementor-element elementor-element-237d835 elementor-section-boxed elementor-section-height-default elementor-section-height-default\" data-id=\"237d835\" data-element_type=\"section\">\n\t\t\t\t\t\t<div class=\"elementor-container elementor-column-gap-default\">\n\t\t\t\t\t<div class=\"elementor-column elementor-col-50 elementor-inner-column elementor-element elementor-element-8dbc3e3\" data-id=\"8dbc3e3\" data-element_type=\"column\">\n\t\t\t<div class=\"elementor-widget-wrap elementor-element-populated\">\n\t\t\t\t\t\t<div class=\"elementor-element elementor-element-5891cfe elementor-widget elementor-widget-breadcrumbs\" data-id=\"5891cfe\" data-element_type=\"widget\" data-widget_type=\"breadcrumbs.default\">\n\t\t\t\t<div class=\"elementor-widget-container\">\n\t\t\t\t\t<p id=\"breadcrumbs\"><span><span><a href=\"https:\/\/mis.dk\/sv\/\">Hem<\/a><\/span><\/span><\/p>\t\t\t\t<\/div>\n\t\t\t\t<\/div>\n\t\t\t\t<div class=\"elementor-element elementor-element-897882b elementor-widget elementor-widget-heading\" data-id=\"897882b\" data-element_type=\"widget\" data-widget_type=\"heading.default\">\n\t\t\t\t<div class=\"elementor-widget-container\">\n\t\t\t\t\t<h1 class=\"elementor-heading-title elementor-size-default\">Vindsiktning<\/h1>\t\t\t\t<\/div>\n\t\t\t\t<\/div>\n\t\t\t\t\t<\/div>\n\t\t<\/div>\n\t\t\t\t<div class=\"elementor-column elementor-col-50 elementor-inner-column elementor-element elementor-element-77ace94\" data-id=\"77ace94\" data-element_type=\"column\">\n\t\t\t<div class=\"elementor-widget-wrap\">\n\t\t\t\t\t\t\t<\/div>\n\t\t<\/div>\n\t\t\t\t\t<\/div>\n\t\t<\/section>\n\t\t\t\t\t<\/div>\n\t\t<\/div>\n\t\t\t\t\t<\/div>\n\t\t<\/section>\n\t\t\t\t<section class=\"elementor-section elementor-top-section elementor-element elementor-element-e624aec elementor-section-boxed elementor-section-height-default elementor-section-height-default\" data-id=\"e624aec\" data-element_type=\"section\" data-settings=\"{&quot;background_background&quot;:&quot;classic&quot;}\">\n\t\t\t\t\t\t\t<div class=\"elementor-background-overlay\"><\/div>\n\t\t\t\t\t\t\t<div class=\"elementor-container elementor-column-gap-default\">\n\t\t\t\t\t<div class=\"elementor-column elementor-col-100 elementor-top-column elementor-element elementor-element-bee098d\" data-id=\"bee098d\" data-element_type=\"column\">\n\t\t\t<div class=\"elementor-widget-wrap elementor-element-populated\">\n\t\t\t\t\t\t<section class=\"elementor-section elementor-inner-section elementor-element elementor-element-b724b9d elementor-section-boxed elementor-section-height-default elementor-section-height-default\" data-id=\"b724b9d\" data-element_type=\"section\">\n\t\t\t\t\t\t<div class=\"elementor-container elementor-column-gap-default\">\n\t\t\t\t\t<div class=\"elementor-column elementor-col-50 elementor-inner-column elementor-element elementor-element-4ea6148\" data-id=\"4ea6148\" data-element_type=\"column\">\n\t\t\t<div class=\"elementor-widget-wrap elementor-element-populated\">\n\t\t\t\t\t\t<div class=\"elementor-element elementor-element-680da12 elementor-widget elementor-widget-heading\" data-id=\"680da12\" data-element_type=\"widget\" data-widget_type=\"heading.default\">\n\t\t\t\t<div class=\"elementor-widget-container\">\n\t\t\t\t\t<h2 class=\"elementor-heading-title elementor-size-default\">F\u00c5 HELT RENA SLUTPRODUKTER<\/h2>\t\t\t\t<\/div>\n\t\t\t\t<\/div>\n\t\t\t\t<div class=\"elementor-element elementor-element-f0f9aba elementor-widget elementor-widget-text-editor\" data-id=\"f0f9aba\" data-element_type=\"widget\" data-widget_type=\"text-editor.default\">\n\t\t\t\t<div class=\"elementor-widget-container\">\n\t\t\t\t\t\t\t\t\t<p>Rena slutprodukter ger dig ett h\u00f6gre f\u00f6rs\u00e4ljningspris och \u00e4r dessutom l\u00e4ttare att s\u00e4lja \u00e4n d\u00e5ligt sorterade produkter. D\u00e4rf\u00f6r har alla v\u00e5ra mobila krossningsanl\u00e4ggningar en integrerad vindsikt, som i en och samma process separerar 95 % av de o\u00f6nskade delarna, t.ex. plast och papper, som inte har rensats fr\u00e5n byggavfallet f\u00f6re krossning.<\/p><p>Om ditt material har en stor andel f\u00f6roreningar, kan v\u00e5r mobila vindsikt anv\u00e4ndas tillsammans med sorteringsanl\u00e4ggningen f\u00f6r att ge dig renast m\u00f6jliga slutprodukter.<\/p><p><strong>Vindsiktning rensar byggavfall fr\u00e5n\u00a0<\/strong><\/p><ul><li>Plast<\/li><li>Papper<\/li><li>Isoleringsmaterial<br \/><br \/><\/li><\/ul><p><span style=\"color: #000000;\">L\u00e4s om <\/span><a title=\"Stapling g\u00f6r materialet l\u00e4tt att arbeta med\" href=\"\/sv\/opstakning\/\">f\u00f6rdelarna med att stapla<\/a><\/p>\t\t\t\t\t\t\t\t<\/div>\n\t\t\t\t<\/div>\n\t\t\t\t\t<\/div>\n\t\t<\/div>\n\t\t\t\t<div class=\"elementor-column elementor-col-50 elementor-inner-column elementor-element elementor-element-85297c3\" data-id=\"85297c3\" data-element_type=\"column\">\n\t\t\t<div class=\"elementor-widget-wrap elementor-element-populated\">\n\t\t\t\t\t\t<div class=\"elementor-element elementor-element-f35a4ea elementor-widget elementor-widget-heading\" data-id=\"f35a4ea\" data-element_type=\"widget\" data-widget_type=\"heading.default\">\n\t\t\t\t<div class=\"elementor-widget-container\">\n\t\t\t\t\t<h5 class=\"elementor-heading-title elementor-size-default\">Letar efter n\u00e5gonting?<\/h5>\t\t\t\t<\/div>\n\t\t\t\t<\/div>\n\t\t\t\t<div class=\"elementor-element elementor-element-c1f3432 elementor-icon-list--layout-traditional elementor-list-item-link-full_width elementor-widget elementor-widget-icon-list\" data-id=\"c1f3432\" data-element_type=\"widget\" data-widget_type=\"icon-list.default\">\n\t\t\t\t<div class=\"elementor-widget-container\">\n\t\t\t\t\t\t\t<ul class=\"elementor-icon-list-items\">\n\t\t\t\t\t\t\t<li class=\"elementor-icon-list-item\">\n\t\t\t\t\t\t\t\t\t\t\t<a href=\"https:\/\/mis.dk\/sv\/sortering\/\">\n\n\t\t\t\t\t\t\t\t\t\t\t\t<span class=\"elementor-icon-list-icon\">\n\t\t\t\t\t\t\t<svg aria-hidden=\"true\" class=\"e-font-icon-svg e-fas-caret-right\" viewbox=\"0 0 192 512\" xmlns=\"http:\/\/www.w3.org\/2000\/svg\"><path d=\"M0 384.662V127.338c0-17.818 21.543-26.741 34.142-14.142l128.662 128.662c7.81 7.81 7.81 20.474 0 28.284L34.142 398.804C21.543 411.404 0 402.48 0 384.662z\"><\/path><\/svg>\t\t\t\t\t\t<\/span>\n\t\t\t\t\t\t\t\t\t\t<span class=\"elementor-icon-list-text\">Sortering<\/span>\n\t\t\t\t\t\t\t\t\t\t\t<\/a>\n\t\t\t\t\t\t\t\t\t<\/li>\n\t\t\t\t\t\t\t\t<li class=\"elementor-icon-list-item\">\n\t\t\t\t\t\t\t\t\t\t\t<a href=\"https:\/\/mis.dk\/sv\/sortering\/vindsigtning\/\">\n\n\t\t\t\t\t\t\t\t\t\t\t\t<span class=\"elementor-icon-list-icon\">\n\t\t\t\t\t\t\t<svg aria-hidden=\"true\" class=\"e-font-icon-svg e-fas-caret-right\" viewbox=\"0 0 192 512\" xmlns=\"http:\/\/www.w3.org\/2000\/svg\"><path d=\"M0 384.662V127.338c0-17.818 21.543-26.741 34.142-14.142l128.662 128.662c7.81 7.81 7.81 20.474 0 28.284L34.142 398.804C21.543 411.404 0 402.48 0 384.662z\"><\/path><\/svg>\t\t\t\t\t\t<\/span>\n\t\t\t\t\t\t\t\t\t\t<span class=\"elementor-icon-list-text\">Vindsiktning<\/span>\n\t\t\t\t\t\t\t\t\t\t\t<\/a>\n\t\t\t\t\t\t\t\t\t<\/li>\n\t\t\t\t\t\t\t\t<li class=\"elementor-icon-list-item\">\n\t\t\t\t\t\t\t\t\t\t\t<a href=\"https:\/\/mis.dk\/sv\/sortering\/opstakning\/\">\n\n\t\t\t\t\t\t\t\t\t\t\t\t<span class=\"elementor-icon-list-icon\">\n\t\t\t\t\t\t\t<svg aria-hidden=\"true\" class=\"e-font-icon-svg e-fas-caret-right\" viewbox=\"0 0 192 512\" xmlns=\"http:\/\/www.w3.org\/2000\/svg\"><path d=\"M0 384.662V127.338c0-17.818 21.543-26.741 34.142-14.142l128.662 128.662c7.81 7.81 7.81 20.474 0 28.284L34.142 398.804C21.543 411.404 0 402.48 0 384.662z\"><\/path><\/svg>\t\t\t\t\t\t<\/span>\n\t\t\t\t\t\t\t\t\t\t<span class=\"elementor-icon-list-text\">Att stapla upp<\/span>\n\t\t\t\t\t\t\t\t\t\t\t<\/a>\n\t\t\t\t\t\t\t\t\t<\/li>\n\t\t\t\t\t\t<\/ul>\n\t\t\t\t\t\t<\/div>\n\t\t\t\t<\/div>\n\t\t\t\t\t<\/div>\n\t\t<\/div>\n\t\t\t\t\t<\/div>\n\t\t<\/section>\n\t\t\t\t\t<\/div>\n\t\t<\/div>\n\t\t\t\t\t<\/div>\n\t\t<\/section>\n\t\t\t\t<\/div>","protected":false},"excerpt":{"rendered":"<p>F\u00c5 HELT RENE F\u00c6RDIGVARER Rene f\u00e6rdigvarer giver dig en h\u00f8jere salgspris og er lettere at s\u00e6lge end d\u00e5rligt sorterede. Derfor har alle vores mobilknuseanl\u00e6g integreret vindsigte, der i \u00e9n og samme arbejdsgang fraseparerer 95% af de u\u00f8nskede dele \u2013 for eksempel det plast og papir, der ikke er renset ud af byggeaffaldet og nedrivningsmaterialerne f\u00f8r [&hellip;]<\/p>","protected":false},"author":12,"featured_media":2767,"parent":2312,"menu_order":0,"comment_status":"closed","ping_status":"closed","template":"","meta":{"iawp_total_views":262,"footnotes":""},"class_list":["post-116","page","type-page","status-publish","has-post-thumbnail","hentry"],"yoast_head":"<!-- This site is optimized with the Yoast SEO plugin v24.1 - https:\/\/yoast.com\/wordpress\/plugins\/seo\/ -->\n<title>Vindsigtning - MIS Recycling<\/title>\n<meta name=\"description\" content=\"Vindsigtning for en renere f\u00e6rdigvare og bedre sortering. Vores knuseanl\u00e6g har integreret vindsigte, der frasorterer u\u00f8nskede dele. Se alle fordelene her\" \/>\n<meta name=\"robots\" content=\"index, follow, max-snippet:-1, max-image-preview:large, max-video-preview:-1\" \/>\n<link rel=\"canonical\" href=\"https:\/\/mis.dk\/sv\/sortering\/vindsigtning\/\" \/>\n<meta property=\"og:locale\" content=\"sv_SE\" \/>\n<meta property=\"og:type\" content=\"article\" \/>\n<meta property=\"og:title\" content=\"Vindsigtning - MIS Recycling\" \/>\n<meta property=\"og:description\" content=\"Vindsigtning for en renere f\u00e6rdigvare og bedre sortering. Vores knuseanl\u00e6g har integreret vindsigte, der frasorterer u\u00f8nskede dele. Se alle fordelene her\" \/>\n<meta property=\"og:url\" content=\"https:\/\/mis.dk\/sv\/sortering\/vindsigtning\/\" \/>\n<meta property=\"og:site_name\" content=\"MIS Recycling\" \/>\n<meta property=\"article:modified_time\" content=\"2024-12-06T12:59:06+00:00\" \/>\n<meta property=\"og:image\" content=\"https:\/\/mis.dk\/wp-content\/uploads\/2018\/01\/MIS_Vindsigtning.jpg\" \/>\n\t<meta property=\"og:image:width\" content=\"1920\" \/>\n\t<meta property=\"og:image:height\" content=\"550\" \/>\n\t<meta property=\"og:image:type\" content=\"image\/jpeg\" \/>\n<meta name=\"twitter:card\" content=\"summary_large_image\" \/>\n<meta name=\"twitter:label1\" content=\"Ber\u00e4knad l\u00e4stid\" \/>\n\t<meta name=\"twitter:data1\" content=\"1 minut\" \/>\n<script type=\"application\/ld+json\" class=\"yoast-schema-graph\">{\"@context\":\"https:\/\/schema.org\",\"@graph\":[{\"@type\":\"WebPage\",\"@id\":\"https:\/\/mis.dk\/sortering\/vindsigtning\/\",\"url\":\"https:\/\/mis.dk\/sortering\/vindsigtning\/\",\"name\":\"Vindsigtning - MIS Recycling\",\"isPartOf\":{\"@id\":\"https:\/\/mis.dk\/#website\"},\"primaryImageOfPage\":{\"@id\":\"https:\/\/mis.dk\/sortering\/vindsigtning\/#primaryimage\"},\"image\":{\"@id\":\"https:\/\/mis.dk\/sortering\/vindsigtning\/#primaryimage\"},\"thumbnailUrl\":\"https:\/\/mis.dk\/wp-content\/uploads\/2018\/01\/MIS_Vindsigtning.jpg\",\"datePublished\":\"2018-01-03T06:57:38+00:00\",\"dateModified\":\"2024-12-06T12:59:06+00:00\",\"description\":\"Vindsigtning for en renere f\u00e6rdigvare og bedre sortering. Vores knuseanl\u00e6g har integreret vindsigte, der frasorterer u\u00f8nskede dele. Se alle fordelene her\",\"breadcrumb\":{\"@id\":\"https:\/\/mis.dk\/sortering\/vindsigtning\/#breadcrumb\"},\"inLanguage\":\"sv-SE\",\"potentialAction\":[{\"@type\":\"ReadAction\",\"target\":[\"https:\/\/mis.dk\/sortering\/vindsigtning\/\"]}]},{\"@type\":\"ImageObject\",\"inLanguage\":\"sv-SE\",\"@id\":\"https:\/\/mis.dk\/sortering\/vindsigtning\/#primaryimage\",\"url\":\"https:\/\/mis.dk\/wp-content\/uploads\/2018\/01\/MIS_Vindsigtning.jpg\",\"contentUrl\":\"https:\/\/mis.dk\/wp-content\/uploads\/2018\/01\/MIS_Vindsigtning.jpg\",\"width\":1920,\"height\":550,\"caption\":\"Vindsigtning\"},{\"@type\":\"BreadcrumbList\",\"@id\":\"https:\/\/mis.dk\/sortering\/vindsigtning\/#breadcrumb\",\"itemListElement\":[{\"@type\":\"ListItem\",\"position\":1,\"name\":\"Hjem\",\"item\":\"https:\/\/mis.dk\/\"},{\"@type\":\"ListItem\",\"position\":2,\"name\":\"Sortering\",\"item\":\"https:\/\/mis.dk\/sortering\/\"},{\"@type\":\"ListItem\",\"position\":3,\"name\":\"Vindsigtning\"}]},{\"@type\":\"WebSite\",\"@id\":\"https:\/\/mis.dk\/#website\",\"url\":\"https:\/\/mis.dk\/\",\"name\":\"MIS Recycling\",\"description\":\"GENANVENDELSE ER SUND FORNUFT OG GOD \u00d8KONOMI\",\"publisher\":{\"@id\":\"https:\/\/mis.dk\/#organization\"},\"potentialAction\":[{\"@type\":\"SearchAction\",\"target\":{\"@type\":\"EntryPoint\",\"urlTemplate\":\"https:\/\/mis.dk\/?s={search_term_string}\"},\"query-input\":{\"@type\":\"PropertyValueSpecification\",\"valueRequired\":true,\"valueName\":\"search_term_string\"}}],\"inLanguage\":\"sv-SE\"},{\"@type\":\"Organization\",\"@id\":\"https:\/\/mis.dk\/#organization\",\"name\":\"MIS Recycling\",\"url\":\"https:\/\/mis.dk\/\",\"logo\":{\"@type\":\"ImageObject\",\"inLanguage\":\"sv-SE\",\"@id\":\"https:\/\/mis.dk\/#\/schema\/logo\/image\/\",\"url\":\"https:\/\/mis.dk\/wp-content\/uploads\/2022\/07\/mis-logo.png\",\"contentUrl\":\"https:\/\/mis.dk\/wp-content\/uploads\/2022\/07\/mis-logo.png\",\"width\":110,\"height\":78,\"caption\":\"MIS Recycling\"},\"image\":{\"@id\":\"https:\/\/mis.dk\/#\/schema\/logo\/image\/\"}}]}<\/script>\n<!-- \/ Yoast SEO plugin. -->","yoast_head_json":{"title":"Vindsigtning - MIS Recycling","description":"Vindsigtning for en renere f\u00e6rdigvare og bedre sortering. Vores knuseanl\u00e6g har integreret vindsigte, der frasorterer u\u00f8nskede dele. Se alle fordelene her","robots":{"index":"index","follow":"follow","max-snippet":"max-snippet:-1","max-image-preview":"max-image-preview:large","max-video-preview":"max-video-preview:-1"},"canonical":"https:\/\/mis.dk\/sv\/sortering\/vindsigtning\/","og_locale":"sv_SE","og_type":"article","og_title":"Vindsigtning - MIS Recycling","og_description":"Vindsigtning for en renere f\u00e6rdigvare og bedre sortering. Vores knuseanl\u00e6g har integreret vindsigte, der frasorterer u\u00f8nskede dele. Se alle fordelene her","og_url":"https:\/\/mis.dk\/sv\/sortering\/vindsigtning\/","og_site_name":"MIS Recycling","article_modified_time":"2024-12-06T12:59:06+00:00","og_image":[{"width":1920,"height":550,"url":"https:\/\/mis.dk\/wp-content\/uploads\/2018\/01\/MIS_Vindsigtning.jpg","type":"image\/jpeg"}],"twitter_card":"summary_large_image","twitter_misc":{"Ber\u00e4knad l\u00e4stid":"1 minut"},"schema":{"@context":"https:\/\/schema.org","@graph":[{"@type":"WebPage","@id":"https:\/\/mis.dk\/sortering\/vindsigtning\/","url":"https:\/\/mis.dk\/sortering\/vindsigtning\/","name":"Vindsigtning - MIS Recycling","isPartOf":{"@id":"https:\/\/mis.dk\/#website"},"primaryImageOfPage":{"@id":"https:\/\/mis.dk\/sortering\/vindsigtning\/#primaryimage"},"image":{"@id":"https:\/\/mis.dk\/sortering\/vindsigtning\/#primaryimage"},"thumbnailUrl":"https:\/\/mis.dk\/wp-content\/uploads\/2018\/01\/MIS_Vindsigtning.jpg","datePublished":"2018-01-03T06:57:38+00:00","dateModified":"2024-12-06T12:59:06+00:00","description":"Vindsigtning for en renere f\u00e6rdigvare og bedre sortering. Vores knuseanl\u00e6g har integreret vindsigte, der frasorterer u\u00f8nskede dele. Se alle fordelene her","breadcrumb":{"@id":"https:\/\/mis.dk\/sortering\/vindsigtning\/#breadcrumb"},"inLanguage":"sv-SE","potentialAction":[{"@type":"ReadAction","target":["https:\/\/mis.dk\/sortering\/vindsigtning\/"]}]},{"@type":"ImageObject","inLanguage":"sv-SE","@id":"https:\/\/mis.dk\/sortering\/vindsigtning\/#primaryimage","url":"https:\/\/mis.dk\/wp-content\/uploads\/2018\/01\/MIS_Vindsigtning.jpg","contentUrl":"https:\/\/mis.dk\/wp-content\/uploads\/2018\/01\/MIS_Vindsigtning.jpg","width":1920,"height":550,"caption":"Vindsigtning"},{"@type":"BreadcrumbList","@id":"https:\/\/mis.dk\/sortering\/vindsigtning\/#breadcrumb","itemListElement":[{"@type":"ListItem","position":1,"name":"Hjem","item":"https:\/\/mis.dk\/"},{"@type":"ListItem","position":2,"name":"Sortering","item":"https:\/\/mis.dk\/sortering\/"},{"@type":"ListItem","position":3,"name":"Vindsigtning"}]},{"@type":"WebSite","@id":"https:\/\/mis.dk\/#website","url":"https:\/\/mis.dk\/","name":"MIS Recycling","description":"GENANVENDELSE ER SUND FORNUFT OG GOD \u00d8KONOMI","publisher":{"@id":"https:\/\/mis.dk\/#organization"},"potentialAction":[{"@type":"SearchAction","target":{"@type":"EntryPoint","urlTemplate":"https:\/\/mis.dk\/?s={search_term_string}"},"query-input":{"@type":"PropertyValueSpecification","valueRequired":true,"valueName":"search_term_string"}}],"inLanguage":"sv-SE"},{"@type":"Organization","@id":"https:\/\/mis.dk\/#organization","name":"MIS Recycling","url":"https:\/\/mis.dk\/","logo":{"@type":"ImageObject","inLanguage":"sv-SE","@id":"https:\/\/mis.dk\/#\/schema\/logo\/image\/","url":"https:\/\/mis.dk\/wp-content\/uploads\/2022\/07\/mis-logo.png","contentUrl":"https:\/\/mis.dk\/wp-content\/uploads\/2022\/07\/mis-logo.png","width":110,"height":78,"caption":"MIS Recycling"},"image":{"@id":"https:\/\/mis.dk\/#\/schema\/logo\/image\/"}}]}},"_links":{"self":[{"href":"https:\/\/mis.dk\/sv\/wp-json\/wp\/v2\/pages\/116","targetHints":{"allow":["GET"]}}],"collection":[{"href":"https:\/\/mis.dk\/sv\/wp-json\/wp\/v2\/pages"}],"about":[{"href":"https:\/\/mis.dk\/sv\/wp-json\/wp\/v2\/types\/page"}],"author":[{"embeddable":true,"href":"https:\/\/mis.dk\/sv\/wp-json\/wp\/v2\/users\/12"}],"replies":[{"embeddable":true,"href":"https:\/\/mis.dk\/sv\/wp-json\/wp\/v2\/comments?post=116"}],"version-history":[{"count":41,"href":"https:\/\/mis.dk\/sv\/wp-json\/wp\/v2\/pages\/116\/revisions"}],"predecessor-version":[{"id":6242,"href":"https:\/\/mis.dk\/sv\/wp-json\/wp\/v2\/pages\/116\/revisions\/6242"}],"up":[{"embeddable":true,"href":"https:\/\/mis.dk\/sv\/wp-json\/wp\/v2\/pages\/2312"}],"wp:featuredmedia":[{"embeddable":true,"href":"https:\/\/mis.dk\/sv\/wp-json\/wp\/v2\/media\/2767"}],"wp:attachment":[{"href":"https:\/\/mis.dk\/sv\/wp-json\/wp\/v2\/media?parent=116"}],"curies":[{"name":"wp","href":"https:\/\/api.w.org\/{rel}","templated":true}]}}