{"id":112,"date":"2018-01-03T07:57:17","date_gmt":"2018-01-03T06:57:17","guid":{"rendered":"http:\/\/mis.dk\/?page_id=112"},"modified":"2024-12-06T13:57:40","modified_gmt":"2024-12-06T12:57:40","slug":"stoejmaalingsrapporter","status":"publish","type":"page","link":"https:\/\/mis.dk\/sv\/knusning\/stoejmaalingsrapporter\/","title":{"rendered":"Bullerm\u00e4trapporter"},"content":{"rendered":"<div data-elementor-type=\"wp-page\" data-elementor-id=\"112\" class=\"elementor elementor-112\" data-elementor-post-type=\"page\">\n\t\t\t\t\t\t<section class=\"elementor-section elementor-top-section elementor-element elementor-element-b651575 elementor-section-boxed elementor-section-height-default elementor-section-height-default\" data-id=\"b651575\" data-element_type=\"section\" data-settings=\"{&quot;background_background&quot;:&quot;classic&quot;}\">\n\t\t\t\t\t\t\t<div class=\"elementor-background-overlay\"><\/div>\n\t\t\t\t\t\t\t<div class=\"elementor-container elementor-column-gap-default\">\n\t\t\t\t\t<div class=\"elementor-column elementor-col-100 elementor-top-column elementor-element elementor-element-407ae16\" data-id=\"407ae16\" data-element_type=\"column\">\n\t\t\t<div class=\"elementor-widget-wrap elementor-element-populated\">\n\t\t\t\t\t\t<section class=\"elementor-section elementor-inner-section elementor-element elementor-element-087a9bf elementor-section-boxed elementor-section-height-default elementor-section-height-default\" data-id=\"087a9bf\" data-element_type=\"section\">\n\t\t\t\t\t\t<div class=\"elementor-container elementor-column-gap-default\">\n\t\t\t\t\t<div class=\"elementor-column elementor-col-50 elementor-inner-column elementor-element elementor-element-ed3cb14\" data-id=\"ed3cb14\" data-element_type=\"column\">\n\t\t\t<div class=\"elementor-widget-wrap elementor-element-populated\">\n\t\t\t\t\t\t<div class=\"elementor-element elementor-element-bd927cb elementor-widget elementor-widget-breadcrumbs\" data-id=\"bd927cb\" data-element_type=\"widget\" data-widget_type=\"breadcrumbs.default\">\n\t\t\t\t<div class=\"elementor-widget-container\">\n\t\t\t\t\t<p id=\"breadcrumbs\"><span><span><a href=\"https:\/\/mis.dk\/sv\/\">Hem<\/a><\/span><\/span><\/p>\t\t\t\t<\/div>\n\t\t\t\t<\/div>\n\t\t\t\t<div class=\"elementor-element elementor-element-86c701a elementor-widget elementor-widget-heading\" data-id=\"86c701a\" data-element_type=\"widget\" data-widget_type=\"heading.default\">\n\t\t\t\t<div class=\"elementor-widget-container\">\n\t\t\t\t\t<h1 class=\"elementor-heading-title elementor-size-default\">BULLM\u00c4TNINGSRAPPORTER<\/h1>\t\t\t\t<\/div>\n\t\t\t\t<\/div>\n\t\t\t\t\t<\/div>\n\t\t<\/div>\n\t\t\t\t<div class=\"elementor-column elementor-col-50 elementor-inner-column elementor-element elementor-element-fde6258\" data-id=\"fde6258\" data-element_type=\"column\">\n\t\t\t<div class=\"elementor-widget-wrap\">\n\t\t\t\t\t\t\t<\/div>\n\t\t<\/div>\n\t\t\t\t\t<\/div>\n\t\t<\/section>\n\t\t\t\t\t<\/div>\n\t\t<\/div>\n\t\t\t\t\t<\/div>\n\t\t<\/section>\n\t\t\t\t<section class=\"elementor-section elementor-top-section elementor-element elementor-element-ca34670 elementor-section-boxed elementor-section-height-default elementor-section-height-default\" data-id=\"ca34670\" data-element_type=\"section\" data-settings=\"{&quot;background_background&quot;:&quot;classic&quot;}\">\n\t\t\t\t\t\t\t<div class=\"elementor-background-overlay\"><\/div>\n\t\t\t\t\t\t\t<div class=\"elementor-container elementor-column-gap-default\">\n\t\t\t\t\t<div class=\"elementor-column elementor-col-100 elementor-top-column elementor-element elementor-element-3abd828\" data-id=\"3abd828\" data-element_type=\"column\">\n\t\t\t<div class=\"elementor-widget-wrap elementor-element-populated\">\n\t\t\t\t\t\t<section class=\"elementor-section elementor-inner-section elementor-element elementor-element-db14605 elementor-section-boxed elementor-section-height-default elementor-section-height-default\" data-id=\"db14605\" data-element_type=\"section\">\n\t\t\t\t\t\t<div class=\"elementor-container elementor-column-gap-default\">\n\t\t\t\t\t<div class=\"elementor-column elementor-col-50 elementor-inner-column elementor-element elementor-element-2b9de99\" data-id=\"2b9de99\" data-element_type=\"column\">\n\t\t\t<div class=\"elementor-widget-wrap elementor-element-populated\">\n\t\t\t\t\t\t<div class=\"elementor-element elementor-element-f8758b9 elementor-widget elementor-widget-text-editor\" data-id=\"f8758b9\" data-element_type=\"widget\" data-widget_type=\"text-editor.default\">\n\t\t\t\t<div class=\"elementor-widget-container\">\n\t\t\t\t\t\t\t\t\t<p><strong>H\u00e4mta bullerm\u00e4trapporter (pdf) fr\u00e5n v\u00e5ra krossningsanl\u00e4ggningar h\u00e4r.<\/strong><\/p><p>Om du har fr\u00e5gor om buller och milj\u00f6belastning kan du kontakta oss<a href=\"tel: 57 80 80 83\"> 57 80 80 83<\/a> eller p\u00e5 <a href=\"mailto:info@mis.dk\">info@mis.dk<\/a>.<\/p><p><strong>St\u00f8jm\u00e5lingsrapport<\/strong><\/p><p><a href=\"https:\/\/mis.dk\/wp-content\/uploads\/2024\/06\/Larmpegelmessung_MR130-EVO2-mit-Larmschutz_de.pdf\" target=\"_blank\" rel=\"noopener\">Kleemann MR z \u00a0Evo 2si<\/a><\/p>\t\t\t\t\t\t\t\t<\/div>\n\t\t\t\t<\/div>\n\t\t\t\t\t<\/div>\n\t\t<\/div>\n\t\t\t\t<div class=\"elementor-column elementor-col-50 elementor-inner-column elementor-element elementor-element-c9fa465\" data-id=\"c9fa465\" data-element_type=\"column\">\n\t\t\t<div class=\"elementor-widget-wrap elementor-element-populated\">\n\t\t\t\t\t\t<div class=\"elementor-element elementor-element-5872a82 elementor-widget elementor-widget-heading\" data-id=\"5872a82\" data-element_type=\"widget\" data-widget_type=\"heading.default\">\n\t\t\t\t<div class=\"elementor-widget-container\">\n\t\t\t\t\t<h5 class=\"elementor-heading-title elementor-size-default\">Letar efter n\u00e5gonting?<\/h5>\t\t\t\t<\/div>\n\t\t\t\t<\/div>\n\t\t\t\t<div class=\"elementor-element elementor-element-7770058 elementor-icon-list--layout-traditional elementor-list-item-link-full_width elementor-widget elementor-widget-icon-list\" data-id=\"7770058\" data-element_type=\"widget\" data-widget_type=\"icon-list.default\">\n\t\t\t\t<div class=\"elementor-widget-container\">\n\t\t\t\t\t\t\t<ul class=\"elementor-icon-list-items\">\n\t\t\t\t\t\t\t<li class=\"elementor-icon-list-item\">\n\t\t\t\t\t\t\t\t\t\t\t<a href=\"https:\/\/mis.dk\/sv\/knusning\/\">\n\n\t\t\t\t\t\t\t\t\t\t\t\t<span class=\"elementor-icon-list-icon\">\n\t\t\t\t\t\t\t<svg aria-hidden=\"true\" class=\"e-font-icon-svg e-fas-caret-right\" viewbox=\"0 0 192 512\" xmlns=\"http:\/\/www.w3.org\/2000\/svg\"><path d=\"M0 384.662V127.338c0-17.818 21.543-26.741 34.142-14.142l128.662 128.662c7.81 7.81 7.81 20.474 0 28.284L34.142 398.804C21.543 411.404 0 402.48 0 384.662z\"><\/path><\/svg>\t\t\t\t\t\t<\/span>\n\t\t\t\t\t\t\t\t\t\t<span class=\"elementor-icon-list-text\">Krossning<\/span>\n\t\t\t\t\t\t\t\t\t\t\t<\/a>\n\t\t\t\t\t\t\t\t\t<\/li>\n\t\t\t\t\t\t\t\t<li class=\"elementor-icon-list-item\">\n\t\t\t\t\t\t\t\t\t\t\t<a href=\"https:\/\/mis.dk\/sv\/knusning\/kaebe-og-kegleknusere-til-grusgrave\/\">\n\n\t\t\t\t\t\t\t\t\t\t\t\t<span class=\"elementor-icon-list-icon\">\n\t\t\t\t\t\t\t<svg aria-hidden=\"true\" class=\"e-font-icon-svg e-fas-caret-right\" viewbox=\"0 0 192 512\" xmlns=\"http:\/\/www.w3.org\/2000\/svg\"><path d=\"M0 384.662V127.338c0-17.818 21.543-26.741 34.142-14.142l128.662 128.662c7.81 7.81 7.81 20.474 0 28.284L34.142 398.804C21.543 411.404 0 402.48 0 384.662z\"><\/path><\/svg>\t\t\t\t\t\t<\/span>\n\t\t\t\t\t\t\t\t\t\t<span class=\"elementor-icon-list-text\">Krossning i grustag<\/span>\n\t\t\t\t\t\t\t\t\t\t\t<\/a>\n\t\t\t\t\t\t\t\t\t<\/li>\n\t\t\t\t\t\t\t\t<li class=\"elementor-icon-list-item\">\n\t\t\t\t\t\t\t\t\t\t\t<a href=\"https:\/\/mis.dk\/sv\/knusning\/nedknusningsfraktioner\/\">\n\n\t\t\t\t\t\t\t\t\t\t\t\t<span class=\"elementor-icon-list-icon\">\n\t\t\t\t\t\t\t<svg aria-hidden=\"true\" class=\"e-font-icon-svg e-fas-caret-right\" viewbox=\"0 0 192 512\" xmlns=\"http:\/\/www.w3.org\/2000\/svg\"><path d=\"M0 384.662V127.338c0-17.818 21.543-26.741 34.142-14.142l128.662 128.662c7.81 7.81 7.81 20.474 0 28.284L34.142 398.804C21.543 411.404 0 402.48 0 384.662z\"><\/path><\/svg>\t\t\t\t\t\t<\/span>\n\t\t\t\t\t\t\t\t\t\t<span class=\"elementor-icon-list-text\">Krossningsfaktioner<\/span>\n\t\t\t\t\t\t\t\t\t\t\t<\/a>\n\t\t\t\t\t\t\t\t\t<\/li>\n\t\t\t\t\t\t\t\t<li class=\"elementor-icon-list-item\">\n\t\t\t\t\t\t\t\t\t\t\t<a href=\"https:\/\/mis.dk\/sv\/knusning\/stoejmaalingsrapporter\/\">\n\n\t\t\t\t\t\t\t\t\t\t\t\t<span class=\"elementor-icon-list-icon\">\n\t\t\t\t\t\t\t<svg aria-hidden=\"true\" class=\"e-font-icon-svg e-fas-caret-right\" viewbox=\"0 0 192 512\" xmlns=\"http:\/\/www.w3.org\/2000\/svg\"><path d=\"M0 384.662V127.338c0-17.818 21.543-26.741 34.142-14.142l128.662 128.662c7.81 7.81 7.81 20.474 0 28.284L34.142 398.804C21.543 411.404 0 402.48 0 384.662z\"><\/path><\/svg>\t\t\t\t\t\t<\/span>\n\t\t\t\t\t\t\t\t\t\t<span class=\"elementor-icon-list-text\">Bullerm\u00e4trapporter<\/span>\n\t\t\t\t\t\t\t\t\t\t\t<\/a>\n\t\t\t\t\t\t\t\t\t<\/li>\n\t\t\t\t\t\t\t\t<li class=\"elementor-icon-list-item\">\n\t\t\t\t\t\t\t\t\t\t\t<a href=\"https:\/\/mis.dk\/sv\/railservice\/\">\n\n\t\t\t\t\t\t\t\t\t\t\t\t<span class=\"elementor-icon-list-icon\">\n\t\t\t\t\t\t\t<svg aria-hidden=\"true\" class=\"e-font-icon-svg e-fas-caret-right\" viewbox=\"0 0 192 512\" xmlns=\"http:\/\/www.w3.org\/2000\/svg\"><path d=\"M0 384.662V127.338c0-17.818 21.543-26.741 34.142-14.142l128.662 128.662c7.81 7.81 7.81 20.474 0 28.284L34.142 398.804C21.543 411.404 0 402.48 0 384.662z\"><\/path><\/svg>\t\t\t\t\t\t<\/span>\n\t\t\t\t\t\t\t\t\t\t<span class=\"elementor-icon-list-text\">J\u00e4rnv\u00e4gstj\u00e4nst<\/span>\n\t\t\t\t\t\t\t\t\t\t\t<\/a>\n\t\t\t\t\t\t\t\t\t<\/li>\n\t\t\t\t\t\t<\/ul>\n\t\t\t\t\t\t<\/div>\n\t\t\t\t<\/div>\n\t\t\t\t\t<\/div>\n\t\t<\/div>\n\t\t\t\t\t<\/div>\n\t\t<\/section>\n\t\t\t\t\t<\/div>\n\t\t<\/div>\n\t\t\t\t\t<\/div>\n\t\t<\/section>\n\t\t\t\t<\/div>","protected":false},"excerpt":{"rendered":"<p>ST\u00d8JM\u00c5LINGSRAPPORTER Download st\u00f8jm\u00e5lingsrapporter (pdf) p\u00e5 vores knuseanl\u00e6g her. Har du sp\u00f8rgsm\u00e5l til st\u00f8j og milj\u00f8belastning s\u00e5 kontakt os p\u00e5 57 80 80 83 eller p\u00e5 info@mis.dk. St\u00f8jm\u00e5lingsrapport Kleemann MR z \u00a0Evo 2si Leder du efter noget? Knusning Knusning i grusgrave Nedknusningsfraktioner St\u00f8jm\u00e5lingsrapporter Railservice<\/p>","protected":false},"author":12,"featured_media":2761,"parent":198,"menu_order":0,"comment_status":"closed","ping_status":"closed","template":"","meta":{"iawp_total_views":135,"footnotes":""},"class_list":["post-112","page","type-page","status-publish","has-post-thumbnail","hentry"],"yoast_head":"<!-- This site is optimized with the Yoast SEO plugin v24.1 - https:\/\/yoast.com\/wordpress\/plugins\/seo\/ -->\n<title>St\u00f8jm\u00e5lingsrapport - MIS Recycling<\/title>\n<meta name=\"description\" content=\"Har du sp\u00f8rgsm\u00e5l til st\u00f8jm\u00e5lingsrapport af st\u00f8j og milj\u00f8belastning s\u00e5 kontakt os p\u00e5 57 80 80 83 eller p\u00e5 info@mis.dk.\" \/>\n<meta name=\"robots\" content=\"index, follow, max-snippet:-1, max-image-preview:large, max-video-preview:-1\" \/>\n<link rel=\"canonical\" href=\"https:\/\/mis.dk\/sv\/knusning\/stoejmaalingsrapporter\/\" \/>\n<meta property=\"og:locale\" content=\"sv_SE\" \/>\n<meta property=\"og:type\" content=\"article\" \/>\n<meta property=\"og:title\" content=\"St\u00f8jm\u00e5lingsrapport - MIS Recycling\" \/>\n<meta property=\"og:description\" content=\"Har du sp\u00f8rgsm\u00e5l til st\u00f8jm\u00e5lingsrapport af st\u00f8j og milj\u00f8belastning s\u00e5 kontakt os p\u00e5 57 80 80 83 eller p\u00e5 info@mis.dk.\" \/>\n<meta property=\"og:url\" content=\"https:\/\/mis.dk\/sv\/knusning\/stoejmaalingsrapporter\/\" \/>\n<meta property=\"og:site_name\" content=\"MIS Recycling\" \/>\n<meta property=\"article:modified_time\" content=\"2024-12-06T12:57:40+00:00\" \/>\n<meta property=\"og:image\" content=\"https:\/\/mis.dk\/wp-content\/uploads\/2018\/01\/MIS_st\u00f8jma\u030alingsrapport.jpg\" \/>\n\t<meta property=\"og:image:width\" content=\"1920\" \/>\n\t<meta property=\"og:image:height\" content=\"550\" \/>\n\t<meta property=\"og:image:type\" content=\"image\/jpeg\" \/>\n<meta name=\"twitter:card\" content=\"summary_large_image\" \/>\n<meta name=\"twitter:label1\" content=\"Ber\u00e4knad l\u00e4stid\" \/>\n\t<meta name=\"twitter:data1\" content=\"1 minut\" \/>\n<script type=\"application\/ld+json\" class=\"yoast-schema-graph\">{\"@context\":\"https:\/\/schema.org\",\"@graph\":[{\"@type\":\"WebPage\",\"@id\":\"https:\/\/mis.dk\/knusning\/stoejmaalingsrapporter\/\",\"url\":\"https:\/\/mis.dk\/knusning\/stoejmaalingsrapporter\/\",\"name\":\"St\u00f8jm\u00e5lingsrapport - MIS Recycling\",\"isPartOf\":{\"@id\":\"https:\/\/mis.dk\/#website\"},\"primaryImageOfPage\":{\"@id\":\"https:\/\/mis.dk\/knusning\/stoejmaalingsrapporter\/#primaryimage\"},\"image\":{\"@id\":\"https:\/\/mis.dk\/knusning\/stoejmaalingsrapporter\/#primaryimage\"},\"thumbnailUrl\":\"https:\/\/mis.dk\/wp-content\/uploads\/2018\/01\/MIS_st\u00f8jma\u030alingsrapport.jpg\",\"datePublished\":\"2018-01-03T06:57:17+00:00\",\"dateModified\":\"2024-12-06T12:57:40+00:00\",\"description\":\"Har du sp\u00f8rgsm\u00e5l til st\u00f8jm\u00e5lingsrapport af st\u00f8j og milj\u00f8belastning s\u00e5 kontakt os p\u00e5 57 80 80 83 eller p\u00e5 info@mis.dk.\",\"breadcrumb\":{\"@id\":\"https:\/\/mis.dk\/knusning\/stoejmaalingsrapporter\/#breadcrumb\"},\"inLanguage\":\"sv-SE\",\"potentialAction\":[{\"@type\":\"ReadAction\",\"target\":[\"https:\/\/mis.dk\/knusning\/stoejmaalingsrapporter\/\"]}]},{\"@type\":\"ImageObject\",\"inLanguage\":\"sv-SE\",\"@id\":\"https:\/\/mis.dk\/knusning\/stoejmaalingsrapporter\/#primaryimage\",\"url\":\"https:\/\/mis.dk\/wp-content\/uploads\/2018\/01\/MIS_st\u00f8jma\u030alingsrapport.jpg\",\"contentUrl\":\"https:\/\/mis.dk\/wp-content\/uploads\/2018\/01\/MIS_st\u00f8jma\u030alingsrapport.jpg\",\"width\":1920,\"height\":550,\"caption\":\"st\u00f8jma\u030alingsrapport\"},{\"@type\":\"BreadcrumbList\",\"@id\":\"https:\/\/mis.dk\/knusning\/stoejmaalingsrapporter\/#breadcrumb\",\"itemListElement\":[{\"@type\":\"ListItem\",\"position\":1,\"name\":\"Hjem\",\"item\":\"https:\/\/mis.dk\/\"},{\"@type\":\"ListItem\",\"position\":2,\"name\":\"Knusning\",\"item\":\"https:\/\/mis.dk\/knusning\/\"},{\"@type\":\"ListItem\",\"position\":3,\"name\":\"St\u00f8jm\u00e5lingsrapporter\"}]},{\"@type\":\"WebSite\",\"@id\":\"https:\/\/mis.dk\/#website\",\"url\":\"https:\/\/mis.dk\/\",\"name\":\"MIS Recycling\",\"description\":\"GENANVENDELSE ER SUND FORNUFT OG GOD \u00d8KONOMI\",\"publisher\":{\"@id\":\"https:\/\/mis.dk\/#organization\"},\"potentialAction\":[{\"@type\":\"SearchAction\",\"target\":{\"@type\":\"EntryPoint\",\"urlTemplate\":\"https:\/\/mis.dk\/?s={search_term_string}\"},\"query-input\":{\"@type\":\"PropertyValueSpecification\",\"valueRequired\":true,\"valueName\":\"search_term_string\"}}],\"inLanguage\":\"sv-SE\"},{\"@type\":\"Organization\",\"@id\":\"https:\/\/mis.dk\/#organization\",\"name\":\"MIS Recycling\",\"url\":\"https:\/\/mis.dk\/\",\"logo\":{\"@type\":\"ImageObject\",\"inLanguage\":\"sv-SE\",\"@id\":\"https:\/\/mis.dk\/#\/schema\/logo\/image\/\",\"url\":\"https:\/\/mis.dk\/wp-content\/uploads\/2022\/07\/mis-logo.png\",\"contentUrl\":\"https:\/\/mis.dk\/wp-content\/uploads\/2022\/07\/mis-logo.png\",\"width\":110,\"height\":78,\"caption\":\"MIS Recycling\"},\"image\":{\"@id\":\"https:\/\/mis.dk\/#\/schema\/logo\/image\/\"}}]}<\/script>\n<!-- \/ Yoast SEO plugin. -->","yoast_head_json":{"title":"St\u00f8jm\u00e5lingsrapport - MIS Recycling","description":"Har du sp\u00f8rgsm\u00e5l til st\u00f8jm\u00e5lingsrapport af st\u00f8j og milj\u00f8belastning s\u00e5 kontakt os p\u00e5 57 80 80 83 eller p\u00e5 info@mis.dk.","robots":{"index":"index","follow":"follow","max-snippet":"max-snippet:-1","max-image-preview":"max-image-preview:large","max-video-preview":"max-video-preview:-1"},"canonical":"https:\/\/mis.dk\/sv\/knusning\/stoejmaalingsrapporter\/","og_locale":"sv_SE","og_type":"article","og_title":"St\u00f8jm\u00e5lingsrapport - MIS Recycling","og_description":"Har du sp\u00f8rgsm\u00e5l til st\u00f8jm\u00e5lingsrapport af st\u00f8j og milj\u00f8belastning s\u00e5 kontakt os p\u00e5 57 80 80 83 eller p\u00e5 info@mis.dk.","og_url":"https:\/\/mis.dk\/sv\/knusning\/stoejmaalingsrapporter\/","og_site_name":"MIS Recycling","article_modified_time":"2024-12-06T12:57:40+00:00","og_image":[{"width":1920,"height":550,"url":"https:\/\/mis.dk\/wp-content\/uploads\/2018\/01\/MIS_st\u00f8jma\u030alingsrapport.jpg","type":"image\/jpeg"}],"twitter_card":"summary_large_image","twitter_misc":{"Ber\u00e4knad l\u00e4stid":"1 minut"},"schema":{"@context":"https:\/\/schema.org","@graph":[{"@type":"WebPage","@id":"https:\/\/mis.dk\/knusning\/stoejmaalingsrapporter\/","url":"https:\/\/mis.dk\/knusning\/stoejmaalingsrapporter\/","name":"St\u00f8jm\u00e5lingsrapport - MIS Recycling","isPartOf":{"@id":"https:\/\/mis.dk\/#website"},"primaryImageOfPage":{"@id":"https:\/\/mis.dk\/knusning\/stoejmaalingsrapporter\/#primaryimage"},"image":{"@id":"https:\/\/mis.dk\/knusning\/stoejmaalingsrapporter\/#primaryimage"},"thumbnailUrl":"https:\/\/mis.dk\/wp-content\/uploads\/2018\/01\/MIS_st\u00f8jma\u030alingsrapport.jpg","datePublished":"2018-01-03T06:57:17+00:00","dateModified":"2024-12-06T12:57:40+00:00","description":"Har du sp\u00f8rgsm\u00e5l til st\u00f8jm\u00e5lingsrapport af st\u00f8j og milj\u00f8belastning s\u00e5 kontakt os p\u00e5 57 80 80 83 eller p\u00e5 info@mis.dk.","breadcrumb":{"@id":"https:\/\/mis.dk\/knusning\/stoejmaalingsrapporter\/#breadcrumb"},"inLanguage":"sv-SE","potentialAction":[{"@type":"ReadAction","target":["https:\/\/mis.dk\/knusning\/stoejmaalingsrapporter\/"]}]},{"@type":"ImageObject","inLanguage":"sv-SE","@id":"https:\/\/mis.dk\/knusning\/stoejmaalingsrapporter\/#primaryimage","url":"https:\/\/mis.dk\/wp-content\/uploads\/2018\/01\/MIS_st\u00f8jma\u030alingsrapport.jpg","contentUrl":"https:\/\/mis.dk\/wp-content\/uploads\/2018\/01\/MIS_st\u00f8jma\u030alingsrapport.jpg","width":1920,"height":550,"caption":"st\u00f8jma\u030alingsrapport"},{"@type":"BreadcrumbList","@id":"https:\/\/mis.dk\/knusning\/stoejmaalingsrapporter\/#breadcrumb","itemListElement":[{"@type":"ListItem","position":1,"name":"Hjem","item":"https:\/\/mis.dk\/"},{"@type":"ListItem","position":2,"name":"Knusning","item":"https:\/\/mis.dk\/knusning\/"},{"@type":"ListItem","position":3,"name":"St\u00f8jm\u00e5lingsrapporter"}]},{"@type":"WebSite","@id":"https:\/\/mis.dk\/#website","url":"https:\/\/mis.dk\/","name":"MIS Recycling","description":"GENANVENDELSE ER SUND FORNUFT OG GOD \u00d8KONOMI","publisher":{"@id":"https:\/\/mis.dk\/#organization"},"potentialAction":[{"@type":"SearchAction","target":{"@type":"EntryPoint","urlTemplate":"https:\/\/mis.dk\/?s={search_term_string}"},"query-input":{"@type":"PropertyValueSpecification","valueRequired":true,"valueName":"search_term_string"}}],"inLanguage":"sv-SE"},{"@type":"Organization","@id":"https:\/\/mis.dk\/#organization","name":"MIS Recycling","url":"https:\/\/mis.dk\/","logo":{"@type":"ImageObject","inLanguage":"sv-SE","@id":"https:\/\/mis.dk\/#\/schema\/logo\/image\/","url":"https:\/\/mis.dk\/wp-content\/uploads\/2022\/07\/mis-logo.png","contentUrl":"https:\/\/mis.dk\/wp-content\/uploads\/2022\/07\/mis-logo.png","width":110,"height":78,"caption":"MIS Recycling"},"image":{"@id":"https:\/\/mis.dk\/#\/schema\/logo\/image\/"}}]}},"_links":{"self":[{"href":"https:\/\/mis.dk\/sv\/wp-json\/wp\/v2\/pages\/112","targetHints":{"allow":["GET"]}}],"collection":[{"href":"https:\/\/mis.dk\/sv\/wp-json\/wp\/v2\/pages"}],"about":[{"href":"https:\/\/mis.dk\/sv\/wp-json\/wp\/v2\/types\/page"}],"author":[{"embeddable":true,"href":"https:\/\/mis.dk\/sv\/wp-json\/wp\/v2\/users\/12"}],"replies":[{"embeddable":true,"href":"https:\/\/mis.dk\/sv\/wp-json\/wp\/v2\/comments?post=112"}],"version-history":[{"count":45,"href":"https:\/\/mis.dk\/sv\/wp-json\/wp\/v2\/pages\/112\/revisions"}],"predecessor-version":[{"id":6236,"href":"https:\/\/mis.dk\/sv\/wp-json\/wp\/v2\/pages\/112\/revisions\/6236"}],"up":[{"embeddable":true,"href":"https:\/\/mis.dk\/sv\/wp-json\/wp\/v2\/pages\/198"}],"wp:featuredmedia":[{"embeddable":true,"href":"https:\/\/mis.dk\/sv\/wp-json\/wp\/v2\/media\/2761"}],"wp:attachment":[{"href":"https:\/\/mis.dk\/sv\/wp-json\/wp\/v2\/media?parent=112"}],"curies":[{"name":"wp","href":"https:\/\/api.w.org\/{rel}","templated":true}]}}